{"id":48230,"date":"2026-03-10T15:14:18","date_gmt":"2026-03-10T14:14:18","guid":{"rendered":"https:\/\/evowatt.ch\/produit\/goodwe-esa-125kw-261kwh\/"},"modified":"2026-03-10T15:14:18","modified_gmt":"2026-03-10T14:14:18","slug":"goodwe-esa-125kw-261kwh","status":"publish","type":"product","link":"https:\/\/evowatt.ch\/it\/produit\/goodwe-esa-125kw-261kwh\/","title":{"rendered":"GoodWe ESA 125kW\/261kWh"},"content":{"rendered":"<p>Sistema di accumulo di energia tutto in uno raffreddato a liquido per aziende e industrie con 125 kW\/261 kWh<br \/>\nCon un ingombro di 1,47 metri quadrati e una densit\u00e0 energetica di 177,6 kWh\/m2, \u00e8 ideale per siti con spazio limitato. L&#8217;ESA125\/261 \u00e8 dotata di celle al litio-ferro-fosfato (LFP) da 314 Ah di alta qualit\u00e0 con un sistema di raffreddamento avanzato che garantisce una distribuzione uniforme della temperatura nelle celle e nei pacchi batteria, anche in condizioni ambientali estreme. Sistema antincendio integrato per pannelli e batterie  <\/p>\n<p>Lo Smart Meter (GM330) non \u00e8 incluso nella fornitura e deve essere ordinato separatamente. Per il collegamento in parallelo di 2 o pi\u00f9 ESA \u00e8 necessario un SEC3000C. <\/p>\n<p>&#8211; Ora supporta fino a 20 unit\u00e0 che operano in parallelo (2,50 MW\/5,22 MWh)<br \/>\n&#8211; Diagnosi e previsione delle batterie assistite dall&#8217;intelligenza artificiale<br \/>\nminus<br \/>\nIl raffreddamento avanzato garantisce una distribuzione uniforme della temperatura tra le celle e i pacchi batteria, anche in condizioni ambientali estreme. Sistema antincendio integrato per pannelli e batterie <\/p>\n<p>Lo Smart Meter (GM330) non \u00e8 incluso nella fornitura e deve essere ordinato separatamente. Per il collegamento in parallelo di 2 o pi\u00f9 ESA \u00e8 necessario un SEC3000C. <\/p>\n<p>&#8211; Ora supporta fino a 20 unit\u00e0 che operano in parallelo (2,50 MW\/5,22 MWh)<br \/>\n&#8211; Diagnosi e previsione assistita dall&#8217;intelligenza artificiale delle condizioni della batteria<\/p>\n","protected":false},"excerpt":{"rendered":"<ul>\n<li><strong>Categoria<\/strong>: Sistemi AC<\/li>\n<li>Batteria commerciale<\/li>\n<li><strong>Capacit\u00e0 della batteria<\/strong>: 261,00 kWh<\/li>\n<li><strong>Garanzia del prodotto<\/strong>: 5 anni<\/li>\n<li><strong>Profondit\u00e0 di scarico<\/strong>: 100,00<\/li>\n<li><strong>Tecnologia della batteria<\/strong>: Fosfato di ferro di litio<\/li>\n<li><strong>Grado di protezione<\/strong>: IP54<\/li>\n<li><strong>Intervallo di temperatura<\/strong>: da -20\u00b0C a 55\u00b0C<\/li>\n<\/ul>\n","protected":false},"featured_media":48231,"template":"","meta":{"_acf_changed":false},"product_brand":[480],"product_cat":[369],"product_tag":[],"class_list":{"0":"post-48230","1":"product","2":"type-product","3":"status-publish","4":"has-post-thumbnail","6":"product_brand-goodwe-it-2","7":"product_cat-batterie","10":"first","11":"instock","12":"downloadable","13":"taxable","14":"shipping-taxable","15":"product-type-simple"},"acf":[],"_links":{"self":[{"href":"https:\/\/evowatt.ch\/it\/wp-json\/wp\/v2\/product\/48230","targetHints":{"allow":["GET"]}}],"collection":[{"href":"https:\/\/evowatt.ch\/it\/wp-json\/wp\/v2\/product"}],"about":[{"href":"https:\/\/evowatt.ch\/it\/wp-json\/wp\/v2\/types\/product"}],"version-history":[{"count":0,"href":"https:\/\/evowatt.ch\/it\/wp-json\/wp\/v2\/product\/48230\/revisions"}],"wp:featuredmedia":[{"embeddable":true,"href":"https:\/\/evowatt.ch\/it\/wp-json\/wp\/v2\/media\/48231"}],"wp:attachment":[{"href":"https:\/\/evowatt.ch\/it\/wp-json\/wp\/v2\/media?parent=48230"}],"wp:term":[{"taxonomy":"product_brand","embeddable":true,"href":"https:\/\/evowatt.ch\/it\/wp-json\/wp\/v2\/product_brand?post=48230"},{"taxonomy":"product_cat","embeddable":true,"href":"https:\/\/evowatt.ch\/it\/wp-json\/wp\/v2\/product_cat?post=48230"},{"taxonomy":"product_tag","embeddable":true,"href":"https:\/\/evowatt.ch\/it\/wp-json\/wp\/v2\/product_tag?post=48230"}],"curies":[{"name":"wp","href":"https:\/\/api.w.org\/{rel}","templated":true}]}}