{"id":47446,"date":"2026-03-10T14:40:56","date_gmt":"2026-03-10T13:40:56","guid":{"rendered":"https:\/\/evowatt.ch\/produit\/goodwe-ezlink-3000\/"},"modified":"2026-03-10T14:41:07","modified_gmt":"2026-03-10T13:41:07","slug":"goodwe-ezlink-3000","status":"publish","type":"product","link":"https:\/\/evowatt.ch\/it\/produit\/goodwe-ezlink-3000\/","title":{"rendered":"GoodWe Ezlink 3000"},"content":{"rendered":"<p>Per collegare in parallelo fino a 4 inverter ibridi GoodWe, tra cui la serie GoodWe GW6000-GW15K-ET-20, la serie GoodWe GW15-29.9K-ET e la serie GoodWe GW40-50K-ET.<br \/>\nPer utilizzare EzLink 3000, sono necessari almeno due inverter ibridi GoodWe.<\/p>\n<p>Tieni presente la compatibilit\u00e0 tra i diversi inverter ibridi!<br \/>\n&#8211; Nella serie GoodWe GW15-29.9K-ET \u00e8 possibile collegare in parallelo classi di potenza miste. &#8211; L&#8217;inverter ibrido pi\u00f9 potente \u00e8 dotato di EzLink 3000.<br \/>\n&#8211; Nella serie GoodWe GW40-50K-ET, solo gli inverter ibridi della stessa potenza possono essere collegati in parallelo<br \/>\nmeno<br \/>\nGoodWe GW15-29.9K-ET, le classi di potenza miste possono essere collegate in parallelo. &#8211; L&#8217;inverter ibrido pi\u00f9 potente \u00e8 dotato di EzLink 3000.<br \/>\n&#8211; Nella serie GoodWe GW40-50K-ET, solo gli inverter ibridi della stessa potenza possono essere collegati in parallelo.  <\/p>\n","protected":false},"excerpt":{"rendered":"<ul>\n<li><strong>Categoria<\/strong>: Supervisione\/Follow-up<\/li>\n<li><strong>Garanzia del prodotto<\/strong>: 2 anni<\/li>\n<li><strong>Lunghezza<\/strong>: 153 mm<\/li>\n<li><strong>Larghezza<\/strong>: 48 mm<\/li>\n<li><strong>spessore<\/strong>: 32 mm<\/li>\n<li><strong>peso<\/strong>: 0,130 kg<\/li>\n<\/ul>\n","protected":false},"featured_media":47447,"template":"","meta":{"_acf_changed":false},"product_brand":[480],"product_cat":[395],"product_tag":[],"class_list":{"0":"post-47446","1":"product","2":"type-product","3":"status-publish","4":"has-post-thumbnail","6":"product_brand-goodwe-it-2","7":"product_cat-accessoires-2-it-2","10":"first","11":"instock","12":"downloadable","13":"taxable","14":"shipping-taxable","15":"product-type-simple"},"acf":[],"_links":{"self":[{"href":"https:\/\/evowatt.ch\/it\/wp-json\/wp\/v2\/product\/47446","targetHints":{"allow":["GET"]}}],"collection":[{"href":"https:\/\/evowatt.ch\/it\/wp-json\/wp\/v2\/product"}],"about":[{"href":"https:\/\/evowatt.ch\/it\/wp-json\/wp\/v2\/types\/product"}],"version-history":[{"count":1,"href":"https:\/\/evowatt.ch\/it\/wp-json\/wp\/v2\/product\/47446\/revisions"}],"predecessor-version":[{"id":47449,"href":"https:\/\/evowatt.ch\/it\/wp-json\/wp\/v2\/product\/47446\/revisions\/47449"}],"wp:featuredmedia":[{"embeddable":true,"href":"https:\/\/evowatt.ch\/it\/wp-json\/wp\/v2\/media\/47447"}],"wp:attachment":[{"href":"https:\/\/evowatt.ch\/it\/wp-json\/wp\/v2\/media?parent=47446"}],"wp:term":[{"taxonomy":"product_brand","embeddable":true,"href":"https:\/\/evowatt.ch\/it\/wp-json\/wp\/v2\/product_brand?post=47446"},{"taxonomy":"product_cat","embeddable":true,"href":"https:\/\/evowatt.ch\/it\/wp-json\/wp\/v2\/product_cat?post=47446"},{"taxonomy":"product_tag","embeddable":true,"href":"https:\/\/evowatt.ch\/it\/wp-json\/wp\/v2\/product_tag?post=47446"}],"curies":[{"name":"wp","href":"https:\/\/api.w.org\/{rel}","templated":true}]}}