{"id":46827,"date":"2026-03-10T14:16:49","date_gmt":"2026-03-10T13:16:49","guid":{"rendered":"https:\/\/evowatt.ch\/produit\/microinverter-enphase-iq8x-80-m-int-384w-mc4\/"},"modified":"2026-03-10T14:17:02","modified_gmt":"2026-03-10T13:17:02","slug":"microinverter-enphase-iq8x-80-m-int-384w-mc4","status":"publish","type":"product","link":"https:\/\/evowatt.ch\/it\/produit\/microinverter-enphase-iq8x-80-m-int-384w-mc4\/","title":{"rendered":"Microinverter Enphase &#8211; IQ8X-80-M-INT (384W) MC4"},"content":{"rendered":"<p>L&#8217;ultima generazione di microinverter ad alte prestazioni di Enphase \u00e8 progettata per adattarsi ai pannelli fotovoltaici ad alta potenza.<br \/>\nI microinverter della serie IQ8 hanno i pi\u00f9 alti standard di produzione energetica e affidabilit\u00e0 del settore e soddisfano i pi\u00f9 severi standard di sicurezza grazie alla funzione di spegnimento rapido.<br \/>\nSono stati testati sotto tensione per oltre un milione di ore, ed \u00e8 per questo che Enphase pu\u00f2 offrire la migliore garanzia di 25 anni del settore quando sono collegati al Gateway IQ.<br \/>\nmeno<br \/>\nsono stati testati sotto tensione per oltre un milione di ore, ed \u00e8 per questo che Enphase \u00e8 in grado di offrire la migliore garanzia di 25 anni del settore quando viene collegato al Gateway IQ.<\/p>\n<p>I microinverter IQ8 non possono essere combinati con le generazioni precedenti di microinverter Enphase (IQ7 e precedenti) sullo stesso gateway IQ.<br \/>\nPer la configurazione e la messa in servizio con il Gateway Enphase, \u00e8 necessaria l&#8217;applicazione Enphase Installer &#8211; dalla versione 3.28.0.<br \/>\nIl rel\u00e8 Enphase Q \u00e8 necessario anche per garantire il dispositivo di separazione fisica (protezione della rete e dell&#8217;impianto).<br \/>\nAccessori:<br \/>\n105.195.090 Rel\u00e8 Enphase Q 1P-INT (monofase)<br \/>\n105.195.092 Rel\u00e8 Enphase Q 3P-INT (trifase)<br \/>\nmeno<br \/>\ndella rete e dell&#8217;installazione), \u00e8 necessario anche il rel\u00e8 Enphase Q.<br \/>\nAccessori:<br \/>\n105.195.090 Rel\u00e8 Enphase Q 1P-INT (monofase)<br \/>\n105.195.092 Enphase Relay Q 3P-INT (trifase)<\/p>\n","protected":false},"excerpt":{"rendered":"<ul>\n<li><strong>Categoria<\/strong>: Micro-inverter<\/li>\n<li><strong>collegamento alla rete<\/strong>: monofase, 230V<\/li>\n<li><strong>MPPT<\/strong>: 1<\/li>\n<li><strong>Ingresso MPPT<\/strong>: 1<\/li>\n<li><strong>Scaricatore di sovratensione DC<\/strong>: No<\/li>\n<li><strong>Parafulmine AC<\/strong>: No<\/li>\n<li><strong>Tipo di spina<\/strong>: St\u00e4ubli MC4<\/li>\n<li><strong>Sezionatore AC<\/strong>: No<\/li>\n<\/ul>\n","protected":false},"featured_media":46828,"template":"","meta":{"_acf_changed":false},"product_brand":[491],"product_cat":[331,147],"product_tag":[],"class_list":{"0":"post-46827","1":"product","2":"type-product","3":"status-publish","4":"has-post-thumbnail","6":"product_brand-enphase-it-2","7":"product_cat-inverter","8":"product_cat-onduleurs-et-convertisseurs","11":"first","12":"instock","13":"downloadable","14":"taxable","15":"shipping-taxable","16":"product-type-simple"},"acf":[],"_links":{"self":[{"href":"https:\/\/evowatt.ch\/it\/wp-json\/wp\/v2\/product\/46827","targetHints":{"allow":["GET"]}}],"collection":[{"href":"https:\/\/evowatt.ch\/it\/wp-json\/wp\/v2\/product"}],"about":[{"href":"https:\/\/evowatt.ch\/it\/wp-json\/wp\/v2\/types\/product"}],"version-history":[{"count":1,"href":"https:\/\/evowatt.ch\/it\/wp-json\/wp\/v2\/product\/46827\/revisions"}],"predecessor-version":[{"id":46830,"href":"https:\/\/evowatt.ch\/it\/wp-json\/wp\/v2\/product\/46827\/revisions\/46830"}],"wp:featuredmedia":[{"embeddable":true,"href":"https:\/\/evowatt.ch\/it\/wp-json\/wp\/v2\/media\/46828"}],"wp:attachment":[{"href":"https:\/\/evowatt.ch\/it\/wp-json\/wp\/v2\/media?parent=46827"}],"wp:term":[{"taxonomy":"product_brand","embeddable":true,"href":"https:\/\/evowatt.ch\/it\/wp-json\/wp\/v2\/product_brand?post=46827"},{"taxonomy":"product_cat","embeddable":true,"href":"https:\/\/evowatt.ch\/it\/wp-json\/wp\/v2\/product_cat?post=46827"},{"taxonomy":"product_tag","embeddable":true,"href":"https:\/\/evowatt.ch\/it\/wp-json\/wp\/v2\/product_tag?post=46827"}],"curies":[{"name":"wp","href":"https:\/\/api.w.org\/{rel}","templated":true}]}}