{"id":46796,"date":"2026-03-10T14:15:26","date_gmt":"2026-03-10T13:15:26","guid":{"rendered":"https:\/\/evowatt.ch\/produit\/batteria-enphase-iq-5p-con-flexphase\/"},"modified":"2026-03-10T14:15:26","modified_gmt":"2026-03-10T13:15:26","slug":"batteria-enphase-iq-5p-con-flexphase","status":"publish","type":"product","link":"https:\/\/evowatt.ch\/it\/produit\/batteria-enphase-iq-5p-con-flexphase\/","title":{"rendered":"Batteria Enphase IQ 5P con FlexPhase"},"content":{"rendered":"<p>IQ Battery 5P con FlexPhase \u00e8 un sistema CA all-in-one potente, affidabile, semplice e sicuro. La batteria pu\u00f2 essere utilizzata in modo flessibile in applicazioni monofase e trifase. Offre una capacit\u00e0 energetica totale utilizzabile di 5,0 kWh e comprende sei microinverter integrati IQ8T-BAT, che forniscono fino a 3,84 kVA di potenza continua in configurazione monofase e 1,28 kVA di potenza continua per fase in configurazione trifase.<br \/>\nIn combinazione con il controller di sistema Enphase IQ 3 INT, Enphase IQ Battery 5P pu\u00f2 essere utilizzato in modalit\u00e0 standby. In modalit\u00e0 standby, IQ Battery 5P pu\u00f2 essere ricaricato con i microinverter solari Enphase IQ7 o IQ8.<br \/>\nmeno<br \/>\npotenza continua in configurazione monofase e 1,28 kVA di potenza continua per fase in configurazione trifase.<br \/>\nIn combinazione con il controller di sistema Enphase IQ 3 INT, Enphase IQ Battery 5P pu\u00f2 essere utilizzato in modalit\u00e0 standby. In modalit\u00e0 standby, IQ Battery 5P pu\u00f2 essere ricaricata con i microinverter solari Enphase IQ7 o IQ8.    <\/p>\n<p>La certificazione \u00e8 obbligatoria per il sistema Enphase IQ Battery 5P!<br \/>\nhttps:\/\/university.enphase.com\/<\/p>\n","protected":false},"excerpt":{"rendered":"<ul>\n<li><strong>Categoria<\/strong>: Sistemi AC<\/li>\n<li><strong>Capacit\u00e0 della batteria<\/strong>: 5,00 kWh<\/li>\n<li><strong>Garanzia del prodotto<\/strong>: 15 anni<\/li>\n<li><strong>Tecnologia della batteria<\/strong>: Fosfato di ferro di litio<\/li>\n<li><strong>Grado di protezione<\/strong>: IP55<\/li>\n<li><strong>Intervallo di temperatura<\/strong>: da -20 \u00b0C a +55 \u00b0C<\/li>\n<li><strong>Lunghezza<\/strong>: 980 mm<\/li>\n<li><strong>Larghezza<\/strong>: 550 mm<\/li>\n<\/ul>\n","protected":false},"featured_media":46797,"template":"","meta":{"_acf_changed":false},"product_brand":[491],"product_cat":[369],"product_tag":[],"class_list":{"0":"post-46796","1":"product","2":"type-product","3":"status-publish","4":"has-post-thumbnail","6":"product_brand-enphase-it-2","7":"product_cat-batterie","10":"first","11":"instock","12":"downloadable","13":"taxable","14":"shipping-taxable","15":"product-type-simple"},"acf":[],"_links":{"self":[{"href":"https:\/\/evowatt.ch\/it\/wp-json\/wp\/v2\/product\/46796","targetHints":{"allow":["GET"]}}],"collection":[{"href":"https:\/\/evowatt.ch\/it\/wp-json\/wp\/v2\/product"}],"about":[{"href":"https:\/\/evowatt.ch\/it\/wp-json\/wp\/v2\/types\/product"}],"version-history":[{"count":0,"href":"https:\/\/evowatt.ch\/it\/wp-json\/wp\/v2\/product\/46796\/revisions"}],"wp:featuredmedia":[{"embeddable":true,"href":"https:\/\/evowatt.ch\/it\/wp-json\/wp\/v2\/media\/46797"}],"wp:attachment":[{"href":"https:\/\/evowatt.ch\/it\/wp-json\/wp\/v2\/media?parent=46796"}],"wp:term":[{"taxonomy":"product_brand","embeddable":true,"href":"https:\/\/evowatt.ch\/it\/wp-json\/wp\/v2\/product_brand?post=46796"},{"taxonomy":"product_cat","embeddable":true,"href":"https:\/\/evowatt.ch\/it\/wp-json\/wp\/v2\/product_cat?post=46796"},{"taxonomy":"product_tag","embeddable":true,"href":"https:\/\/evowatt.ch\/it\/wp-json\/wp\/v2\/product_tag?post=46796"}],"curies":[{"name":"wp","href":"https:\/\/api.w.org\/{rel}","templated":true}]}}