{"id":45871,"date":"2026-03-04T17:53:40","date_gmt":"2026-03-04T16:53:40","guid":{"rendered":"https:\/\/evowatt.ch\/produit\/byd-battery-box-premium-hvs-10-2\/"},"modified":"2026-03-04T17:53:40","modified_gmt":"2026-03-04T16:53:40","slug":"byd-battery-box-premium-hvs-10-2","status":"publish","type":"product","link":"https:\/\/evowatt.ch\/it\/produit\/byd-battery-box-premium-hvs-10-2\/","title":{"rendered":"BYD Battery-Box Premium HVS+ 10.2"},"content":{"rendered":"<p>Il Battery-Box Premium HVS+\/HVM+ \u00e8 composto da 2 a 5 moduli batteria HVS+ o da 3 a 8 moduli batteria HVM+, ciascuno collegato in serie. A seconda del modulo batteria utilizzato, \u00e8 possibile ottenere una capacit\u00e0 da 5,1 a 22,1 kWh.<br \/>\nIl sistema pu\u00f2 anche essere ampliato aggiungendo altri moduli HVS+\/HVM+ o torri HVS+\/HVM+ in parallelo.<br \/>\nGrazie alla regolazione automatica del SOC, non \u00e8 necessario un SOC comune quando si estende il pannello o si sostituisce un modulo batteria.<br \/>\nmeno <\/p>\n<p>A seconda del produttore dell&#8217;inverter ibrido, il numero di giri consentito pu\u00f2 variare.<br \/>\nSegui le istruzioni del produttore dell&#8217;inverter ibrido.<\/p>\n<p>Attualmente \u00e8 compatibile con Fronius Gen24 plus, Fronius Verto plus, Goodwe e Kostal. La compatibilit\u00e0 con i produttori di inverter ibridi \u00e8 in corso di definizione. <\/p>\n","protected":false},"excerpt":{"rendered":"<ul>\n<li><strong>Categoria<\/strong>: Batterie CC<\/li>\n<li><strong>Capacit\u00e0 della batteria<\/strong>: 10,24 kWh<\/li>\n<li><strong>Garanzia del prodotto<\/strong>: 10 anni<\/li>\n<li><strong>Profondit\u00e0 di scarico<\/strong>: 100,00<\/li>\n<li><strong>Tecnologia della batteria<\/strong>: Fosfato di ferro di litio<\/li>\n<li><strong>Grado di protezione<\/strong>: IP55<\/li>\n<li><strong>Intervallo di temperatura<\/strong>: da -10\u00b0C a +50\u00b0C<\/li>\n<li><strong>Tensione nominale DC<\/strong>: 409,60 V<\/li>\n<\/ul>\n","protected":false},"featured_media":45874,"template":"","meta":{"_acf_changed":false},"product_brand":[493],"product_cat":[369],"product_tag":[],"class_list":{"0":"post-45871","1":"product","2":"type-product","3":"status-publish","4":"has-post-thumbnail","6":"product_brand-byd-it","7":"product_cat-batterie","10":"first","11":"instock","12":"downloadable","13":"taxable","14":"shipping-taxable","15":"product-type-simple"},"acf":[],"_links":{"self":[{"href":"https:\/\/evowatt.ch\/it\/wp-json\/wp\/v2\/product\/45871","targetHints":{"allow":["GET"]}}],"collection":[{"href":"https:\/\/evowatt.ch\/it\/wp-json\/wp\/v2\/product"}],"about":[{"href":"https:\/\/evowatt.ch\/it\/wp-json\/wp\/v2\/types\/product"}],"version-history":[{"count":0,"href":"https:\/\/evowatt.ch\/it\/wp-json\/wp\/v2\/product\/45871\/revisions"}],"wp:featuredmedia":[{"embeddable":true,"href":"https:\/\/evowatt.ch\/it\/wp-json\/wp\/v2\/media\/45874"}],"wp:attachment":[{"href":"https:\/\/evowatt.ch\/it\/wp-json\/wp\/v2\/media?parent=45871"}],"wp:term":[{"taxonomy":"product_brand","embeddable":true,"href":"https:\/\/evowatt.ch\/it\/wp-json\/wp\/v2\/product_brand?post=45871"},{"taxonomy":"product_cat","embeddable":true,"href":"https:\/\/evowatt.ch\/it\/wp-json\/wp\/v2\/product_cat?post=45871"},{"taxonomy":"product_tag","embeddable":true,"href":"https:\/\/evowatt.ch\/it\/wp-json\/wp\/v2\/product_tag?post=45871"}],"curies":[{"name":"wp","href":"https:\/\/api.w.org\/{rel}","templated":true}]}}