{"id":45654,"date":"2026-03-04T17:44:22","date_gmt":"2026-03-04T16:44:22","guid":{"rendered":"https:\/\/evowatt.ch\/produit\/byd-battery-box-premium-hvb-8-9\/"},"modified":"2026-03-04T17:44:22","modified_gmt":"2026-03-04T16:44:22","slug":"byd-battery-box-premium-hvb-8-9","status":"publish","type":"product","link":"https:\/\/evowatt.ch\/it\/produit\/byd-battery-box-premium-hvb-8-9\/","title":{"rendered":"BYD Battery-Box Premium HVB 8.9"},"content":{"rendered":"<p>Una Battery-Box Premium HVB \u00e8 composta da 2 a 10 moduli batteria HVB collegati in serie per ottenere una capacit\u00e0 da 5,9 a 29,7 kWh.<br \/>\nCollegando in parallelo fino a 3 Battery-Box Premium HVB identici, puoi raggiungere una capacit\u00e0 massima di 89,1 kWh.<br \/>\nIl sistema pu\u00f2 poi essere ampliato aggiungendo altri moduli HVB o torri HVB in parallelo.<br \/>\nGrazie alla regolazione automatica del SOC, non c&#8217;\u00e8 bisogno di un SOC comune quando si estende il pannello o si sostituisce un modulo batteria.<br \/>\nmeno<\/p>\n<p>La BYD Combiner Box \u00e8 generalmente necessaria per l&#8217;installazione in parallelo di 2 o 3 torri HVB Premium Battery Box.<br \/>\nA seconda del produttore dell&#8217;inverter ibrido, il numero di giri consentito pu\u00f2 variare.<br \/>\nSegui le istruzioni del produttore dell&#8217;inverter ibrido.<\/p>\n<p>Attualmente \u00e8 compatibile con Fronius Verto e Kostal. L&#8217;ulteriore compatibilit\u00e0 con i produttori di inverter ibridi \u00e8 in fase di chiarimento.<br \/>\nless <\/p>\n","protected":false},"excerpt":{"rendered":"<ul>\n<li><strong>Categoria<\/strong>: Batterie CC<\/li>\n<li><strong>Capacit\u00e0 della batteria<\/strong>: 8,91 kWh<\/li>\n<li><strong>Garanzia del prodotto<\/strong>: 15 anni<\/li>\n<li><strong>Profondit\u00e0 di scarico<\/strong>: 100,00<\/li>\n<li><strong>Tecnologia della batteria<\/strong>: Fosfato di ferro di litio<\/li>\n<li><strong>Grado di protezione<\/strong>: IP55<\/li>\n<li><strong>Intervallo di temperatura<\/strong>: da -20 \u00b0C a +50 \u00b0C<\/li>\n<li><strong>Tensione nominale DC<\/strong>: 153,60 V<\/li>\n<\/ul>\n","protected":false},"featured_media":45657,"template":"","meta":{"_acf_changed":false},"product_brand":[493],"product_cat":[369],"product_tag":[],"class_list":{"0":"post-45654","1":"product","2":"type-product","3":"status-publish","4":"has-post-thumbnail","6":"product_brand-byd-it","7":"product_cat-batterie","10":"first","11":"instock","12":"downloadable","13":"taxable","14":"shipping-taxable","15":"product-type-simple"},"acf":[],"_links":{"self":[{"href":"https:\/\/evowatt.ch\/it\/wp-json\/wp\/v2\/product\/45654","targetHints":{"allow":["GET"]}}],"collection":[{"href":"https:\/\/evowatt.ch\/it\/wp-json\/wp\/v2\/product"}],"about":[{"href":"https:\/\/evowatt.ch\/it\/wp-json\/wp\/v2\/types\/product"}],"version-history":[{"count":0,"href":"https:\/\/evowatt.ch\/it\/wp-json\/wp\/v2\/product\/45654\/revisions"}],"wp:featuredmedia":[{"embeddable":true,"href":"https:\/\/evowatt.ch\/it\/wp-json\/wp\/v2\/media\/45657"}],"wp:attachment":[{"href":"https:\/\/evowatt.ch\/it\/wp-json\/wp\/v2\/media?parent=45654"}],"wp:term":[{"taxonomy":"product_brand","embeddable":true,"href":"https:\/\/evowatt.ch\/it\/wp-json\/wp\/v2\/product_brand?post=45654"},{"taxonomy":"product_cat","embeddable":true,"href":"https:\/\/evowatt.ch\/it\/wp-json\/wp\/v2\/product_cat?post=45654"},{"taxonomy":"product_tag","embeddable":true,"href":"https:\/\/evowatt.ch\/it\/wp-json\/wp\/v2\/product_tag?post=45654"}],"curies":[{"name":"wp","href":"https:\/\/api.w.org\/{rel}","templated":true}]}}