{"id":41328,"date":"2026-02-11T12:04:52","date_gmt":"2026-02-11T11:04:52","guid":{"rendered":"https:\/\/evowatt.ch\/produit\/insertionrail-20-30-nero-570m-2\/"},"modified":"2026-02-11T16:29:45","modified_gmt":"2026-02-11T15:29:45","slug":"insertionrail-20-30-nero-570m-2","status":"publish","type":"product","link":"https:\/\/evowatt.ch\/it\/produit\/insertionrail-20-30-nero-570m-2\/","title":{"rendered":"INSERTIONRAIL 2,0 30 NERO 5,70M"},"content":{"rendered":"<p>L&#8217;InsertionRail 2.0 \u00e8 progettato per il montaggio di moduli solari con un&#8217;altezza del telaio di 30 mm. \u00c8 adatto per il montaggio su tetti inclinati e facciate. Grazie ai CrossConnector 2.0, pu\u00f2 essere facilmente montato su qualsiasi guida di montaggio K2. Pu\u00f2 anche essere integrato direttamente nella BasicClip. Materiale: alluminio EN AW 6063 T66    <\/p>\n","protected":false},"excerpt":{"rendered":"<p>Adatto per il montaggio su tetti inclinati e facciate. Grazie ai CrossConnector 2.0, pu\u00f2 essere montato facilmente su qualsiasi guida di montaggio K2. Pu\u00f2 anche essere integrato direttamente nella BasicClip. Materiale: alluminio EN AW 6063 T66   <\/p>\n","protected":false},"featured_media":42626,"template":"","meta":{"_acf_changed":false},"product_brand":[616],"product_cat":[342],"product_tag":[],"class_list":{"0":"post-41328","1":"product","2":"type-product","3":"status-publish","4":"has-post-thumbnail","6":"product_brand-k2-it-2","7":"product_cat-sistemi-di-montaggio","10":"first","11":"onbackorder","12":"taxable","13":"shipping-taxable","14":"product-type-simple"},"acf":[],"_links":{"self":[{"href":"https:\/\/evowatt.ch\/it\/wp-json\/wp\/v2\/product\/41328","targetHints":{"allow":["GET"]}}],"collection":[{"href":"https:\/\/evowatt.ch\/it\/wp-json\/wp\/v2\/product"}],"about":[{"href":"https:\/\/evowatt.ch\/it\/wp-json\/wp\/v2\/types\/product"}],"version-history":[{"count":0,"href":"https:\/\/evowatt.ch\/it\/wp-json\/wp\/v2\/product\/41328\/revisions"}],"wp:featuredmedia":[{"embeddable":true,"href":"https:\/\/evowatt.ch\/it\/wp-json\/wp\/v2\/media\/42626"}],"wp:attachment":[{"href":"https:\/\/evowatt.ch\/it\/wp-json\/wp\/v2\/media?parent=41328"}],"wp:term":[{"taxonomy":"product_brand","embeddable":true,"href":"https:\/\/evowatt.ch\/it\/wp-json\/wp\/v2\/product_brand?post=41328"},{"taxonomy":"product_cat","embeddable":true,"href":"https:\/\/evowatt.ch\/it\/wp-json\/wp\/v2\/product_cat?post=41328"},{"taxonomy":"product_tag","embeddable":true,"href":"https:\/\/evowatt.ch\/it\/wp-json\/wp\/v2\/product_tag?post=41328"}],"curies":[{"name":"wp","href":"https:\/\/api.w.org\/{rel}","templated":true}]}}