{"id":38604,"date":"2026-02-10T21:30:17","date_gmt":"2026-02-10T20:30:17","guid":{"rendered":"https:\/\/evowatt.ch\/produit\/rf-pl-singlehook-fla-h35-144-75x4-su25\/"},"modified":"2026-02-10T21:30:17","modified_gmt":"2026-02-10T20:30:17","slug":"rf-pl-singlehook-fla-h35-144-75x4-su25","status":"publish","type":"product","link":"https:\/\/evowatt.ch\/it\/produit\/rf-pl-singlehook-fla-h35-144-75x4-su25\/","title":{"rendered":"RF PL SINGLEHOOK FLA H35\/144 75X4 (SU=25)"},"content":{"rendered":"<p>Il gancio K2 SingleHook FlatTile \u00e8 ideale per fissare gli elementi del sistema K2 ai tetti in tegole con copertura a coda di castoro. Il gancio per tetto \u00e8 dotato di un foro oblungo per il montaggio del SingleRail. La guida di montaggio K2 SingleRail viene fissata al SingleHook FlatTile con una vite a testa quadra M8x20 (6316477) e un dado flangiato M8 (6328732). Per ogni gancio per tetto sono necessarie due piastre metalliche (6356017 o 6356018). Con un&#8217;altezza complessiva di circa 144 mm e un braccio di 75&#215;4 mm, questo gancio da tetto \u00e8 la soluzione perfetta per fissare i componenti del sistema K2 in modo sicuro ed efficiente. Il gancio per tetto \u00e8 realizzato in Magnelis 1.0242 (S250GD+ZM310), cos\u00ec da ottenere un fissaggio durevole e di alta qualit\u00e0. Tradotto con DeepL.com (versione gratuita)      <\/p>\n","protected":false},"excerpt":{"rendered":"<p>Il gancio K2 SingleHook FlatTile \u00e8 ideale per fissare gli elementi del sistema K2 ai tetti in tegole con copertura a coda di castoro. Il gancio per tetto \u00e8 dotato di un foro oblungo per il montaggio del SingleRail. La guida di montaggio K2 SingleRail viene fissata al SingleHook FlatTile con una vite a testa [&hellip;]<\/p>\n","protected":false},"featured_media":0,"template":"","meta":{"_acf_changed":false},"product_brand":[],"product_cat":[15],"product_tag":[],"class_list":{"0":"post-38604","1":"product","2":"type-product","3":"status-publish","5":"product_cat-chauffage-et-climatisation","7":"first","8":"onbackorder","9":"taxable","10":"shipping-taxable","11":"product-type-simple"},"acf":[],"_links":{"self":[{"href":"https:\/\/evowatt.ch\/it\/wp-json\/wp\/v2\/product\/38604","targetHints":{"allow":["GET"]}}],"collection":[{"href":"https:\/\/evowatt.ch\/it\/wp-json\/wp\/v2\/product"}],"about":[{"href":"https:\/\/evowatt.ch\/it\/wp-json\/wp\/v2\/types\/product"}],"version-history":[{"count":0,"href":"https:\/\/evowatt.ch\/it\/wp-json\/wp\/v2\/product\/38604\/revisions"}],"wp:attachment":[{"href":"https:\/\/evowatt.ch\/it\/wp-json\/wp\/v2\/media?parent=38604"}],"wp:term":[{"taxonomy":"product_brand","embeddable":true,"href":"https:\/\/evowatt.ch\/it\/wp-json\/wp\/v2\/product_brand?post=38604"},{"taxonomy":"product_cat","embeddable":true,"href":"https:\/\/evowatt.ch\/it\/wp-json\/wp\/v2\/product_cat?post=38604"},{"taxonomy":"product_tag","embeddable":true,"href":"https:\/\/evowatt.ch\/it\/wp-json\/wp\/v2\/product_tag?post=38604"}],"curies":[{"name":"wp","href":"https:\/\/api.w.org\/{rel}","templated":true}]}}