{"id":38327,"date":"2026-02-10T21:35:08","date_gmt":"2026-02-10T20:35:08","guid":{"rendered":"https:\/\/evowatt.ch\/produit\/insertionrail-20-40-nero-570m\/"},"modified":"2026-02-10T21:35:08","modified_gmt":"2026-02-10T20:35:08","slug":"insertionrail-20-40-nero-570m","status":"publish","type":"product","link":"https:\/\/evowatt.ch\/it\/produit\/insertionrail-20-40-nero-570m\/","title":{"rendered":"INSERTIONRAIL 2,0 40 NERO 5,70M"},"content":{"rendered":"<p>L&#8217;InsertionRail 2.0 \u00e8 progettato per il montaggio di moduli solari con un&#8217;altezza del telaio di 40 mm. \u00c8 adatto per il montaggio su tetti inclinati e facciate. Grazie ai CrossConnector 2.0, pu\u00f2 essere facilmente montato su qualsiasi guida di montaggio K2. Pu\u00f2 anche essere integrato direttamente nella BasicClip. Materiale: alluminio EN AW 6063 T66    <\/p>\n","protected":false},"excerpt":{"rendered":"<p>Adatto per il montaggio su tetti inclinati e facciate. Grazie ai CrossConnector 2.0, pu\u00f2 essere montato facilmente su qualsiasi guida di montaggio K2. Pu\u00f2 anche essere integrato direttamente nella BasicClip. Materiale: alluminio EN AW 6063 T66   <\/p>\n","protected":false},"featured_media":0,"template":"","meta":{"_acf_changed":false},"product_brand":[],"product_cat":[15],"product_tag":[],"class_list":{"0":"post-38327","1":"product","2":"type-product","3":"status-publish","5":"product_cat-chauffage-et-climatisation","7":"first","8":"onbackorder","9":"taxable","10":"shipping-taxable","11":"product-type-simple"},"acf":[],"_links":{"self":[{"href":"https:\/\/evowatt.ch\/it\/wp-json\/wp\/v2\/product\/38327","targetHints":{"allow":["GET"]}}],"collection":[{"href":"https:\/\/evowatt.ch\/it\/wp-json\/wp\/v2\/product"}],"about":[{"href":"https:\/\/evowatt.ch\/it\/wp-json\/wp\/v2\/types\/product"}],"version-history":[{"count":0,"href":"https:\/\/evowatt.ch\/it\/wp-json\/wp\/v2\/product\/38327\/revisions"}],"wp:attachment":[{"href":"https:\/\/evowatt.ch\/it\/wp-json\/wp\/v2\/media?parent=38327"}],"wp:term":[{"taxonomy":"product_brand","embeddable":true,"href":"https:\/\/evowatt.ch\/it\/wp-json\/wp\/v2\/product_brand?post=38327"},{"taxonomy":"product_cat","embeddable":true,"href":"https:\/\/evowatt.ch\/it\/wp-json\/wp\/v2\/product_cat?post=38327"},{"taxonomy":"product_tag","embeddable":true,"href":"https:\/\/evowatt.ch\/it\/wp-json\/wp\/v2\/product_tag?post=38327"}],"curies":[{"name":"wp","href":"https:\/\/api.w.org\/{rel}","templated":true}]}}