{"id":38044,"date":"2026-02-10T21:25:02","date_gmt":"2026-02-10T20:25:02","guid":{"rendered":"https:\/\/evowatt.ch\/produit\/blackcover-singlerail-36-su16\/"},"modified":"2026-02-10T21:25:02","modified_gmt":"2026-02-10T20:25:02","slug":"blackcover-singlerail-36-su16","status":"publish","type":"product","link":"https:\/\/evowatt.ch\/it\/produit\/blackcover-singlerail-36-su16\/","title":{"rendered":"BLACKCOVER SINGLERAIL 36 (SU=16)"},"content":{"rendered":"<p>Il BlackCover, abbinato a un EndCap, permette di coprire di nero l&#8217;estremit\u00e0 sporgente del binario. Questo migliora l&#8217;estetica delle installazioni con moduli neri. Estremit\u00e0 nera del binario per SingleRail 36 e SingleRail 36 light Pu\u00f2 essere installato solo in combinazione con l&#8217;EndCap SingleRail. Il morsetto del modulo pu\u00f2 essere posizionato anche nell&#8217;area del BlackCover.   <\/p>\n","protected":false},"excerpt":{"rendered":"<p>Pu\u00f2 essere installato solo in combinazione con il tappo terminale per SingleRail 36 e SingleRail 36 light. Il morsetto del modulo pu\u00f2 essere posizionato anche nell&#8217;area del BlackCover. <\/p>\n","protected":false},"featured_media":0,"template":"","meta":{"_acf_changed":false},"product_brand":[],"product_cat":[15],"product_tag":[],"class_list":{"0":"post-38044","1":"product","2":"type-product","3":"status-publish","5":"product_cat-chauffage-et-climatisation","7":"first","8":"onbackorder","9":"taxable","10":"shipping-taxable","11":"product-type-simple"},"acf":[],"_links":{"self":[{"href":"https:\/\/evowatt.ch\/it\/wp-json\/wp\/v2\/product\/38044","targetHints":{"allow":["GET"]}}],"collection":[{"href":"https:\/\/evowatt.ch\/it\/wp-json\/wp\/v2\/product"}],"about":[{"href":"https:\/\/evowatt.ch\/it\/wp-json\/wp\/v2\/types\/product"}],"version-history":[{"count":0,"href":"https:\/\/evowatt.ch\/it\/wp-json\/wp\/v2\/product\/38044\/revisions"}],"wp:attachment":[{"href":"https:\/\/evowatt.ch\/it\/wp-json\/wp\/v2\/media?parent=38044"}],"wp:term":[{"taxonomy":"product_brand","embeddable":true,"href":"https:\/\/evowatt.ch\/it\/wp-json\/wp\/v2\/product_brand?post=38044"},{"taxonomy":"product_cat","embeddable":true,"href":"https:\/\/evowatt.ch\/it\/wp-json\/wp\/v2\/product_cat?post=38044"},{"taxonomy":"product_tag","embeddable":true,"href":"https:\/\/evowatt.ch\/it\/wp-json\/wp\/v2\/product_tag?post=38044"}],"curies":[{"name":"wp","href":"https:\/\/api.w.org\/{rel}","templated":true}]}}