{"id":38012,"date":"2026-02-10T21:23:53","date_gmt":"2026-02-10T20:23:53","guid":{"rendered":"https:\/\/evowatt.ch\/produit\/ac-terragrif-u17-su100\/"},"modified":"2026-02-10T21:23:53","modified_gmt":"2026-02-10T20:23:53","slug":"ac-terragrif-u17-su100","status":"publish","type":"product","link":"https:\/\/evowatt.ch\/it\/produit\/ac-terragrif-u17-su100\/","title":{"rendered":"AC TERRAGRIF U17 (SU=100)"},"content":{"rendered":"<p>Sono disponibili accessori di montaggio per il bilanciamento del potenziale dei sistemi di montaggio K2 o per la messa a terra dei telai dei moduli. Il TerraGrif K2U17 pu\u00f2 essere facilmente fissato alla parte inferiore del telaio del modulo ed \u00e8 compatibile con quasi tutti i tipi di moduli. Il materiale utilizzato \u00e8 l&#8217;acciaio inox 301 TA. Compatibile con l&#8217;InsertionRail K2. 2.0 (tetto inclinato e facciata)    <\/p>\n","protected":false},"excerpt":{"rendered":"<p>Il materiale utilizzato \u00e8 acciaio inox 301 TA. Compatibile con il sistema di montaggio K2 InsertionRail. 2.0 (tetto inclinato e facciata).  <\/p>\n","protected":false},"featured_media":0,"template":"","meta":{"_acf_changed":false},"product_brand":[],"product_cat":[15],"product_tag":[],"class_list":{"0":"post-38012","1":"product","2":"type-product","3":"status-publish","5":"product_cat-chauffage-et-climatisation","7":"first","8":"onbackorder","9":"taxable","10":"shipping-taxable","11":"product-type-simple"},"acf":[],"_links":{"self":[{"href":"https:\/\/evowatt.ch\/it\/wp-json\/wp\/v2\/product\/38012","targetHints":{"allow":["GET"]}}],"collection":[{"href":"https:\/\/evowatt.ch\/it\/wp-json\/wp\/v2\/product"}],"about":[{"href":"https:\/\/evowatt.ch\/it\/wp-json\/wp\/v2\/types\/product"}],"version-history":[{"count":0,"href":"https:\/\/evowatt.ch\/it\/wp-json\/wp\/v2\/product\/38012\/revisions"}],"wp:attachment":[{"href":"https:\/\/evowatt.ch\/it\/wp-json\/wp\/v2\/media?parent=38012"}],"wp:term":[{"taxonomy":"product_brand","embeddable":true,"href":"https:\/\/evowatt.ch\/it\/wp-json\/wp\/v2\/product_brand?post=38012"},{"taxonomy":"product_cat","embeddable":true,"href":"https:\/\/evowatt.ch\/it\/wp-json\/wp\/v2\/product_cat?post=38012"},{"taxonomy":"product_tag","embeddable":true,"href":"https:\/\/evowatt.ch\/it\/wp-json\/wp\/v2\/product_tag?post=38012"}],"curies":[{"name":"wp","href":"https:\/\/api.w.org\/{rel}","templated":true}]}}