{"id":30504,"date":"2025-10-01T10:21:10","date_gmt":"2025-10-01T08:21:10","guid":{"rendered":"https:\/\/evowatt.ch\/produit\/blackstar-bifacciale-con-cornice-in-vetro-vetro-435w-5\/"},"modified":"2025-10-01T10:21:10","modified_gmt":"2025-10-01T08:21:10","slug":"blackstar-bifacciale-con-cornice-in-vetro-vetro-435w-5","status":"publish","type":"product","link":"https:\/\/evowatt.ch\/it\/produit\/blackstar-bifacciale-con-cornice-in-vetro-vetro-435w-5\/","title":{"rendered":"BLACKSTAR BIFACCIALE CON CORNICE IN VETRO\/VETRO 435W"},"content":{"rendered":"<p>Inklusive Kabel (circa 120 cm) e MC4 EVO Stecksystem<br \/>\nStabiler eloxierter schwarzer Aluminiumrahmen<br \/>\nBifaziale Hochleistungs-Topcon-Solarzellen<br \/>\nAusf\u00fchrung mit 10 Busbars<br \/>\nGlasst\u00e4rke: 2 \u00d7 2 mm<br \/>\nHagelwiderstandsklasse HW 3 (<br \/>\nVKF Zertifikat<br \/>\n)<\/p>\n","protected":false},"excerpt":{"rendered":"<p>Inklusive Kabel (circa 120 cm) e MC4 EVO Stecksystem Stabiler eloxierter schwarzer Aluminiumrahmen Bifaziale Hochleistungs-Topcon-Solarzellen Ausf\u00fchrung mit 10 Busbars Glasst\u00e4rke: 2 \u00d7 2 mm Hagelwiderstandsklasse HW 3 ( VKF Zertifikat )<\/p>\n","protected":false},"featured_media":30444,"template":"","meta":{"_acf_changed":false},"product_brand":[],"product_cat":[15],"product_tag":[],"class_list":{"0":"post-30504","1":"product","2":"type-product","3":"status-publish","4":"has-post-thumbnail","6":"product_cat-chauffage-et-climatisation","9":"first","10":"instock","11":"downloadable","12":"virtual","13":"taxable","14":"product-type-simple"},"acf":[],"_links":{"self":[{"href":"https:\/\/evowatt.ch\/it\/wp-json\/wp\/v2\/product\/30504","targetHints":{"allow":["GET"]}}],"collection":[{"href":"https:\/\/evowatt.ch\/it\/wp-json\/wp\/v2\/product"}],"about":[{"href":"https:\/\/evowatt.ch\/it\/wp-json\/wp\/v2\/types\/product"}],"version-history":[{"count":0,"href":"https:\/\/evowatt.ch\/it\/wp-json\/wp\/v2\/product\/30504\/revisions"}],"wp:featuredmedia":[{"embeddable":true,"href":"https:\/\/evowatt.ch\/it\/wp-json\/wp\/v2\/media\/30444"}],"wp:attachment":[{"href":"https:\/\/evowatt.ch\/it\/wp-json\/wp\/v2\/media?parent=30504"}],"wp:term":[{"taxonomy":"product_brand","embeddable":true,"href":"https:\/\/evowatt.ch\/it\/wp-json\/wp\/v2\/product_brand?post=30504"},{"taxonomy":"product_cat","embeddable":true,"href":"https:\/\/evowatt.ch\/it\/wp-json\/wp\/v2\/product_cat?post=30504"},{"taxonomy":"product_tag","embeddable":true,"href":"https:\/\/evowatt.ch\/it\/wp-json\/wp\/v2\/product_tag?post=30504"}],"curies":[{"name":"wp","href":"https:\/\/api.w.org\/{rel}","templated":true}]}}