{"id":30064,"date":"2025-10-01T02:10:23","date_gmt":"2025-10-01T00:10:23","guid":{"rendered":"https:\/\/evowatt.ch\/produit\/vetro-solido-senza-cornice-vetro-435w-3\/"},"modified":"2025-10-01T02:10:34","modified_gmt":"2025-10-01T00:10:34","slug":"vetro-solido-senza-cornice-vetro-435w-3","status":"publish","type":"product","link":"https:\/\/evowatt.ch\/it\/produit\/vetro-solido-senza-cornice-vetro-435w-3\/","title":{"rendered":"VETRO SOLIDO SENZA CORNICE\/VETRO 435W"},"content":{"rendered":"<p>Inklusive Kabel (circa 120 cm) e MC4-EVO Stecksystem<br \/>\nTransparente, rahmenlose Ausf\u00fchrung<br \/>\nBifaziale Hochleistungs-Topcon-Solarzellen<br \/>\nGlasst\u00e4rke: 2 \u00d7 3,2 mm<br \/>\nZulassung f\u00fcr \u00dcberkopfverglasung<br \/>\nHagelwiderstklasse: HW 4 (<br \/>\nVKF Zertifikat<br \/>\n)<\/p>\n","protected":false},"excerpt":{"rendered":"<p>Inklusive Kabel (circa 120 cm) e MC4-EVO Stecksystem Transparente, rahmenlose Ausf\u00fchrung Bifaziale Hochleistungs-Topcon-Solarzellen Glasst\u00e4rke: 2 \u00d7 3,2 mm Zulassung f\u00fcr \u00dcberkopfverglasung Hagelwiderstklasse: HW 4 ( VKF Zertifikat )<\/p>\n","protected":false},"featured_media":29980,"template":"","meta":{"_acf_changed":false},"product_brand":[],"product_cat":[15],"product_tag":[],"class_list":{"0":"post-30064","1":"product","2":"type-product","3":"status-publish","4":"has-post-thumbnail","6":"product_cat-chauffage-et-climatisation","9":"first","10":"instock","11":"downloadable","12":"virtual","13":"taxable","14":"product-type-simple"},"acf":[],"_links":{"self":[{"href":"https:\/\/evowatt.ch\/it\/wp-json\/wp\/v2\/product\/30064","targetHints":{"allow":["GET"]}}],"collection":[{"href":"https:\/\/evowatt.ch\/it\/wp-json\/wp\/v2\/product"}],"about":[{"href":"https:\/\/evowatt.ch\/it\/wp-json\/wp\/v2\/types\/product"}],"version-history":[{"count":1,"href":"https:\/\/evowatt.ch\/it\/wp-json\/wp\/v2\/product\/30064\/revisions"}],"predecessor-version":[{"id":30065,"href":"https:\/\/evowatt.ch\/it\/wp-json\/wp\/v2\/product\/30064\/revisions\/30065"}],"wp:featuredmedia":[{"embeddable":true,"href":"https:\/\/evowatt.ch\/it\/wp-json\/wp\/v2\/media\/29980"}],"wp:attachment":[{"href":"https:\/\/evowatt.ch\/it\/wp-json\/wp\/v2\/media?parent=30064"}],"wp:term":[{"taxonomy":"product_brand","embeddable":true,"href":"https:\/\/evowatt.ch\/it\/wp-json\/wp\/v2\/product_brand?post=30064"},{"taxonomy":"product_cat","embeddable":true,"href":"https:\/\/evowatt.ch\/it\/wp-json\/wp\/v2\/product_cat?post=30064"},{"taxonomy":"product_tag","embeddable":true,"href":"https:\/\/evowatt.ch\/it\/wp-json\/wp\/v2\/product_tag?post=30064"}],"curies":[{"name":"wp","href":"https:\/\/api.w.org\/{rel}","templated":true}]}}