{"id":29854,"date":"2025-10-01T00:36:19","date_gmt":"2025-09-30T22:36:19","guid":{"rendered":"https:\/\/evowatt.ch\/produit\/vetro-solido-con-cornice-bifacciale-vetro-fullblack-435w\/"},"modified":"2025-10-01T00:36:30","modified_gmt":"2025-09-30T22:36:30","slug":"vetro-solido-con-cornice-bifacciale-vetro-fullblack-435w","status":"publish","type":"product","link":"https:\/\/evowatt.ch\/it\/produit\/vetro-solido-con-cornice-bifacciale-vetro-fullblack-435w\/","title":{"rendered":"VETRO SOLIDO CON CORNICE BIFACCIALE\/VETRO FULLBLACK 435W"},"content":{"rendered":"<p>Kabel (ca. 120 cm) e sistema MC4-EVO  Stabiler, eloxierter schwarzer Aluminiumrahmen  Fullblack Ausf\u00fchrung 120 cm) e MC4-EVO Stecksystem<br \/>\nStabiler, eloxierter schwarzer Aluminiumrahmen<br \/>\nFullblack Ausf\u00fchrung<br \/>\nBifaziale Hochleistungs-TOPCon-Solarzellen<br \/>\nGlasst\u00e4rke: 2 \u00d7 3,2 mm<br \/>\nZulassung f\u00fcr \u00dcberkopfverglasung<br \/>\nEntspricht der Brandverhaltensgruppe RF2 nach DIN EN 13501-1<br \/>\nHagelwiderstandsklasse: HW 5 (<br \/>\nVKF Zertifikat<br \/>\n)<\/p>\n","protected":false},"excerpt":{"rendered":"<p>Kabel (ca. 120 cm) e sistema MC4-EVO Stabiler, eloxierter schwarzer Aluminiumrahmen Fullblack Ausf\u00fchrung 120 cm) e MC4-EVO Stecksystem Stabiler, eloxierter schwarzer Aluminiumrahmen Fullblack Ausf\u00fchrung Bifaziale Hochleistungs-TOPCon-Solarzellen Glasst\u00e4rke: 2 \u00d7 3,2 mm Zulassung f\u00fcr \u00dcberkopfverglasung Entspricht der Brandverhaltensgruppe RF2 nach DIN EN 13501-1 Hagelwiderstandsklasse: HW 5 ( VKF Zertifikat )<\/p>\n","protected":false},"featured_media":29797,"template":"","meta":{"_acf_changed":false},"product_brand":[],"product_cat":[15],"product_tag":[],"class_list":{"0":"post-29854","1":"product","2":"type-product","3":"status-publish","4":"has-post-thumbnail","6":"product_cat-chauffage-et-climatisation","9":"first","10":"instock","11":"downloadable","12":"virtual","13":"taxable","14":"product-type-simple"},"acf":[],"_links":{"self":[{"href":"https:\/\/evowatt.ch\/it\/wp-json\/wp\/v2\/product\/29854","targetHints":{"allow":["GET"]}}],"collection":[{"href":"https:\/\/evowatt.ch\/it\/wp-json\/wp\/v2\/product"}],"about":[{"href":"https:\/\/evowatt.ch\/it\/wp-json\/wp\/v2\/types\/product"}],"version-history":[{"count":1,"href":"https:\/\/evowatt.ch\/it\/wp-json\/wp\/v2\/product\/29854\/revisions"}],"predecessor-version":[{"id":29855,"href":"https:\/\/evowatt.ch\/it\/wp-json\/wp\/v2\/product\/29854\/revisions\/29855"}],"wp:featuredmedia":[{"embeddable":true,"href":"https:\/\/evowatt.ch\/it\/wp-json\/wp\/v2\/media\/29797"}],"wp:attachment":[{"href":"https:\/\/evowatt.ch\/it\/wp-json\/wp\/v2\/media?parent=29854"}],"wp:term":[{"taxonomy":"product_brand","embeddable":true,"href":"https:\/\/evowatt.ch\/it\/wp-json\/wp\/v2\/product_brand?post=29854"},{"taxonomy":"product_cat","embeddable":true,"href":"https:\/\/evowatt.ch\/it\/wp-json\/wp\/v2\/product_cat?post=29854"},{"taxonomy":"product_tag","embeddable":true,"href":"https:\/\/evowatt.ch\/it\/wp-json\/wp\/v2\/product_tag?post=29854"}],"curies":[{"name":"wp","href":"https:\/\/api.w.org\/{rel}","templated":true}]}}