{"id":29403,"date":"2025-09-30T23:58:43","date_gmt":"2025-09-30T21:58:43","guid":{"rendered":"https:\/\/evowatt.ch\/produit\/vetro-massiccio-con-cornice-bifacciale-vetro-435w-2\/"},"modified":"2025-09-30T23:58:43","modified_gmt":"2025-09-30T21:58:43","slug":"vetro-massiccio-con-cornice-bifacciale-vetro-435w-2","status":"publish","type":"product","link":"https:\/\/evowatt.ch\/it\/produit\/vetro-massiccio-con-cornice-bifacciale-vetro-435w-2\/","title":{"rendered":"VETRO MASSICCIO CON CORNICE BIFACCIALE\/VETRO 435W"},"content":{"rendered":"<p>inklusive Kabel (circa 120 cm) e MC4 EVO Stecksystem<br \/>\nstabilerer eloxierter schwarzer Aluminiumrahmen<br \/>\ntransparente Ausf\u00fchrung<br \/>\nbifaziale Hochleistungs-Topcon-Solarzellen<br \/>\nGlasst\u00e4rke: 2x 3,2mm<br \/>\nZulassung f\u00fcr \u00dcberkopfverglasung<br \/>\nHagelwiderstandsklasse: HW 5 (<br \/>\nVKF Zertifikat<br \/>\n)<\/p>\n","protected":false},"excerpt":{"rendered":"<p>inklusive Kabel (circa 120 cm) e MC4 EVO Stecksystem stabilerer eloxierter schwarzer Aluminiumrahmen transparente Ausf\u00fchrung bifaziale Hochleistungs-Topcon-Solarzellen Glasst\u00e4rke: 2x 3,2mm Zulassung f\u00fcr \u00dcberkopfverglasung Hagelwiderstandsklasse: HW 5 ( VKF Zertifikat )<\/p>\n","protected":false},"featured_media":0,"template":"","meta":{"_acf_changed":false},"product_brand":[],"product_cat":[15],"product_tag":[],"class_list":{"0":"post-29403","1":"product","2":"type-product","3":"status-publish","5":"product_cat-chauffage-et-climatisation","7":"first","8":"instock","9":"downloadable","10":"virtual","11":"taxable","12":"product-type-simple"},"acf":[],"_links":{"self":[{"href":"https:\/\/evowatt.ch\/it\/wp-json\/wp\/v2\/product\/29403","targetHints":{"allow":["GET"]}}],"collection":[{"href":"https:\/\/evowatt.ch\/it\/wp-json\/wp\/v2\/product"}],"about":[{"href":"https:\/\/evowatt.ch\/it\/wp-json\/wp\/v2\/types\/product"}],"version-history":[{"count":0,"href":"https:\/\/evowatt.ch\/it\/wp-json\/wp\/v2\/product\/29403\/revisions"}],"wp:attachment":[{"href":"https:\/\/evowatt.ch\/it\/wp-json\/wp\/v2\/media?parent=29403"}],"wp:term":[{"taxonomy":"product_brand","embeddable":true,"href":"https:\/\/evowatt.ch\/it\/wp-json\/wp\/v2\/product_brand?post=29403"},{"taxonomy":"product_cat","embeddable":true,"href":"https:\/\/evowatt.ch\/it\/wp-json\/wp\/v2\/product_cat?post=29403"},{"taxonomy":"product_tag","embeddable":true,"href":"https:\/\/evowatt.ch\/it\/wp-json\/wp\/v2\/product_tag?post=29403"}],"curies":[{"name":"wp","href":"https:\/\/api.w.org\/{rel}","templated":true}]}}