{"id":29259,"date":"2025-09-30T15:44:42","date_gmt":"2025-09-30T13:44:42","guid":{"rendered":"https:\/\/evowatt.ch\/produit\/solido-solrif-full-black-435w-3232mm-solrif-d\/"},"modified":"2025-09-30T15:44:42","modified_gmt":"2025-09-30T13:44:42","slug":"solido-solrif-full-black-435w-3232mm-solrif-d","status":"publish","type":"product","link":"https:\/\/evowatt.ch\/it\/produit\/solido-solrif-full-black-435w-3232mm-solrif-d\/","title":{"rendered":"SOLIDO SOLRIF FULL BLACK 435W 3,2+3,2MM (SOLRIF D)"},"content":{"rendered":"<p>***Attenzione! A causa della durezza della vetrata, il modulo sar\u00e0 dotato di un modulo Solrif D. Dementsprechend m\u00fcssen andere Montageb\u00fcgel und Randabschlussprofile verwendet werden.***<br \/>\nInklusive Kabel (ca. 120 cm) e MC4 EVO Stecksystem<br \/>\nSchwarzer Solrif Aluminiumrahmen Solrif D<br \/>\nHochleistungs-Topcon-Solarzellen<br \/>\nGlasst\u00e4rke: 2 \u00d7 3,2 mm<br \/>\nHagelwiderstandsklasse: HW 5 (<br \/>\nVKF Zertifikat<br \/>\n)<\/p>\n","protected":false},"excerpt":{"rendered":"<p>***Attenzione! A causa della durezza della vetrata, il modulo sar\u00e0 dotato di un modulo Solrif D. Dementsprechend m\u00fcssen andere Montageb\u00fcgel und Randabschlussprofile verwendet werden.*** Inklusive Kabel (ca. 120 cm) e MC4 EVO Stecksystem Schwarzer Solrif Aluminiumrahmen Solrif D Hochleistungs-Topcon-Solarzellen Glasst\u00e4rke: 2 \u00d7 3,2 mm Hagelwiderstandsklasse: HW 5 ( VKF Zertifikat )<\/p>\n","protected":false},"featured_media":0,"template":"","meta":{"_acf_changed":false},"product_brand":[],"product_cat":[15],"product_tag":[],"class_list":{"0":"post-29259","1":"product","2":"type-product","3":"status-publish","5":"product_cat-chauffage-et-climatisation","7":"first","8":"instock","9":"virtual","10":"taxable","11":"product-type-simple"},"acf":[],"_links":{"self":[{"href":"https:\/\/evowatt.ch\/it\/wp-json\/wp\/v2\/product\/29259","targetHints":{"allow":["GET"]}}],"collection":[{"href":"https:\/\/evowatt.ch\/it\/wp-json\/wp\/v2\/product"}],"about":[{"href":"https:\/\/evowatt.ch\/it\/wp-json\/wp\/v2\/types\/product"}],"version-history":[{"count":0,"href":"https:\/\/evowatt.ch\/it\/wp-json\/wp\/v2\/product\/29259\/revisions"}],"wp:attachment":[{"href":"https:\/\/evowatt.ch\/it\/wp-json\/wp\/v2\/media?parent=29259"}],"wp:term":[{"taxonomy":"product_brand","embeddable":true,"href":"https:\/\/evowatt.ch\/it\/wp-json\/wp\/v2\/product_brand?post=29259"},{"taxonomy":"product_cat","embeddable":true,"href":"https:\/\/evowatt.ch\/it\/wp-json\/wp\/v2\/product_cat?post=29259"},{"taxonomy":"product_tag","embeddable":true,"href":"https:\/\/evowatt.ch\/it\/wp-json\/wp\/v2\/product_tag?post=29259"}],"curies":[{"name":"wp","href":"https:\/\/api.w.org\/{rel}","templated":true}]}}