{"id":29241,"date":"2025-09-30T15:38:34","date_gmt":"2025-09-30T13:38:34","guid":{"rendered":"https:\/\/evowatt.ch\/produit\/vetro-solido-agro-senza-cornice-vetro-tranparente-290\/"},"modified":"2025-09-30T15:38:53","modified_gmt":"2025-09-30T13:38:53","slug":"vetro-solido-agro-senza-cornice-vetro-tranparente-290","status":"publish","type":"product","link":"https:\/\/evowatt.ch\/it\/produit\/vetro-solido-agro-senza-cornice-vetro-tranparente-290\/","title":{"rendered":"VETRO SOLIDO AGRO SENZA CORNICE\/VETRO TRANPARENTE 290"},"content":{"rendered":"<p>inklusive Kabel (circa 120 cm) e MC4 EVO Stecksystem<br \/>\ntransparente, rahmenlose Ausf\u00fchrung<br \/>\nbifaziale Hochleistungs-Topcon-Solarzellen<br \/>\nGlasst\u00e4rke: 2x 3,2 mm<br \/>\nZulassung f\u00fcr \u00dcberkopfverglasung<br \/>\nHagelwiderstklasse: HW 4 (<br \/>\nVKF Zertifikat<br \/>\n)<\/p>\n","protected":false},"excerpt":{"rendered":"<p>inklusive Kabel (circa 120 cm) e MC4 EVO Stecksystem transparente, rahmenlose Ausf\u00fchrung bifaziale Hochleistungs-Topcon-Solarzellen Glasst\u00e4rke: 2x 3,2 mm Zulassung f\u00fcr \u00dcberkopfverglasung Hagelwiderstklasse: HW 4 ( VKF Zertifikat )<\/p>\n","protected":false},"featured_media":0,"template":"","meta":{"_acf_changed":false},"product_brand":[],"product_cat":[15],"product_tag":[],"class_list":{"0":"post-29241","1":"product","2":"type-product","3":"status-publish","5":"product_cat-chauffage-et-climatisation","7":"first","8":"instock","9":"virtual","10":"taxable","11":"product-type-simple"},"acf":[],"_links":{"self":[{"href":"https:\/\/evowatt.ch\/it\/wp-json\/wp\/v2\/product\/29241","targetHints":{"allow":["GET"]}}],"collection":[{"href":"https:\/\/evowatt.ch\/it\/wp-json\/wp\/v2\/product"}],"about":[{"href":"https:\/\/evowatt.ch\/it\/wp-json\/wp\/v2\/types\/product"}],"version-history":[{"count":1,"href":"https:\/\/evowatt.ch\/it\/wp-json\/wp\/v2\/product\/29241\/revisions"}],"predecessor-version":[{"id":29242,"href":"https:\/\/evowatt.ch\/it\/wp-json\/wp\/v2\/product\/29241\/revisions\/29242"}],"wp:attachment":[{"href":"https:\/\/evowatt.ch\/it\/wp-json\/wp\/v2\/media?parent=29241"}],"wp:term":[{"taxonomy":"product_brand","embeddable":true,"href":"https:\/\/evowatt.ch\/it\/wp-json\/wp\/v2\/product_brand?post=29241"},{"taxonomy":"product_cat","embeddable":true,"href":"https:\/\/evowatt.ch\/it\/wp-json\/wp\/v2\/product_cat?post=29241"},{"taxonomy":"product_tag","embeddable":true,"href":"https:\/\/evowatt.ch\/it\/wp-json\/wp\/v2\/product_tag?post=29241"}],"curies":[{"name":"wp","href":"https:\/\/api.w.org\/{rel}","templated":true}]}}