{"id":28106,"date":"2025-07-15T15:44:42","date_gmt":"2025-07-15T13:44:42","guid":{"rendered":"https:\/\/evowatt.ch\/produit\/fronius-symo-gen24-3-0\/"},"modified":"2025-07-15T15:44:42","modified_gmt":"2025-07-15T13:44:42","slug":"fronius-symo-gen24-3-0","status":"publish","type":"product","link":"https:\/\/evowatt.ch\/it\/produit\/fronius-symo-gen24-3-0\/","title":{"rendered":"Fronius Symo GEN24 3.0"},"content":{"rendered":"<p>Inverter di stringa con classi di potenza da 3,0 a 5,0 kW. Fronius Symo Gen24 pu\u00f2 essere aggiornato a Fronius Symo GEN24 Plus in qualsiasi momento utilizzando Fronius UP.storage nel webshop Fronius, accessibile tramite Fronius Solar.web. Ci\u00f2 significa che Fronius Symo Gen24 pu\u00f2 essere trasformato in un inverter ibrido che utilizza le batterie a seconda delle necessit\u00e0. Punto Le PV, u<\/p>\n","protected":false},"excerpt":{"rendered":"<p>\u2714 Categoria: Inverter ibrido<br \/>\n\u2714 Potenza AC: 3.00 kVA<br \/>\n\u2714 Alimentazione: Trifase, 400V<br \/>\n\u2714 MPPT: 2<br \/>\n\u2714 Ingresso MPPT: 2\/1<br \/>\n\u2714 Scaricatore di sovratensione DC: SPD1+2 opzionale<\/p>\n","protected":false},"featured_media":28100,"template":"","meta":{"_acf_changed":false},"product_brand":[667],"product_cat":[331],"product_tag":[],"class_list":{"0":"post-28106","1":"product","2":"type-product","3":"status-publish","4":"has-post-thumbnail","6":"product_brand-fronius-it-2","7":"product_cat-inverter","10":"first","11":"instock","12":"downloadable","13":"virtual","14":"taxable","15":"product-type-simple"},"acf":[],"_links":{"self":[{"href":"https:\/\/evowatt.ch\/it\/wp-json\/wp\/v2\/product\/28106","targetHints":{"allow":["GET"]}}],"collection":[{"href":"https:\/\/evowatt.ch\/it\/wp-json\/wp\/v2\/product"}],"about":[{"href":"https:\/\/evowatt.ch\/it\/wp-json\/wp\/v2\/types\/product"}],"version-history":[{"count":0,"href":"https:\/\/evowatt.ch\/it\/wp-json\/wp\/v2\/product\/28106\/revisions"}],"wp:featuredmedia":[{"embeddable":true,"href":"https:\/\/evowatt.ch\/it\/wp-json\/wp\/v2\/media\/28100"}],"wp:attachment":[{"href":"https:\/\/evowatt.ch\/it\/wp-json\/wp\/v2\/media?parent=28106"}],"wp:term":[{"taxonomy":"product_brand","embeddable":true,"href":"https:\/\/evowatt.ch\/it\/wp-json\/wp\/v2\/product_brand?post=28106"},{"taxonomy":"product_cat","embeddable":true,"href":"https:\/\/evowatt.ch\/it\/wp-json\/wp\/v2\/product_cat?post=28106"},{"taxonomy":"product_tag","embeddable":true,"href":"https:\/\/evowatt.ch\/it\/wp-json\/wp\/v2\/product_tag?post=28106"}],"curies":[{"name":"wp","href":"https:\/\/api.w.org\/{rel}","templated":true}]}}