{"id":25161,"date":"2024-07-20T23:07:27","date_gmt":"2024-07-20T21:07:27","guid":{"rendered":"https:\/\/evowatt.ch\/produit\/batteria-agli-ioni-di-litio-pylontech-force-h2-355kwh-96v\/"},"modified":"2024-08-24T18:57:04","modified_gmt":"2024-08-24T16:57:04","slug":"batteria-agli-ioni-di-litio-pylontech-force-h2-355kwh-96v","status":"publish","type":"product","link":"https:\/\/evowatt.ch\/it\/produit\/batteria-agli-ioni-di-litio-pylontech-force-h2-355kwh-96v\/","title":{"rendered":"Batteria agli ioni di litio Pylontech Force H2 (3,55kWh &#8211; 96V)"},"content":{"rendered":"<p>Il modulo batteria Force-H2 da 3,55kWh di Pylontech (MPN FH9637M) \u00e8 una batteria ad alta tensione da 96V di ultima generazione, ancora una volta dotata della collaudata tecnologia di accumulo al litio ferro fosfato. Le caratteristiche principali di queste batterie sono una lunga durata e un elevato livello di sicurezza, anche a livelli di potenza elevati. Grazie alla loro ottima resistenza ai cicli e all&#8217;elevato limite di carica, gli accumulatori sono il partner ideale per un potente impianto fotovoltaico che pu\u00f2 caricare l&#8217;accumulatore pi\u00f9 volte al giorno. Una lista di compatibilit\u00e0 per gli inverter adattati alle batterie Pylontech con pi\u00f9 di 30 marchi e aziende, tra cui Victron Energy, Growatt, Solis e molti altri, \u00e8 disponibile per il download nelle nostre appendici! (Elenco di compatibilit\u00e0 Pylontech) Caratteristiche della tecnologia di accumulo LiFePO4 della serie Force-H2 Doppia protezione attiva del BMS Possibilit\u00e0 di elevata capacit\u00e0 di carica e scarica Durata dei cicli: oltre 5000 al 95% DoD Funzione di precarica per proteggere il sistema ESS dalle sovratensioni Prestazioni affidabili grazie a componenti di lunga durata Flessibile ed espandibile Compatto e poco ingombrante Durata superiore a 15 anni Compatibile con molti inverter disponibili Facile installazione grazie al design modulare<\/p>\n","protected":false},"excerpt":{"rendered":"<ul>\n<li>Peso: 36 kg<\/li>\n<li>Tipo di batteria: litio ferro fosfato (LiFePo4)<\/li>\n<li>Tensione nominale: 48V DC<\/li>\n<li>Capacit\u00e0 di archiviazione: 3552 Wh<\/li>\n<li>Comunicazione: CAN, Modbus<\/li>\n<li>Dimensioni: 600 x 380 x 170<\/li>\n<li>Grado di protezione: IP55<\/li>\n<li>Temperatura di esercizio: 0 &#8211; +50\u00b0C<\/li>\n<li>Intervallo di temperatura di conservazione: -20\u00b0C &#8211; +60\u00b0C<\/li>\n<li>Garanzia: 15 anni di garanzia del produttore<\/li>\n<li>Certificazione: VDE2510-50, IEC62619, IEC62477-1, IEC62040-1, CEC, CE, UN38.8<\/li>\n<\/ul>\n","protected":false},"featured_media":25156,"template":"","meta":{"_acf_changed":false},"product_brand":[586],"product_cat":[369,587],"product_tag":[],"class_list":{"0":"post-25161","1":"product","2":"type-product","3":"status-publish","4":"has-post-thumbnail","6":"product_brand-pylontech-it-2","7":"product_cat-batterie","8":"product_cat-pylontech-it","11":"first","12":"instock","13":"taxable","14":"shipping-taxable","15":"product-type-simple"},"acf":[],"_links":{"self":[{"href":"https:\/\/evowatt.ch\/it\/wp-json\/wp\/v2\/product\/25161","targetHints":{"allow":["GET"]}}],"collection":[{"href":"https:\/\/evowatt.ch\/it\/wp-json\/wp\/v2\/product"}],"about":[{"href":"https:\/\/evowatt.ch\/it\/wp-json\/wp\/v2\/types\/product"}],"version-history":[{"count":2,"href":"https:\/\/evowatt.ch\/it\/wp-json\/wp\/v2\/product\/25161\/revisions"}],"predecessor-version":[{"id":25777,"href":"https:\/\/evowatt.ch\/it\/wp-json\/wp\/v2\/product\/25161\/revisions\/25777"}],"wp:featuredmedia":[{"embeddable":true,"href":"https:\/\/evowatt.ch\/it\/wp-json\/wp\/v2\/media\/25156"}],"wp:attachment":[{"href":"https:\/\/evowatt.ch\/it\/wp-json\/wp\/v2\/media?parent=25161"}],"wp:term":[{"taxonomy":"product_brand","embeddable":true,"href":"https:\/\/evowatt.ch\/it\/wp-json\/wp\/v2\/product_brand?post=25161"},{"taxonomy":"product_cat","embeddable":true,"href":"https:\/\/evowatt.ch\/it\/wp-json\/wp\/v2\/product_cat?post=25161"},{"taxonomy":"product_tag","embeddable":true,"href":"https:\/\/evowatt.ch\/it\/wp-json\/wp\/v2\/product_tag?post=25161"}],"curies":[{"name":"wp","href":"https:\/\/api.w.org\/{rel}","templated":true}]}}