{"id":25130,"date":"2024-07-20T22:30:40","date_gmt":"2024-07-20T20:30:40","guid":{"rendered":"https:\/\/evowatt.ch\/produit\/pylontech-force-h2-bms-v2\/"},"modified":"2024-07-20T22:30:40","modified_gmt":"2024-07-20T20:30:40","slug":"pylontech-force-h2-bms-v2","status":"publish","type":"product","link":"https:\/\/evowatt.ch\/it\/produit\/pylontech-force-h2-bms-v2\/","title":{"rendered":"Pylontech Force H2 BMS V2"},"content":{"rendered":"<p>Il rivoluzionario Force-H1 BMS di Pylontech (MPN: FC0500-40S-V2) \u00e8 un&#8217;unit\u00e0 di controllo all&#8217;avanguardia. Protegge ogni modulo batteria della serie Force-H1 da circostanze estreme, garantendo un uso affidabile e ininterrotto a lungo termine. Il sistema di gestione delle batterie pu\u00f2 supportare da due a sette moduli di accumulo, a seconda delle esigenze, per una capacit\u00e0 di accumulo variabile tra 7,1 kWh e 24,86 kWh.<\/p>\n<p>Il protocollo di comunicazione di Pylontech, collaudato da molti anni, \u00e8 supportato direttamente da un gran numero di inverter. Un elenco di compatibilit\u00e0 di Pylontech con oltre 30 marchi e aziende, tra cui Victron Energy, Growatt, Solis e molti altri, \u00e8 disponibile per il download nelle nostre appendici! (Elenco di compatibilit\u00e0 Pylontech)<\/p>\n<p>BMS Force-H1 protegge da :<br \/>\nscarica profonda e sovraccarico<br \/>\nsovratensione durante la carica<br \/>\ncorrenti eccessivamente elevate durante la carica e la scarica<br \/>\nsurriscaldamento e sottotemperatura<br \/>\nProtezione da cortocircuito e inversione di polarit\u00e0<br \/>\nEstensione flessibile<br \/>\nLa serie Force-H1 offre una configurazione flessibile della capacit\u00e0. Questo valore pu\u00f2 essere esteso da 7,1 kWh a 24,86 kWh per giro. In totale, sono possibili fino a 6 giri di batteria. Il design modulare \u00e8 semplice e facilita l&#8217;installazione e il collegamento dei cavi. Un altro vantaggio di questo nuovo sistema di accumulo \u00e8 che, a differenza di altri sistemi, non richiede pi\u00f9 un armadio batteria.<\/p>\n","protected":false},"excerpt":{"rendered":"<ul>\n<li>Protezione multipla grazie a un BMS sviluppato in proprio<\/li>\n<li>Costi ottimali per l&#8217;elettricit\u00e0<\/li>\n<li>Lunga durata e prestazioni superiori<\/li>\n<li>Dimensioni compatte e facilit\u00e0 di installazione<\/li>\n<li>Design modulare per una rapida installazione<\/li>\n<li>Compatibile con i marchi di UPS Tier 1<\/li>\n<\/ul>\n","protected":false},"featured_media":25081,"template":"","meta":{"_acf_changed":false},"product_brand":[586],"product_cat":[369,587],"product_tag":[],"class_list":{"0":"post-25130","1":"product","2":"type-product","3":"status-publish","4":"has-post-thumbnail","6":"product_brand-pylontech-it-2","7":"product_cat-batterie","8":"product_cat-pylontech-it","11":"first","12":"instock","13":"taxable","14":"shipping-taxable","15":"product-type-simple"},"acf":[],"_links":{"self":[{"href":"https:\/\/evowatt.ch\/it\/wp-json\/wp\/v2\/product\/25130","targetHints":{"allow":["GET"]}}],"collection":[{"href":"https:\/\/evowatt.ch\/it\/wp-json\/wp\/v2\/product"}],"about":[{"href":"https:\/\/evowatt.ch\/it\/wp-json\/wp\/v2\/types\/product"}],"version-history":[{"count":0,"href":"https:\/\/evowatt.ch\/it\/wp-json\/wp\/v2\/product\/25130\/revisions"}],"wp:featuredmedia":[{"embeddable":true,"href":"https:\/\/evowatt.ch\/it\/wp-json\/wp\/v2\/media\/25081"}],"wp:attachment":[{"href":"https:\/\/evowatt.ch\/it\/wp-json\/wp\/v2\/media?parent=25130"}],"wp:term":[{"taxonomy":"product_brand","embeddable":true,"href":"https:\/\/evowatt.ch\/it\/wp-json\/wp\/v2\/product_brand?post=25130"},{"taxonomy":"product_cat","embeddable":true,"href":"https:\/\/evowatt.ch\/it\/wp-json\/wp\/v2\/product_cat?post=25130"},{"taxonomy":"product_tag","embeddable":true,"href":"https:\/\/evowatt.ch\/it\/wp-json\/wp\/v2\/product_tag?post=25130"}],"curies":[{"name":"wp","href":"https:\/\/api.w.org\/{rel}","templated":true}]}}