{"id":22943,"date":"2024-04-14T21:37:03","date_gmt":"2024-04-14T19:37:03","guid":{"rendered":"https:\/\/evowatt.ch\/produit\/nibe-s2125\/"},"modified":"2024-04-14T22:07:34","modified_gmt":"2024-04-14T20:07:34","slug":"nibe-s2125","status":"publish","type":"product","link":"https:\/\/evowatt.ch\/it\/produit\/nibe-s2125\/","title":{"rendered":"NIBE S2125"},"content":{"rendered":"<p>La gamma premium di pompe di calore aria\/acqua NIBE S2125 \u00e8 un concentrato del know-how di NIBE, produttore svedese di pompe di calore da oltre 40 anni.<\/p>\n<p>Con prestazioni energetiche e acustiche molto elevate, garantisce un risparmio sul riscaldamento e un comfort ottimale, in qualsiasi periodo dell&#8217;anno. La pompa di calore NIBE S2125 \u00e8 in grado di produrre una temperatura dell&#8217;acqua di riscaldamento fino a 75\u00b0C senza bisogno di un back-up, e 65\u00b0C con una temperatura esterna di -25\u00b0C! \u00c8 ideale per sostituire le caldaie e produrre acqua calda sanitaria.<\/p>\n<p>Particolare attenzione \u00e8 stata posta al suo livello di rumorosit\u00e0, per garantire assoluta discrezione e perfetta integrazione nel luogo di installazione. Il suo refrigerante naturale (R290) e l&#8217;altissimo rendimento stagionale (SCOP superiore a 5,0!) garantiscono costi di esercizio molto bassi nel rispetto del pianeta. Se lo si desidera, la gamma di pompe di calore NIBE S2125 pu\u00f2 anche raffreddare la casa per garantire il comfort estivo.<\/p>\n<p>Abbinata a un&#8217;unit\u00e0 interna della gamma NIBE Serie S, la pompa di calore svilupper\u00e0 tutto il suo potenziale in termini di funzionalit\u00e0, connettivit\u00e0 e usi personalizzati. Il comfort domestico \u00e8 controllato automaticamente e pu\u00f2 essere regolato da smartphone o tablet, garantendo comfort e risparmio nel rispetto dell&#8217;ambiente.<\/p>\n","protected":false},"excerpt":{"rendered":"<div class=\"nibe-row ProductListing-innerRow\">\n<div class=\"ProductListing-bodyContainer nibe-clearfix \">\n<div class=\"ProductListing-headingContainer nibe-clearfix c1663\">\n<div class=\"nibe-col-xs-12\">\n<ul>\n<li class=\"ProductListing-categoryName\"><span style=\"font-size: 16px;\">Prestazioni molto elevate e bassi costi di gestione.  <\/span><\/li>\n<li class=\"ProductListing-categoryName\">Fino a 75\u00b0C di temperatura di mandata, 65\u00b0C a una temperatura esterna di -25\u00b0C<\/li>\n<li class=\"ProductListing-categoryName\">Nuovo design per una maggiore silenziosit\u00e0<\/li>\n<li class=\"ProductListing-categoryName\">Design e produzione svedese<\/li>\n<li>Prestazioni molto elevate<\/li>\n<li>Risparmio energetico e bassi costi di gestione. SCOP superiore a 5,0.<\/li>\n<li>65\u00b0C per una temperatura esterna di -25\u00b0C. Ideale per ristrutturazioni e produzione di acqua calda sanitaria.<\/li>\n<li>Funzionamento estremamente silenzioso<\/li>\n<\/ul>\n<\/div>\n<\/div>\n<div class=\"ProductListing-bodyContainer nibe-clearfix \">\n<div class=\"nibe-col-xs-12 nibe-col-sm-6 ProductListing-featureListContainer\"><\/div>\n<\/div>\n<\/div>\n<\/div>\n","protected":false},"featured_media":22921,"template":"","meta":{"_acf_changed":false},"product_brand":[533],"product_cat":[308],"product_tag":[],"class_list":{"0":"post-22943","1":"product","2":"type-product","3":"status-publish","4":"has-post-thumbnail","6":"product_brand-nibe-it","7":"product_cat-chauffage-et-climatisation-it","10":"first","11":"instock","12":"taxable","13":"shipping-taxable","14":"product-type-simple"},"acf":[],"_links":{"self":[{"href":"https:\/\/evowatt.ch\/it\/wp-json\/wp\/v2\/product\/22943","targetHints":{"allow":["GET"]}}],"collection":[{"href":"https:\/\/evowatt.ch\/it\/wp-json\/wp\/v2\/product"}],"about":[{"href":"https:\/\/evowatt.ch\/it\/wp-json\/wp\/v2\/types\/product"}],"version-history":[{"count":1,"href":"https:\/\/evowatt.ch\/it\/wp-json\/wp\/v2\/product\/22943\/revisions"}],"predecessor-version":[{"id":22944,"href":"https:\/\/evowatt.ch\/it\/wp-json\/wp\/v2\/product\/22943\/revisions\/22944"}],"wp:featuredmedia":[{"embeddable":true,"href":"https:\/\/evowatt.ch\/it\/wp-json\/wp\/v2\/media\/22921"}],"wp:attachment":[{"href":"https:\/\/evowatt.ch\/it\/wp-json\/wp\/v2\/media?parent=22943"}],"wp:term":[{"taxonomy":"product_brand","embeddable":true,"href":"https:\/\/evowatt.ch\/it\/wp-json\/wp\/v2\/product_brand?post=22943"},{"taxonomy":"product_cat","embeddable":true,"href":"https:\/\/evowatt.ch\/it\/wp-json\/wp\/v2\/product_cat?post=22943"},{"taxonomy":"product_tag","embeddable":true,"href":"https:\/\/evowatt.ch\/it\/wp-json\/wp\/v2\/product_tag?post=22943"}],"curies":[{"name":"wp","href":"https:\/\/api.w.org\/{rel}","templated":true}]}}