{"id":20898,"date":"2023-11-01T16:18:17","date_gmt":"2023-11-01T15:18:17","guid":{"rendered":"https:\/\/evowatt.ch\/produit\/caricatore-goodwe-ev-11kw-6m-di-cavo-3-fasi\/"},"modified":"2025-06-10T19:38:01","modified_gmt":"2025-06-10T17:38:01","slug":"caricatore-goodwe-ev-11kw-6m-di-cavo-3-fasi","status":"publish","type":"product","link":"https:\/\/evowatt.ch\/it\/produit\/caricatore-goodwe-ev-11kw-6m-di-cavo-3-fasi\/","title":{"rendered":"Caricatore GoodWe EV 11kW | 6m di cavo | 3 fasi"},"content":{"rendered":"<p>La nuova AC Wallbox di GoodWe consente un consumo energetico efficiente sui tetti solari ed \u00e8 disponibile in tre classi di potenza: 7 kW, 11 kW e 22 kW. La lunghezza del cavo \u00e8 di : 6 M. Combinando il caricabatterie GoodWe EV con gli inverter GoodWe, le auto elettriche possono essere caricate tramite SEMS durante il giorno. Il contatore intelligente GM3000 (ID articolo: 4827) \u00e8 necessario per il carico fotovoltaico in eccesso con un inverter fotovoltaico GoodWe. Non \u00e8 necessario alcun contatore intelligente aggiuntivo per il carico fotovoltaico in eccesso con un inverter ibrido GoodWe, poich\u00e9 \u00e8 gi\u00e0 incluso nella fornitura dell&#8217;inverter. Il Wallbox pu\u00f2 essere montato a parete o installato con una colonna a pavimento.<\/p>\n<p>&nbsp;<\/p>\n<p>&nbsp;<\/p>\n","protected":false},"excerpt":{"rendered":"<ul>\n<li>Potenza di carica: 11 kW<\/li>\n<li>Corrente di carico 16 A<\/li>\n<li>Collegamento alla rete trifase<\/li>\n<li>Comunicazione: Bluetooth, Wi-Fi<\/li>\n<li>Cavo di ricarica di tipo 2, 6 m<\/li>\n<li>Dimensioni: 208 \u00d7 450 \u00d7 150 mm (L x A x P)<\/li>\n<li>Peso: 6 kg<\/li>\n<li>IP66<\/li>\n<li>Compatibile con tutte le marche di veicoli elettrici<\/li>\n<\/ul>\n<p><a href=\"https:\/\/evowatt.ch\/wp-content\/uploads\/2023\/11\/Datasheet_GW_charger_GW-11-22KW.pdf\">Datasheet_GW_charger_GW-11-22KW<\/a><\/p>\n<p><a href=\"https:\/\/evowatt.ch\/wp-content\/uploads\/2023\/11\/Conformity_Charger_GW11-22KW.pdf\">Conformit\u00e0_Caricatore_GW11-22KW<\/a><\/p>\n","protected":false},"featured_media":0,"template":"","meta":{"_acf_changed":false},"product_brand":[],"product_cat":[15],"product_tag":[],"class_list":{"0":"post-20898","1":"product","2":"type-product","3":"status-publish","5":"product_cat-chauffage-et-climatisation","7":"first","8":"instock","9":"taxable","10":"shipping-taxable","11":"product-type-simple"},"acf":[],"_links":{"self":[{"href":"https:\/\/evowatt.ch\/it\/wp-json\/wp\/v2\/product\/20898","targetHints":{"allow":["GET"]}}],"collection":[{"href":"https:\/\/evowatt.ch\/it\/wp-json\/wp\/v2\/product"}],"about":[{"href":"https:\/\/evowatt.ch\/it\/wp-json\/wp\/v2\/types\/product"}],"version-history":[{"count":1,"href":"https:\/\/evowatt.ch\/it\/wp-json\/wp\/v2\/product\/20898\/revisions"}],"predecessor-version":[{"id":23317,"href":"https:\/\/evowatt.ch\/it\/wp-json\/wp\/v2\/product\/20898\/revisions\/23317"}],"wp:attachment":[{"href":"https:\/\/evowatt.ch\/it\/wp-json\/wp\/v2\/media?parent=20898"}],"wp:term":[{"taxonomy":"product_brand","embeddable":true,"href":"https:\/\/evowatt.ch\/it\/wp-json\/wp\/v2\/product_brand?post=20898"},{"taxonomy":"product_cat","embeddable":true,"href":"https:\/\/evowatt.ch\/it\/wp-json\/wp\/v2\/product_cat?post=20898"},{"taxonomy":"product_tag","embeddable":true,"href":"https:\/\/evowatt.ch\/it\/wp-json\/wp\/v2\/product_tag?post=20898"}],"curies":[{"name":"wp","href":"https:\/\/api.w.org\/{rel}","templated":true}]}}