{"id":20817,"date":"2023-08-25T10:20:39","date_gmt":"2023-08-25T08:20:39","guid":{"rendered":"https:\/\/evowatt.ch\/produit\/kaco-blueplanet-3-0-nx1-m2\/"},"modified":"2025-06-10T19:36:39","modified_gmt":"2025-06-10T17:36:39","slug":"kaco-blueplanet-3-0-nx1-m2","status":"publish","type":"product","link":"https:\/\/evowatt.ch\/it\/produit\/kaco-blueplanet-3-0-nx1-m2\/","title":{"rendered":"Kaco blueplanet 3.0 NX1 M2"},"content":{"rendered":"<div id=\"idTab1\" class=\"rte idTabContent filesthere\">\n<p>Con il blueplanet NX1 M2, KACO new energy presenta la sua nuova generazione di inverter monofase. Sono particolarmente facili da progettare, mettere in funzione e gestire. La designazione M2 rappresenta il numero di inseguitori MPP, che possono essere caricati con 3.500 watt ciascuno. Il blueplanet NX1 M2 \u00e8 quindi adatto a tutte le geometrie di tetto.<\/p>\n<p>La finestra di progettazione molto ampia, dalla tensione di avvio di 100 V &#8211; 80 V \u00e8 la tensione di esercizio pi\u00f9 bassa &#8211; alla tensione CC massima di 580 V, contribuisce a semplificare la progettazione. Per gli operatori, ci\u00f2 significa ottenere il massimo rendimento solare possibile in qualsiasi momento della giornata e in qualsiasi stagione.<\/p>\n<h3>Caratteristiche importanti, peso contenuto<\/h3>\n<p>Con un peso di soli 11 chilogrammi e un&#8217;estensione massima inferiore a 38 centimetri, blueplanet NX1 M2 facilita l&#8217;intera catena logistica, dallo stoccaggio al trasporto e all&#8217;installazione. Il cablaggio si effettua con i consueti connettori Sunclix, senza bisogno di attrezzi speciali.<\/p>\n<p>La configurazione e la messa in servizio possono essere eseguite rapidamente utilizzando l&#8217;intuitiva applicazione di installazione. Gli installatori e gli operatori possono quindi comunicare facilmente con gli inverter tramite WiFi. Il blueplanet NX1 M2 funziona in modalit\u00e0 silenziosa con un autoconsumo minimo inferiore a un watt.<\/p>\n<\/div>\n<p>&nbsp;<\/p>\n","protected":false},"excerpt":{"rendered":"<ul>\n<li>Facile da installare, anche all&#8217;aperto<\/li>\n<li>Configurazione rapida del WiFi con l&#8217;app<\/li>\n<li>Monitoraggio intelligente con un&#8217;applicazione di facile utilizzo<\/li>\n<li>Leggero 11 kg<\/li>\n<li>Funzionamento silenzioso, con livelli di rumorosit\u00e0 quasi nulli di 25dB<\/li>\n<li>Numero di inseguitori MPP 2<\/li>\n<li>Tensione nominale \/ tensione di avviamento 360 V \/ 100 V 360 V \/ 100 V<\/li>\n<\/ul>\n<p><a href=\"https:\/\/evowatt.ch\/wp-content\/uploads\/2023\/08\/Datasheet_BP-3-5NX1-de.pdf\">Datasheet_BP-3-5NX1-de<\/a><\/p>\n<p>&nbsp;<\/p>\n","protected":false},"featured_media":0,"template":"","meta":{"_acf_changed":false},"product_brand":[474],"product_cat":[349,331,333],"product_tag":[],"class_list":{"0":"post-20817","1":"product","2":"type-product","3":"status-publish","5":"product_brand-kaco-it-2","6":"product_cat-1-fasig","7":"product_cat-inverter","8":"product_cat-inverter-di-stringa","10":"first","11":"instock","12":"taxable","13":"shipping-taxable","14":"product-type-simple"},"acf":[],"_links":{"self":[{"href":"https:\/\/evowatt.ch\/it\/wp-json\/wp\/v2\/product\/20817","targetHints":{"allow":["GET"]}}],"collection":[{"href":"https:\/\/evowatt.ch\/it\/wp-json\/wp\/v2\/product"}],"about":[{"href":"https:\/\/evowatt.ch\/it\/wp-json\/wp\/v2\/types\/product"}],"version-history":[{"count":1,"href":"https:\/\/evowatt.ch\/it\/wp-json\/wp\/v2\/product\/20817\/revisions"}],"predecessor-version":[{"id":27403,"href":"https:\/\/evowatt.ch\/it\/wp-json\/wp\/v2\/product\/20817\/revisions\/27403"}],"wp:attachment":[{"href":"https:\/\/evowatt.ch\/it\/wp-json\/wp\/v2\/media?parent=20817"}],"wp:term":[{"taxonomy":"product_brand","embeddable":true,"href":"https:\/\/evowatt.ch\/it\/wp-json\/wp\/v2\/product_brand?post=20817"},{"taxonomy":"product_cat","embeddable":true,"href":"https:\/\/evowatt.ch\/it\/wp-json\/wp\/v2\/product_cat?post=20817"},{"taxonomy":"product_tag","embeddable":true,"href":"https:\/\/evowatt.ch\/it\/wp-json\/wp\/v2\/product_tag?post=20817"}],"curies":[{"name":"wp","href":"https:\/\/api.w.org\/{rel}","templated":true}]}}