{"id":20774,"date":"2023-11-12T15:01:11","date_gmt":"2023-11-12T14:01:11","guid":{"rendered":"https:\/\/evowatt.ch\/produit\/solar-log-base-2000\/"},"modified":"2023-11-12T15:01:11","modified_gmt":"2023-11-12T14:01:11","slug":"solar-log-base-2000","status":"publish","type":"product","link":"https:\/\/evowatt.ch\/it\/produit\/solar-log-base-2000\/","title":{"rendered":"Solar-Log Base 2000"},"content":{"rendered":"<p>La nuova generazione di Solar-Log\u2122 combina funzionalit\u00e0 intelligenti e grande flessibilit\u00e0 per una gestione, una regolazione e un monitoraggio pi\u00f9 efficienti degli impianti fotovoltaici nella gestione energetica professionale.<\/p>\n<p>interfacce:<br \/>\n&#8211; 2x RS485 o 1x RS422<br \/>\n&#8211; 2x LAN<br \/>\n&#8211; 2x USB<br \/>\n&#8211; 1x S0<\/p>\n","protected":false},"excerpt":{"rendered":"<ul>\n<li>Garanzia del prodotto (anni): 2<\/li>\n<li>Nome del produttore : Solar-Log Base 2000<\/li>\n<li>numero di prodotto dell&#8217;instastat: 84719000<\/li>\n<li>Numero di articolo del produttore: 256327<\/li>\n<\/ul>\n<p><a href=\"https:\/\/evowatt.ch\/wp-content\/uploads\/2023\/11\/Datasheet_logbase_de.pdf\">Scheda tecnica_logbase_de<\/a><\/p>\n<p><a href=\"https:\/\/evowatt.ch\/wp-content\/uploads\/2023\/11\/Instruction_de.pdf\">Istruzioni<\/a><\/p>\n","protected":false},"featured_media":0,"template":"","meta":{"_acf_changed":false},"product_brand":[508],"product_cat":[400,398],"product_tag":[],"class_list":{"0":"post-20774","1":"product","2":"type-product","3":"status-publish","5":"product_brand-solar-log-it-2","6":"product_cat-log-solare","7":"product_cat-monitoraggio","9":"first","10":"instock","11":"taxable","12":"shipping-taxable","13":"product-type-simple"},"acf":[],"_links":{"self":[{"href":"https:\/\/evowatt.ch\/it\/wp-json\/wp\/v2\/product\/20774","targetHints":{"allow":["GET"]}}],"collection":[{"href":"https:\/\/evowatt.ch\/it\/wp-json\/wp\/v2\/product"}],"about":[{"href":"https:\/\/evowatt.ch\/it\/wp-json\/wp\/v2\/types\/product"}],"version-history":[{"count":0,"href":"https:\/\/evowatt.ch\/it\/wp-json\/wp\/v2\/product\/20774\/revisions"}],"wp:attachment":[{"href":"https:\/\/evowatt.ch\/it\/wp-json\/wp\/v2\/media?parent=20774"}],"wp:term":[{"taxonomy":"product_brand","embeddable":true,"href":"https:\/\/evowatt.ch\/it\/wp-json\/wp\/v2\/product_brand?post=20774"},{"taxonomy":"product_cat","embeddable":true,"href":"https:\/\/evowatt.ch\/it\/wp-json\/wp\/v2\/product_cat?post=20774"},{"taxonomy":"product_tag","embeddable":true,"href":"https:\/\/evowatt.ch\/it\/wp-json\/wp\/v2\/product_tag?post=20774"}],"curies":[{"name":"wp","href":"https:\/\/api.w.org\/{rel}","templated":true}]}}