{"id":20715,"date":"2023-12-09T12:42:10","date_gmt":"2023-12-09T11:42:10","guid":{"rendered":"https:\/\/evowatt.ch\/produit\/huawei-luna2000-5-s0-5-kwh\/"},"modified":"2024-09-14T11:05:35","modified_gmt":"2024-09-14T09:05:35","slug":"huawei-luna2000-5-s0-5-kwh","status":"publish","type":"product","link":"https:\/\/evowatt.ch\/it\/produit\/huawei-luna2000-5-s0-5-kwh\/","title":{"rendered":"Huawei LUNA2000-5-S0 (5 kWh)"},"content":{"rendered":"<p>Sistema di accumulo a batteria <strong>Huawei LUNA2000-5-S0<\/strong> 5kWh con unit\u00e0 di controllo e base &#8211; per impianti fotovoltaici. La batteria LUNA2000 \u00e8 adatta sia agli impianti fotovoltaici connessi alla rete che a quelli non connessi alla rete. Pu\u00f2 immagazzinare energia elettrica e rilasciarla quando necessario. \u00c8 composto da un modulo di controllo della potenza e da moduli di estensione dell&#8217;accumulatore. Il modulo di controllo della potenza ha una potenza di 5 kW. La capacit\u00e0 standard dei moduli di estensione della batteria \u00e8 di 5 kWh. La potenza e la capacit\u00e0 della batteria possono essere estese. \u00c8 possibile collegare in parallelo due moduli di controllo della potenza. Ogni modulo di controllo della potenza supporta fino a tre moduli di estensione dell&#8217;accumulatore. &nbsp;<strong>Dati tecnici:<\/strong> Tipo : LUNA2000 &#8211; 5 kWh Modulo batteria: LUNA2000-5-E0 Numero di moduli batteria: 1 Dimensioni (L x A x L): 670 x 600 x 150 mm Peso: 63,80 kg Grado di protezione: IP65 Tecnologia: Batteria al litio ferro fosfato Tipo di memoria: Alta tensione  &nbsp;<\/p>\n<p>&nbsp;<\/p>\n","protected":false},"excerpt":{"rendered":"<ul>\n<li>100% di profondit\u00e0 di scarico<\/li>\n<li>Carica ottimizzata del modulo batteria<\/li>\n<li>Design modulare (5kWh)<\/li>\n<li>Espandibile fino a 30 kWh<\/li>\n<li>Cella al litio ferro fosfato sicura e affidabile ad alta tensione<\/li>\n<li>Concetto di sicurezza a pi\u00f9 livelli<\/li>\n<li>Facile installazione del modulo di potenza (12 kg)<\/li>\n<li>Facile installazione del modulo batteria (50 kg)<\/li>\n<li>Riconoscimento tramite APP per una rapida messa in servizio<\/li>\n<li>Combinabile con inverter Huawei monofase e trifase<\/li>\n<li>Garanzia di 10 anni<\/li>\n<\/ul>\n<p>&nbsp;<\/p>\n<p>&nbsp;<\/p>\n<p>&nbsp;<\/p>\n","protected":false},"featured_media":0,"template":"","meta":{"_acf_changed":false},"product_brand":[],"product_cat":[15],"product_tag":[],"class_list":{"0":"post-20715","1":"product","2":"type-product","3":"status-publish","5":"product_cat-chauffage-et-climatisation","7":"first","8":"instock","9":"downloadable","10":"taxable","11":"shipping-taxable","12":"product-type-simple"},"acf":[],"_links":{"self":[{"href":"https:\/\/evowatt.ch\/it\/wp-json\/wp\/v2\/product\/20715","targetHints":{"allow":["GET"]}}],"collection":[{"href":"https:\/\/evowatt.ch\/it\/wp-json\/wp\/v2\/product"}],"about":[{"href":"https:\/\/evowatt.ch\/it\/wp-json\/wp\/v2\/types\/product"}],"version-history":[{"count":2,"href":"https:\/\/evowatt.ch\/it\/wp-json\/wp\/v2\/product\/20715\/revisions"}],"predecessor-version":[{"id":25950,"href":"https:\/\/evowatt.ch\/it\/wp-json\/wp\/v2\/product\/20715\/revisions\/25950"}],"wp:attachment":[{"href":"https:\/\/evowatt.ch\/it\/wp-json\/wp\/v2\/media?parent=20715"}],"wp:term":[{"taxonomy":"product_brand","embeddable":true,"href":"https:\/\/evowatt.ch\/it\/wp-json\/wp\/v2\/product_brand?post=20715"},{"taxonomy":"product_cat","embeddable":true,"href":"https:\/\/evowatt.ch\/it\/wp-json\/wp\/v2\/product_cat?post=20715"},{"taxonomy":"product_tag","embeddable":true,"href":"https:\/\/evowatt.ch\/it\/wp-json\/wp\/v2\/product_tag?post=20715"}],"curies":[{"name":"wp","href":"https:\/\/api.w.org\/{rel}","templated":true}]}}