{"id":20679,"date":"2023-12-09T11:56:31","date_gmt":"2023-12-09T10:56:31","guid":{"rendered":"https:\/\/evowatt.ch\/produit\/huawei-luna2000-5-e0-5-kwh-modulo-batteria\/"},"modified":"2024-09-14T11:05:35","modified_gmt":"2024-09-14T09:05:35","slug":"huawei-luna2000-5-e0-5-kwh-modulo-batteria","status":"publish","type":"product","link":"https:\/\/evowatt.ch\/it\/produit\/huawei-luna2000-5-e0-5-kwh-modulo-batteria\/","title":{"rendered":"Huawei LUNA2000-5-E0 (5 KWH) MODULO BATTERIA"},"content":{"rendered":"<h2>Caratteristiche di Huawei LUNA2000 5 kW<\/h2>\n<p>  Il sistema di batterie LUNA2000 da 5 kW \u00e8 dotato di un avanzato sistema di gestione delle batterie (BMS) che offre protezione contro il sovraccarico, la sovrascarica e i cortocircuiti. Inoltre, il sistema \u00e8 dotato di un meccanismo di protezione integrato per prevenire ed estinguere eventuali incendi della batteria. La batteria Huawei LUNA2000 da 5 kW pu\u00f2 essere ampliata con un massimo di due moduli batteria aggiuntivi, consentendo di creare una capacit\u00e0 di accumulo fino a 15 kWh. \u00c8 anche possibile combinare due batterie domestiche (configurazione a cascata). Questa batteria domestica pu\u00f2 essere utilizzata per immagazzinare l&#8217;energia prodotta dai pannelli solari e utilizzarla quando la produzione dei pannelli solari non \u00e8 sufficiente a soddisfare il fabbisogno energetico. \u00c8 anche possibile immagazzinare l&#8217;elettricit\u00e0 dalla rete in determinati momenti, in modo da avere una riserva di energia sempre disponibile.<\/p>\n","protected":false},"excerpt":{"rendered":"<ul>\n<li>Energia utilizzabile: 5 kWh<\/li>\n<li>Potenza nominale di scarico: 2,5 kW<\/li>\n<li>Potenza massima di scarica: 3,5 kW, 10 s<\/li>\n<li>Tensione nominale (WR\/L1 monofase): 360 V<\/li>\n<li>Intervallo di tensione di esercizio (WR\/L1 monofase): 350 &#8211; 560 V<\/li>\n<li>Tensione nominale (WR trifase &#8211; M1): 600 V<\/li>\n<li>Campo di tensione di esercizio (WR\/M1 trifase): 600 &#8211; 980 V<\/li>\n<li>Display: stato SOC<\/li>\n<li>Garanzia di 10 anni<\/li>\n<\/ul>\n<p>&nbsp;<\/p>\n<p>&nbsp;<\/p>\n","protected":false},"featured_media":25944,"template":"","meta":{"_acf_changed":false},"product_brand":[],"product_cat":[15],"product_tag":[],"class_list":{"0":"post-20679","1":"product","2":"type-product","3":"status-publish","4":"has-post-thumbnail","6":"product_cat-chauffage-et-climatisation","9":"first","10":"instock","11":"taxable","12":"shipping-taxable","13":"product-type-simple"},"acf":[],"_links":{"self":[{"href":"https:\/\/evowatt.ch\/it\/wp-json\/wp\/v2\/product\/20679","targetHints":{"allow":["GET"]}}],"collection":[{"href":"https:\/\/evowatt.ch\/it\/wp-json\/wp\/v2\/product"}],"about":[{"href":"https:\/\/evowatt.ch\/it\/wp-json\/wp\/v2\/types\/product"}],"version-history":[{"count":2,"href":"https:\/\/evowatt.ch\/it\/wp-json\/wp\/v2\/product\/20679\/revisions"}],"predecessor-version":[{"id":25947,"href":"https:\/\/evowatt.ch\/it\/wp-json\/wp\/v2\/product\/20679\/revisions\/25947"}],"wp:featuredmedia":[{"embeddable":true,"href":"https:\/\/evowatt.ch\/it\/wp-json\/wp\/v2\/media\/25944"}],"wp:attachment":[{"href":"https:\/\/evowatt.ch\/it\/wp-json\/wp\/v2\/media?parent=20679"}],"wp:term":[{"taxonomy":"product_brand","embeddable":true,"href":"https:\/\/evowatt.ch\/it\/wp-json\/wp\/v2\/product_brand?post=20679"},{"taxonomy":"product_cat","embeddable":true,"href":"https:\/\/evowatt.ch\/it\/wp-json\/wp\/v2\/product_cat?post=20679"},{"taxonomy":"product_tag","embeddable":true,"href":"https:\/\/evowatt.ch\/it\/wp-json\/wp\/v2\/product_tag?post=20679"}],"curies":[{"name":"wp","href":"https:\/\/api.w.org\/{rel}","templated":true}]}}