{"id":21160,"date":"2023-11-09T13:54:54","date_gmt":"2023-11-09T12:54:54","guid":{"rendered":"https:\/\/evowatt.ch\/calcolatori\/"},"modified":"2025-07-26T20:19:07","modified_gmt":"2025-07-26T18:19:07","slug":"calcolatori","status":"publish","type":"page","link":"https:\/\/evowatt.ch\/it\/calcolatori\/","title":{"rendered":"Calcolatori"},"content":{"rendered":"\t\t<div data-elementor-type=\"wp-page\" data-elementor-id=\"21160\" class=\"elementor elementor-21160 elementor-17258\" data-elementor-post-type=\"page\">\n\t\t\t\t\t\t<section class=\"elementor-section elementor-top-section elementor-element elementor-element-2eae65b elementor-section-boxed elementor-section-height-default elementor-section-height-default\" data-id=\"2eae65b\" data-element_type=\"section\">\n\t\t\t\t\t\t<div class=\"elementor-container elementor-column-gap-default\">\n\t\t\t\t\t<div class=\"elementor-column elementor-col-100 elementor-top-column elementor-element elementor-element-edd338a\" data-id=\"edd338a\" data-element_type=\"column\">\n\t\t\t<div class=\"elementor-widget-wrap elementor-element-populated\">\n\t\t\t\t\t\t<div class=\"elementor-element elementor-element-5992075 elementor-widget elementor-widget-spacer\" data-id=\"5992075\" data-element_type=\"widget\" data-widget_type=\"spacer.default\">\n\t\t\t\t<div class=\"elementor-widget-container\">\n\t\t\t\t\t\t\t<div class=\"elementor-spacer\">\n\t\t\t<div class=\"elementor-spacer-inner\"><\/div>\n\t\t<\/div>\n\t\t\t\t\t\t<\/div>\n\t\t\t\t<\/div>\n\t\t\t\t<div class=\"elementor-element elementor-element-8244b6d elementor-widget elementor-widget-heading\" data-id=\"8244b6d\" data-element_type=\"widget\" data-widget_type=\"heading.default\">\n\t\t\t\t<div class=\"elementor-widget-container\">\n\t\t\t\t\t<h2 class=\"elementor-heading-title elementor-size-default\">Per il tuo progetto con il calcolatore di Evowatt  <\/h2>\t\t\t\t<\/div>\n\t\t\t\t<\/div>\n\t\t\t\t\t<\/div>\n\t\t<\/div>\n\t\t\t\t\t<\/div>\n\t\t<\/section>\n\t\t\t\t<section class=\"elementor-section elementor-top-section elementor-element elementor-element-c27bc96 elementor-section-boxed elementor-section-height-default elementor-section-height-default\" data-id=\"c27bc96\" data-element_type=\"section\">\n\t\t\t\t\t\t<div class=\"elementor-container elementor-column-gap-default\">\n\t\t\t\t\t<div class=\"elementor-column elementor-col-100 elementor-top-column elementor-element elementor-element-eafc823\" data-id=\"eafc823\" data-element_type=\"column\">\n\t\t\t<div class=\"elementor-widget-wrap elementor-element-populated\">\n\t\t\t\t\t\t<div class=\"elementor-element elementor-element-449c97d elementor-widget elementor-widget-heading\" data-id=\"449c97d\" data-element_type=\"widget\" data-widget_type=\"heading.default\">\n\t\t\t\t<div class=\"elementor-widget-container\">\n\t\t\t\t\t<div class=\"elementor-heading-title elementor-size-default\">Calcolate il vostro progetto solare in modo semplice e veloce con il calcolatore Evowatt. Il calcolatore Evowatt \u00e8 facile da usare in pochi passi.<\/div>\t\t\t\t<\/div>\n\t\t\t\t<\/div>\n\t\t\t\t<div class=\"elementor-element elementor-element-c0728c7 elementor-widget elementor-widget-image\" data-id=\"c0728c7\" data-element_type=\"widget\" data-widget_type=\"image.default\">\n\t\t\t\t<div class=\"elementor-widget-container\">\n\t\t\t\t\t\t\t\t\t\t\t\t\t\t\t<img fetchpriority=\"high\" decoding=\"async\" width=\"700\" height=\"120\" src=\"https:\/\/evowatt.ch\/wp-content\/uploads\/2023\/11\/logo_desktop.png\" class=\"attachment-1536x1536 size-1536x1536 wp-image-19958\" alt=\"\" \/>\t\t\t\t\t\t\t\t\t\t\t\t\t\t\t<\/div>\n\t\t\t\t<\/div>\n\t\t\t\t\t<\/div>\n\t\t<\/div>\n\t\t\t\t\t<\/div>\n\t\t<\/section>\n\t\t\t\t<section class=\"elementor-section elementor-top-section elementor-element elementor-element-ba94299 elementor-section-boxed elementor-section-height-default elementor-section-height-default\" data-id=\"ba94299\" data-element_type=\"section\">\n\t\t\t\t\t\t<div class=\"elementor-container elementor-column-gap-default\">\n\t\t\t\t\t<div class=\"elementor-column elementor-col-100 elementor-top-column elementor-element elementor-element-ca0f3da\" data-id=\"ca0f3da\" data-element_type=\"column\">\n\t\t\t<div class=\"elementor-widget-wrap elementor-element-populated\">\n\t\t\t\t\t\t<div class=\"elementor-element elementor-element-62383c2 elementor-widget-divider--view-line elementor-widget elementor-widget-divider\" data-id=\"62383c2\" data-element_type=\"widget\" data-widget_type=\"divider.default\">\n\t\t\t\t<div class=\"elementor-widget-container\">\n\t\t\t\t\t\t\t<div class=\"elementor-divider\">\n\t\t\t<span class=\"elementor-divider-separator\">\n\t\t\t\t\t\t<\/span>\n\t\t<\/div>\n\t\t\t\t\t\t<\/div>\n\t\t\t\t<\/div>\n\t\t\t\t<div class=\"elementor-element elementor-element-85d4385 elementor-widget elementor-widget-heading\" data-id=\"85d4385\" data-element_type=\"widget\" data-widget_type=\"heading.default\">\n\t\t\t\t<div class=\"elementor-widget-container\">\n\t\t\t\t\t<h2 class=\"elementor-heading-title elementor-size-default\">Strumenti di calcolo<\/h2>\t\t\t\t<\/div>\n\t\t\t\t<\/div>\n\t\t\t\t\t<\/div>\n\t\t<\/div>\n\t\t\t\t\t<\/div>\n\t\t<\/section>\n\t\t\t\t<section class=\"elementor-section elementor-top-section elementor-element elementor-element-588b82c elementor-hidden-desktop elementor-hidden-tablet elementor-hidden-mobile elementor-section-boxed elementor-section-height-default elementor-section-height-default\" data-id=\"588b82c\" data-element_type=\"section\">\n\t\t\t\t\t\t<div class=\"elementor-container elementor-column-gap-default\">\n\t\t\t\t\t<div class=\"elementor-column elementor-col-33 elementor-top-column elementor-element elementor-element-cf3fe6f\" data-id=\"cf3fe6f\" data-element_type=\"column\">\n\t\t\t<div class=\"elementor-widget-wrap elementor-element-populated\">\n\t\t\t\t\t\t<div class=\"elementor-element elementor-element-e0ab3eb elementor-widget__width-initial elementor-widget elementor-widget-image\" data-id=\"e0ab3eb\" data-element_type=\"widget\" data-widget_type=\"image.default\">\n\t\t\t\t<div class=\"elementor-widget-container\">\n\t\t\t\t\t\t\t\t\t\t\t\t\t\t\t\t<a href=\"https:\/\/calculator.eu.esdec.com\/login\" target=\"_blank\" rel=\"noopener\">\n\t\t\t\t\t\t\t<img decoding=\"async\" width=\"646\" height=\"207\" src=\"https:\/\/evowatt.ch\/wp-content\/uploads\/2023\/11\/thumbnail_image-1.png\" class=\"attachment-large size-large wp-image-17262\" alt=\"\" \/>\t\t\t\t\t\t\t\t<\/a>\n\t\t\t\t\t\t\t\t\t\t\t\t\t\t\t<\/div>\n\t\t\t\t<\/div>\n\t\t\t\t<div class=\"elementor-element elementor-element-9abec50 elementor-widget elementor-widget-heading\" data-id=\"9abec50\" data-element_type=\"widget\" data-widget_type=\"heading.default\">\n\t\t\t\t<div class=\"elementor-widget-container\">\n\t\t\t\t\t<h2 class=\"elementor-heading-title elementor-size-default\"><br>Calcolatrice Esdec<\/h2>\t\t\t\t<\/div>\n\t\t\t\t<\/div>\n\t\t\t\t<div class=\"elementor-element elementor-element-6fc0498 elementor-widget elementor-widget-heading\" data-id=\"6fc0498\" data-element_type=\"widget\" data-widget_type=\"heading.default\">\n\t\t\t\t<div class=\"elementor-widget-container\">\n\t\t\t\t\t<div class=\"elementor-heading-title elementor-size-default\">Calcolate il vostro progetto solare in modo semplice e veloce con il calcolatore Esdec.\n<br>  La calcolatrice Esdec \u00e8 facile da usare in pochi passi:\n\n<ul>\n<li>Selezionare la regione<\/li>\n<li>Selezionare il tipo di tetto<\/li>\n<li>Selezionate il tipo di pannelli solari e i sistemi di fissaggio necessari.<\/li><\/ul>\nRicevete immediatamente una distinta dei materiali e un piano di costruzione su misura.<\/div>\t\t\t\t<\/div>\n\t\t\t\t<\/div>\n\t\t\t\t\t<\/div>\n\t\t<\/div>\n\t\t\t\t<div class=\"elementor-column elementor-col-33 elementor-top-column elementor-element elementor-element-7253f13\" data-id=\"7253f13\" data-element_type=\"column\">\n\t\t\t<div class=\"elementor-widget-wrap elementor-element-populated\">\n\t\t\t\t\t\t<div class=\"elementor-element elementor-element-b3dae3d elementor-widget elementor-widget-image\" data-id=\"b3dae3d\" data-element_type=\"widget\" data-widget_type=\"image.default\">\n\t\t\t\t<div class=\"elementor-widget-container\">\n\t\t\t\t\t\t\t\t\t\t\t\t\t\t\t\t<a href=\"https:\/\/catalogue.k2-systems.com\/fr\/\" target=\"_blank\" rel=\"noopener\">\n\t\t\t\t\t\t\t<img decoding=\"async\" width=\"373\" height=\"148\" src=\"https:\/\/evowatt.ch\/wp-content\/uploads\/2023\/11\/thumbnail_image-2.png\" class=\"attachment-large size-large wp-image-20200\" alt=\"\" \/>\t\t\t\t\t\t\t\t<\/a>\n\t\t\t\t\t\t\t\t\t\t\t\t\t\t\t<\/div>\n\t\t\t\t<\/div>\n\t\t\t\t<div class=\"elementor-element elementor-element-5fbc073 elementor-widget elementor-widget-heading\" data-id=\"5fbc073\" data-element_type=\"widget\" data-widget_type=\"heading.default\">\n\t\t\t\t<div class=\"elementor-widget-container\">\n\t\t\t\t\t<h2 class=\"elementor-heading-title elementor-size-default\">Base K2<\/h2>\t\t\t\t<\/div>\n\t\t\t\t<\/div>\n\t\t\t\t<div class=\"elementor-element elementor-element-fc5af22 elementor-widget elementor-widget-heading\" data-id=\"fc5af22\" data-element_type=\"widget\" data-widget_type=\"heading.default\">\n\t\t\t\t<div class=\"elementor-widget-container\">\n\t\t\t\t\t<p class=\"elementor-heading-title elementor-size-default\">Progettazione rapida e semplice dei sistemi di montaggio K2 per tetti piani e inclinati in cinque fasi.  <br><br>Lo strumento di pianificazione gratuito K2 Base \u00e8 dotato di un cruscotto per una gestione efficiente dei progetti.<br><br>L'integrazione di Google Maps e gli strumenti di progettazione grafica aiutano a pianificare il futuro.\n\nI risultati includono un calcolo strutturale specifico per il progetto, compreso un elenco di elementi per il sistema di montaggio.  <br><br>I dati possono essere trasferiti con K2+ in modo semplice e veloce agli strumenti di pianificazione SolarEdge, SMA, Fronius, Kostal, GoodWe e archelios\u2122 Pro, risparmiando tempo prezioso.<\/p>\t\t\t\t<\/div>\n\t\t\t\t<\/div>\n\t\t\t\t\t<\/div>\n\t\t<\/div>\n\t\t\t\t<div class=\"elementor-column elementor-col-33 elementor-top-column elementor-element elementor-element-09626ac\" data-id=\"09626ac\" data-element_type=\"column\">\n\t\t\t<div class=\"elementor-widget-wrap elementor-element-populated\">\n\t\t\t\t\t\t<div class=\"elementor-element elementor-element-394b43c elementor-widget elementor-widget-image\" data-id=\"394b43c\" data-element_type=\"widget\" data-widget_type=\"image.default\">\n\t\t\t\t<div class=\"elementor-widget-container\">\n\t\t\t\t\t\t\t\t\t\t\t\t\t\t\t\t<a href=\"https:\/\/www.solaredge.com\/nl\/producten\/software\/designer#\/\" target=\"_blank\" rel=\"noopener\">\n\t\t\t\t\t\t\t<img loading=\"lazy\" decoding=\"async\" width=\"400\" height=\"91\" src=\"https:\/\/evowatt.ch\/wp-content\/uploads\/2023\/11\/download.png\" class=\"attachment-large size-large wp-image-20202\" alt=\"\" \/>\t\t\t\t\t\t\t\t<\/a>\n\t\t\t\t\t\t\t\t\t\t\t\t\t\t\t<\/div>\n\t\t\t\t<\/div>\n\t\t\t\t<div class=\"elementor-element elementor-element-16836c4 elementor-widget elementor-widget-heading\" data-id=\"16836c4\" data-element_type=\"widget\" data-widget_type=\"heading.default\">\n\t\t\t\t<div class=\"elementor-widget-container\">\n\t\t\t\t\t<h2 class=\"elementor-heading-title elementor-size-default\">Progettista di SolarEdge<\/h2>\t\t\t\t<\/div>\n\t\t\t\t<\/div>\n\t\t\t\t<div class=\"elementor-element elementor-element-c10ab1d elementor-widget elementor-widget-heading\" data-id=\"c10ab1d\" data-element_type=\"widget\" data-widget_type=\"heading.default\">\n\t\t\t\t<div class=\"elementor-widget-container\">\n\t\t\t\t\t<div class=\"elementor-heading-title elementor-size-default\">SolarEdge Designer \u00e8 uno strumento gratuito per la creazione di un progetto fotovoltaico.  \n<br><br>Grazie alla simulazione 3D, \u00e8 possibile disegnare facilmente una planimetria dell'impianto fotovoltaico e mostrare ai clienti cosa accadr\u00e0 sul loro tetto. L'installazione \u00e8 facile da progettare.<br>  \n\nIl disegno di una corda, ad esempio, avviene automaticamente con pochi clic del mouse.\nIl progettista tiene conto delle ombre e include una mappa solare.  <br>\nQuesto strumento pu\u00f2 essere consultato online ed \u00e8 quindi accessibile da qualsiasi luogo. \u00c8 anche pratico per le sere e i fine settimana, ad esempio.\n\n<ul>\n<li>\nSolarEdge Designer \u00e8 facile da usare  <\/li>\n<li>\nChiudere pi\u00f9 affari con una simulazione 3D dell'installazione  <\/li>\n<li>\nOttimizzazione del sistema.<\/li>\n<\/ul><\/div>\t\t\t\t<\/div>\n\t\t\t\t<\/div>\n\t\t\t\t\t<\/div>\n\t\t<\/div>\n\t\t\t\t\t<\/div>\n\t\t<\/section>\n\t\t\t\t<section class=\"elementor-section elementor-top-section elementor-element elementor-element-7fc14c2 elementor-section-boxed elementor-section-height-default elementor-section-height-default\" data-id=\"7fc14c2\" data-element_type=\"section\">\n\t\t\t\t\t\t<div class=\"elementor-container elementor-column-gap-default\">\n\t\t\t\t\t<div class=\"elementor-column elementor-col-50 elementor-top-column elementor-element elementor-element-14a4ba3\" data-id=\"14a4ba3\" data-element_type=\"column\">\n\t\t\t<div class=\"elementor-widget-wrap elementor-element-populated\">\n\t\t\t\t\t\t<div class=\"elementor-element elementor-element-8c5b15c elementor-widget__width-initial elementor-widget elementor-widget-image\" data-id=\"8c5b15c\" data-element_type=\"widget\" data-widget_type=\"image.default\">\n\t\t\t\t<div class=\"elementor-widget-container\">\n\t\t\t\t\t\t\t\t\t\t\t\t\t\t\t\t<a href=\"https:\/\/k2-systems.com\/fr\/services-numeriques\/k2-base\/\" target=\"_blank\" rel=\"noopener\">\n\t\t\t\t\t\t\t<img loading=\"lazy\" decoding=\"async\" width=\"120\" height=\"78\" src=\"https:\/\/evowatt.ch\/wp-content\/uploads\/2024\/09\/K2_Systems_GmbH.png\" class=\"attachment-large size-large wp-image-25893\" alt=\"\" \/>\t\t\t\t\t\t\t\t<\/a>\n\t\t\t\t\t\t\t\t\t\t\t\t\t\t\t<\/div>\n\t\t\t\t<\/div>\n\t\t\t\t<div class=\"elementor-element elementor-element-9197741 elementor-widget elementor-widget-heading\" data-id=\"9197741\" data-element_type=\"widget\" data-widget_type=\"heading.default\">\n\t\t\t\t<div class=\"elementor-widget-container\">\n\t\t\t\t\t<h2 class=\"elementor-heading-title elementor-size-default\"><br>Calcolatrice K2<\/h2>\t\t\t\t<\/div>\n\t\t\t\t<\/div>\n\t\t\t\t<div class=\"elementor-element elementor-element-e181c7f elementor-widget elementor-widget-heading\" data-id=\"e181c7f\" data-element_type=\"widget\" data-widget_type=\"heading.default\">\n\t\t\t\t<div class=\"elementor-widget-container\">\n\t\t\t\t\t<div class=\"elementor-heading-title elementor-size-default\">Calcolate il vostro progetto solare in modo semplice e veloce con il calcolatore Esdec.\n<br>  La calcolatrice Esdec \u00e8 facile da usare in pochi passi:\n\n<ul>\n<li>Selezionare la regione<\/li>\n<li>Selezionare il tipo di tetto<\/li>\n<li>Selezionate il tipo di pannelli solari e i sistemi di fissaggio necessari.<\/li><\/ul>\nRicevete immediatamente una distinta dei materiali e un piano di costruzione su misura.<\/div>\t\t\t\t<\/div>\n\t\t\t\t<\/div>\n\t\t\t\t\t<\/div>\n\t\t<\/div>\n\t\t\t\t<div class=\"elementor-column elementor-col-50 elementor-top-column elementor-element elementor-element-5449c7d\" data-id=\"5449c7d\" data-element_type=\"column\">\n\t\t\t<div class=\"elementor-widget-wrap elementor-element-populated\">\n\t\t\t\t\t\t<div class=\"elementor-element elementor-element-4eadcbd elementor-widget elementor-widget-image\" data-id=\"4eadcbd\" data-element_type=\"widget\" data-widget_type=\"image.default\">\n\t\t\t\t<div class=\"elementor-widget-container\">\n\t\t\t\t\t\t\t\t\t\t\t\t\t\t\t\t<a href=\"https:\/\/www.solaredge.com\/nl\/producten\/software\/designer#\/\" target=\"_blank\" rel=\"noopener\">\n\t\t\t\t\t\t\t<img loading=\"lazy\" decoding=\"async\" width=\"400\" height=\"91\" src=\"https:\/\/evowatt.ch\/wp-content\/uploads\/2023\/11\/download.png\" class=\"attachment-large size-large wp-image-20202\" alt=\"\" \/>\t\t\t\t\t\t\t\t<\/a>\n\t\t\t\t\t\t\t\t\t\t\t\t\t\t\t<\/div>\n\t\t\t\t<\/div>\n\t\t\t\t<div class=\"elementor-element elementor-element-7781ecd elementor-widget elementor-widget-heading\" data-id=\"7781ecd\" data-element_type=\"widget\" data-widget_type=\"heading.default\">\n\t\t\t\t<div class=\"elementor-widget-container\">\n\t\t\t\t\t<h2 class=\"elementor-heading-title elementor-size-default\">Progettista di SolarEdge<\/h2>\t\t\t\t<\/div>\n\t\t\t\t<\/div>\n\t\t\t\t<div class=\"elementor-element elementor-element-eca905a elementor-widget elementor-widget-heading\" data-id=\"eca905a\" data-element_type=\"widget\" data-widget_type=\"heading.default\">\n\t\t\t\t<div class=\"elementor-widget-container\">\n\t\t\t\t\t<div class=\"elementor-heading-title elementor-size-default\">SolarEdge Designer \u00e8 uno strumento gratuito per la creazione di un progetto fotovoltaico.  \n<br><br>Grazie alla simulazione 3D, \u00e8 possibile disegnare facilmente una planimetria dell'impianto fotovoltaico e mostrare ai clienti cosa accadr\u00e0 sul loro tetto. L'installazione \u00e8 facile da progettare.<br>  \n\nIl disegno di una corda, ad esempio, avviene automaticamente con pochi clic del mouse.\nIl progettista tiene conto delle ombre e include una mappa solare.  <br>\nQuesto strumento pu\u00f2 essere consultato online ed \u00e8 quindi accessibile da qualsiasi luogo. \u00c8 anche pratico per le sere e i fine settimana, ad esempio.\n\n<ul>\n<li>\nSolarEdge Designer \u00e8 facile da usare  <\/li>\n<li>\nChiudere pi\u00f9 affari con una simulazione 3D dell'installazione  <\/li>\n<li>\nOttimizzazione del sistema.<\/li>\n<\/ul><\/div>\t\t\t\t<\/div>\n\t\t\t\t<\/div>\n\t\t\t\t\t<\/div>\n\t\t<\/div>\n\t\t\t\t\t<\/div>\n\t\t<\/section>\n\t\t\t\t<section class=\"elementor-section elementor-top-section elementor-element elementor-element-ab7c425 elementor-section-boxed elementor-section-height-default elementor-section-height-default\" data-id=\"ab7c425\" data-element_type=\"section\">\n\t\t\t\t\t\t<div class=\"elementor-container elementor-column-gap-default\">\n\t\t\t\t\t<div class=\"elementor-column elementor-col-100 elementor-top-column elementor-element elementor-element-d607575\" data-id=\"d607575\" data-element_type=\"column\">\n\t\t\t<div class=\"elementor-widget-wrap elementor-element-populated\">\n\t\t\t\t\t\t<div class=\"elementor-element elementor-element-7f235c5 elementor-widget elementor-widget-spacer\" data-id=\"7f235c5\" data-element_type=\"widget\" data-widget_type=\"spacer.default\">\n\t\t\t\t<div class=\"elementor-widget-container\">\n\t\t\t\t\t\t\t<div class=\"elementor-spacer\">\n\t\t\t<div class=\"elementor-spacer-inner\"><\/div>\n\t\t<\/div>\n\t\t\t\t\t\t<\/div>\n\t\t\t\t<\/div>\n\t\t\t\t\t<\/div>\n\t\t<\/div>\n\t\t\t\t\t<\/div>\n\t\t<\/section>\n\t\t\t\t<section class=\"elementor-section elementor-top-section elementor-element elementor-element-4eb8e2d elementor-section-boxed elementor-section-height-default elementor-section-height-default\" data-id=\"4eb8e2d\" data-element_type=\"section\">\n\t\t\t\t\t\t<div class=\"elementor-container elementor-column-gap-default\">\n\t\t\t\t\t<div class=\"elementor-column elementor-col-50 elementor-top-column elementor-element elementor-element-585abff\" data-id=\"585abff\" data-element_type=\"column\">\n\t\t\t<div class=\"elementor-widget-wrap elementor-element-populated\">\n\t\t\t\t\t\t<div class=\"elementor-element elementor-element-571ffda elementor-widget elementor-widget-image\" data-id=\"571ffda\" data-element_type=\"widget\" data-widget_type=\"image.default\">\n\t\t\t\t<div class=\"elementor-widget-container\">\n\t\t\t\t\t\t\t\t\t\t\t\t\t\t\t\t<a href=\"https:\/\/eu.smartdesign.huawei.com:31943\/login\/login.action\" target=\"_blank\" rel=\"noopener\">\n\t\t\t\t\t\t\t<img loading=\"lazy\" decoding=\"async\" width=\"1024\" height=\"342\" src=\"https:\/\/evowatt.ch\/wp-content\/uploads\/2023\/11\/download-1-1024x342.png\" class=\"attachment-large size-large wp-image-20204\" alt=\"\" \/>\t\t\t\t\t\t\t\t<\/a>\n\t\t\t\t\t\t\t\t\t\t\t\t\t\t\t<\/div>\n\t\t\t\t<\/div>\n\t\t\t\t<div class=\"elementor-element elementor-element-96afc53 elementor-widget elementor-widget-heading\" data-id=\"96afc53\" data-element_type=\"widget\" data-widget_type=\"heading.default\">\n\t\t\t\t<div class=\"elementor-widget-container\">\n\t\t\t\t\t<h2 class=\"elementor-heading-title elementor-size-default\">Huawei SmartDesign<\/h2>\t\t\t\t<\/div>\n\t\t\t\t<\/div>\n\t\t\t\t<div class=\"elementor-element elementor-element-d86c823 elementor-widget elementor-widget-heading\" data-id=\"d86c823\" data-element_type=\"widget\" data-widget_type=\"heading.default\">\n\t\t\t\t<div class=\"elementor-widget-container\">\n\t\t\t\t\t<div class=\"elementor-heading-title elementor-size-default\">Il configuratore Huawei SmartDesign \u00e8 lo strumento ideale per utilizzare i prodotti Huawei. Consente di progettare e dimensionare i sistemi, anche con una combinazione di batterie. Registratevi online per salvare tutti i vostri progetti Per utilizzare il configuratore, \u00e8 necessario registrarsi. Il vantaggio \u00e8 che tutti i progetti rimarranno online e potranno essere rivisti se necessario. Ma non \u00e8 tutto: sar\u00e0 anche possibile personalizzare sia il luogo di installazione che il modulo, una funzione molto utile se si utilizzano moduli appena usciti sul mercato.<\/div>\t\t\t\t<\/div>\n\t\t\t\t<\/div>\n\t\t\t\t\t<\/div>\n\t\t<\/div>\n\t\t\t\t<div class=\"elementor-column elementor-col-50 elementor-top-column elementor-element elementor-element-e7b79f8\" data-id=\"e7b79f8\" data-element_type=\"column\">\n\t\t\t<div class=\"elementor-widget-wrap elementor-element-populated\">\n\t\t\t\t\t\t<div class=\"elementor-element elementor-element-6191b43 elementor-widget elementor-widget-image\" data-id=\"6191b43\" data-element_type=\"widget\" data-widget_type=\"image.default\">\n\t\t\t\t<div class=\"elementor-widget-container\">\n\t\t\t\t\t\t\t\t\t\t\t\t\t\t\t\t<a href=\"https:\/\/enstallidprdb2c.b2clogin.com\/enstallidprdb2c.onmicrosoft.com\/b2c_1a_seamlessmigration_signuporsignin\/oauth2\/v2.0\/authorize?client_id=1bafd7ed-fb6b-44bf-983a-c4447e50766e&#038;scope=https%3A%2F%2FenstallidPRDB2C.onmicrosoft.com%2F68928c1f-aa86-4d34-be4f-b8d22a9b551b%2FData.Read%20openid%20profile%20offline_access&#038;redirect_uri=https%3A%2F%2Fmy.enstall.com%2F&#038;client-request-id=01983df7-31ac-7544-93ec-2ab767f84747&#038;response_mode=fragment&#038;response_type=code&#038;x-client-SKU=msal.js.browser&#038;x-client-VER=3.28.1&#038;client_info=1&#038;code_challenge=vnSUtMI_1G7OqyGM5anoQ7rLdvDK11tnPz-NAZXty-I&#038;code_challenge_method=S256&#038;nonce=01983df7-31ad-75b0-9949-90d9807fdb15&#038;state=eyJpZCI6IjAxOTgzZGY3LTMxYWMtN2MxZS1iNDc5LWFjZTFjMTY1ZjAyNiIsIm1ldGEiOnsiaW50ZXJhY3Rpb25UeXBlIjoicmVkaXJlY3QifX0%3D\" target=\"_blank\" rel=\"noopener\">\n\t\t\t\t\t\t\t<img loading=\"lazy\" decoding=\"async\" width=\"279\" height=\"89\" src=\"https:\/\/evowatt.ch\/wp-content\/uploads\/2025\/07\/Enstall-Logo_1.png\" class=\"attachment-large size-large wp-image-28641\" alt=\"\" \/>\t\t\t\t\t\t\t\t<\/a>\n\t\t\t\t\t\t\t\t\t\t\t\t\t\t\t<\/div>\n\t\t\t\t<\/div>\n\t\t\t\t<div class=\"elementor-element elementor-element-b433c66 elementor-widget elementor-widget-heading\" data-id=\"b433c66\" data-element_type=\"widget\" data-widget_type=\"heading.default\">\n\t\t\t\t<div class=\"elementor-widget-container\">\n\t\t\t\t\t<h2 class=\"elementor-heading-title elementor-size-default\">ESDEC Le nostre soluzioni per ogni tipo di tetto<\/h2>\t\t\t\t<\/div>\n\t\t\t\t<\/div>\n\t\t\t\t<div class=\"elementor-element elementor-element-ee3b4e7 elementor-widget elementor-widget-heading\" data-id=\"ee3b4e7\" data-element_type=\"widget\" data-widget_type=\"heading.default\">\n\t\t\t\t<div class=\"elementor-widget-container\">\n\t\t\t\t\t<div class=\"elementor-heading-title elementor-size-default\">Enstall \u00e8 uno dei principali fornitori di sistemi di copertura solare negli Stati Uniti e in Europa. Progettati da installatori per installatori, i nostri sistemi di montaggio innovativi e affidabili sono adatti a tutti i tipi di progetti. In qualit\u00e0 di principale fornitore di sistemi di montaggio, offriamo prodotti brevettati di alta qualit\u00e0, accompagnati da assistenza e formazione all'avanguardia. Le nostre soluzioni accelerano la crescita dell'energia solare rendendo l'installazione pi\u00f9 rapida, sicura e facile.<\/div>\t\t\t\t<\/div>\n\t\t\t\t<\/div>\n\t\t\t\t\t<\/div>\n\t\t<\/div>\n\t\t\t\t\t<\/div>\n\t\t<\/section>\n\t\t\t\t<\/div>\n\t\t","protected":false},"excerpt":{"rendered":"<p>Per il tuo progetto con il calcolatore di Evowatt Calcolate il vostro progetto solare in modo semplice e veloce con il calcolatore Evowatt. Il calcolatore Evowatt \u00e8 facile da usare in pochi passi. Strumenti di calcolo Calcolatrice Esdec Calcolate il vostro progetto solare in modo semplice e veloce con il calcolatore Esdec. La calcolatrice Esdec [&hellip;]<\/p>\n","protected":false},"author":1,"featured_media":0,"parent":0,"menu_order":0,"comment_status":"closed","ping_status":"closed","template":"","meta":{"_acf_changed":false,"footnotes":""},"class_list":["post-21160","page","type-page","status-publish","hentry"],"acf":[],"_links":{"self":[{"href":"https:\/\/evowatt.ch\/it\/wp-json\/wp\/v2\/pages\/21160","targetHints":{"allow":["GET"]}}],"collection":[{"href":"https:\/\/evowatt.ch\/it\/wp-json\/wp\/v2\/pages"}],"about":[{"href":"https:\/\/evowatt.ch\/it\/wp-json\/wp\/v2\/types\/page"}],"author":[{"embeddable":true,"href":"https:\/\/evowatt.ch\/it\/wp-json\/wp\/v2\/users\/1"}],"replies":[{"embeddable":true,"href":"https:\/\/evowatt.ch\/it\/wp-json\/wp\/v2\/comments?post=21160"}],"version-history":[{"count":10,"href":"https:\/\/evowatt.ch\/it\/wp-json\/wp\/v2\/pages\/21160\/revisions"}],"predecessor-version":[{"id":28657,"href":"https:\/\/evowatt.ch\/it\/wp-json\/wp\/v2\/pages\/21160\/revisions\/28657"}],"wp:attachment":[{"href":"https:\/\/evowatt.ch\/it\/wp-json\/wp\/v2\/media?parent=21160"}],"curies":[{"name":"wp","href":"https:\/\/api.w.org\/{rel}","templated":true}]}}