{"id":54471,"date":"2026-05-07T01:22:23","date_gmt":"2026-05-06T23:22:23","guid":{"rendered":"https:\/\/evowatt.ch\/produit\/sigenstack-48-kwh-50-kw-1c\/"},"modified":"2026-05-07T01:22:23","modified_gmt":"2026-05-06T23:22:23","slug":"sigenstack-48-kwh-50-kw-1c","status":"publish","type":"product","link":"https:\/\/evowatt.ch\/de\/produkt\/sigenstack-48-kwh-50-kw-1c\/","title":{"rendered":"SIGENSTACK 48 KWH \/ 50 KW \/ 1C"},"content":{"rendered":"<p>Produktinformationen &#8220;SigenStack 48 kWh \/ 50 kW \/ 1C&#8221;<br \/>\nACHTUNG:<br \/>\nUN 3480 Lithium-Ionen-Batterien<br \/>\nGefahrgutklasse: 9 (E)<br \/>\nTransportkategorie: 2<br \/>\nSigenStack, die neueste modulare Speicherl\u00f6sung von Sigenergy, bietet eine flexible, zuverl\u00e4ssige und skalierbare Option f\u00fcr kommerzielle Anwendungen. Das innovative und modulare Design erleichtert die Wahl des Standorts und die Installation. Dank des hochmodernen Sicherheitsmanagements auf der Ebene der Batteriemodule behalten Sie die volle Kontrolle.  <\/p>\n<p>Systemvorteile:<br \/>\nNutzbare Kapazit\u00e4t: 46,8 kWh<br \/>\nMax. PV-Leistung: 100 kWp<br \/>\nMaximale Lade- und Entladerate: 1 C<br \/>\nVollst\u00e4ndig modular, skalierbar und erweiterbar<br \/>\nKaskadierung: Bis zu 100 Wechselrichter m\u00f6glich &#8211; ohne Datenlogger<br \/>\nIntelligentes Energiemanagementsystem \u00fcber die mySigen App<br \/>\nSchutzart IP66: Geeignet f\u00fcr den Einsatz im Innen- und Au\u00dfenbereich.<\/p>\n<p>Anmerkungen:<br \/>\nKann sowohl als Wechselstroml\u00f6sung ohne Photovoltaikanlage (ESS-only) als auch als Gleichstroml\u00f6sung mit Photovoltaikanlage (ESS+PV) verwendet werden<br \/>\nBen\u00f6tigt 3 externe Stromwandler (5 A oder 1 A) &#8211; nicht im Lieferumfang enthalten.<\/p>\n<p>+<br \/>\nOffizielle Downloads &amp; Datenbl\u00e4tter von Sigenergy<\/p>\n","protected":false},"excerpt":{"rendered":"<p>\u2714 Topologie: ohne Transformator<br \/>\n\u2714 Max. Ausgangsstrom (A): 66.20<br \/>\n\u2714 DC-Steckertyp: MC4<br \/>\n\u2714 Max. Anzahl der String-Eing\u00e4nge: 8<br \/>\n\u2714 Max. DC-Anschlussleistung (kWp): 100.00<br \/>\n\u2714 Max. AC (kVA): 55.00   <\/p>\n","protected":false},"featured_media":54472,"template":"","meta":{"_acf_changed":false},"product_brand":[7067],"product_cat":[358],"product_tag":[],"class_list":{"0":"post-54471","1":"product","2":"type-product","3":"status-publish","4":"has-post-thumbnail","6":"product_brand-sigenergy-2","7":"product_cat-batterien","10":"first","11":"instock","12":"downloadable","13":"taxable","14":"shipping-taxable","15":"product-type-simple"},"acf":[],"_links":{"self":[{"href":"https:\/\/evowatt.ch\/de\/wp-json\/wp\/v2\/product\/54471","targetHints":{"allow":["GET"]}}],"collection":[{"href":"https:\/\/evowatt.ch\/de\/wp-json\/wp\/v2\/product"}],"about":[{"href":"https:\/\/evowatt.ch\/de\/wp-json\/wp\/v2\/types\/product"}],"version-history":[{"count":0,"href":"https:\/\/evowatt.ch\/de\/wp-json\/wp\/v2\/product\/54471\/revisions"}],"wp:featuredmedia":[{"embeddable":true,"href":"https:\/\/evowatt.ch\/de\/wp-json\/wp\/v2\/media\/54472"}],"wp:attachment":[{"href":"https:\/\/evowatt.ch\/de\/wp-json\/wp\/v2\/media?parent=54471"}],"wp:term":[{"taxonomy":"product_brand","embeddable":true,"href":"https:\/\/evowatt.ch\/de\/wp-json\/wp\/v2\/product_brand?post=54471"},{"taxonomy":"product_cat","embeddable":true,"href":"https:\/\/evowatt.ch\/de\/wp-json\/wp\/v2\/product_cat?post=54471"},{"taxonomy":"product_tag","embeddable":true,"href":"https:\/\/evowatt.ch\/de\/wp-json\/wp\/v2\/product_tag?post=54471"}],"curies":[{"name":"wp","href":"https:\/\/api.w.org\/{rel}","templated":true}]}}