{"id":54460,"date":"2026-05-07T01:21:46","date_gmt":"2026-05-06T23:21:46","guid":{"rendered":"https:\/\/evowatt.ch\/produit\/sigenstack-253-kwh-125-kw-0-5c\/"},"modified":"2026-05-07T01:21:46","modified_gmt":"2026-05-06T23:21:46","slug":"sigenstack-253-kwh-125-kw-0-5c","status":"publish","type":"product","link":"https:\/\/evowatt.ch\/de\/produkt\/sigenstack-253-kwh-125-kw-0-5c\/","title":{"rendered":"SIGENSTACK 253 KWH \/ 125 KW \/ 0.5C"},"content":{"rendered":"<p>Produktinformationen &#8220;SigenStack 253 kWh \/ 125 kW \/ 0.5C&#8221;<br \/>\nACHTUNG:<br \/>\nUN 3480 Lithium-Ionen-Batterien<br \/>\nGefahrgutklasse: 9 (E)<br \/>\nTransportkategorie: 2<br \/>\nSigenStack, die neueste modulare Speicherl\u00f6sung von Sigenergy, bietet eine flexible, zuverl\u00e4ssige und skalierbare Option f\u00fcr kommerzielle Anwendungen. Das innovative und modulare Design erleichtert die Wahl des Standorts und die Installation. Dank des hochmodernen Sicherheitsmanagements auf der Ebene der Batteriemodule behalten Sie die volle Kontrolle.  <\/p>\n<p>Systemvorteile:<br \/>\nNutzbare Kapazit\u00e4t: 245,7 kWh<br \/>\nMaximale Lade- und Entladerate: 0,5 C<br \/>\nVollst\u00e4ndig modular, skalierbar und erweiterbar<br \/>\nKaskadierung: Bis zu 100 Wechselrichter m\u00f6glich &#8211; ohne Datenlogger<br \/>\nIntelligentes Energiemanagementsystem \u00fcber die mySigen App<br \/>\nSchutzart IP66: Geeignet f\u00fcr den Einsatz im Innen- und Au\u00dfenbereich.<\/p>\n<p>Anmerkungen:<br \/>\nVerwendbar als Wechselstroml\u00f6sung ohne Photovoltaikanlage (ESS-only) sowie als Gleichstroml\u00f6sung mit Photovoltaikanlage (ESS+PV)<br \/>\nEmpfohlene minimale Leerlaufspannung des PV-Strings: 935 V<br \/>\nBen\u00f6tigt 3 externe Stromwandler (5 A oder 1 A) &#8211; nicht im Lieferumfang enthalten<\/p>\n<p>+<br \/>\nOffizielle Downloads &amp; Datenbl\u00e4tter von Sigenergy<\/p>\n","protected":false},"excerpt":{"rendered":"<p>\u2714 Topologie: ohne Transformator<br \/>\n\u2714 DC-Steckertyp: MC4<br \/>\n\u2714 Max. DC-Anschlussleistung (kWp): 220.00<br \/>\n\u2714 Schutzklasse: IP66<br \/>\n\u2714 Anzahl MPP-Tracker (pcs): 8<br \/>\n\u2714 AC-\u00dcberspannungsschutz: Typ 2<\/p>\n","protected":false},"featured_media":54462,"template":"","meta":{"_acf_changed":false},"product_brand":[7067],"product_cat":[358],"product_tag":[],"class_list":{"0":"post-54460","1":"product","2":"type-product","3":"status-publish","4":"has-post-thumbnail","6":"product_brand-sigenergy-2","7":"product_cat-batterien","10":"first","11":"instock","12":"downloadable","13":"taxable","14":"shipping-taxable","15":"product-type-simple"},"acf":[],"_links":{"self":[{"href":"https:\/\/evowatt.ch\/de\/wp-json\/wp\/v2\/product\/54460","targetHints":{"allow":["GET"]}}],"collection":[{"href":"https:\/\/evowatt.ch\/de\/wp-json\/wp\/v2\/product"}],"about":[{"href":"https:\/\/evowatt.ch\/de\/wp-json\/wp\/v2\/types\/product"}],"version-history":[{"count":0,"href":"https:\/\/evowatt.ch\/de\/wp-json\/wp\/v2\/product\/54460\/revisions"}],"wp:featuredmedia":[{"embeddable":true,"href":"https:\/\/evowatt.ch\/de\/wp-json\/wp\/v2\/media\/54462"}],"wp:attachment":[{"href":"https:\/\/evowatt.ch\/de\/wp-json\/wp\/v2\/media?parent=54460"}],"wp:term":[{"taxonomy":"product_brand","embeddable":true,"href":"https:\/\/evowatt.ch\/de\/wp-json\/wp\/v2\/product_brand?post=54460"},{"taxonomy":"product_cat","embeddable":true,"href":"https:\/\/evowatt.ch\/de\/wp-json\/wp\/v2\/product_cat?post=54460"},{"taxonomy":"product_tag","embeddable":true,"href":"https:\/\/evowatt.ch\/de\/wp-json\/wp\/v2\/product_tag?post=54460"}],"curies":[{"name":"wp","href":"https:\/\/api.w.org\/{rel}","templated":true}]}}