{"id":54405,"date":"2026-05-07T01:18:47","date_gmt":"2026-05-06T23:18:47","guid":{"rendered":"https:\/\/evowatt.ch\/produit\/sigen-power-sensor-tp-ct-100-a\/"},"modified":"2026-05-07T01:18:47","modified_gmt":"2026-05-06T23:18:47","slug":"sigen-power-sensor-tp-ct-100-a","status":"publish","type":"product","link":"https:\/\/evowatt.ch\/de\/produkt\/sigen-power-sensor-tp-ct-100-a\/","title":{"rendered":"SIGEN POWER SENSOR TP-CT 100 A"},"content":{"rendered":"<p>Produktinformationen zu &#8220;Sigen Power Sensor TP-CT 100 A&#8221;<br \/>\nDer Sigen Power Three Phase External CT ist ein intelligenter dreiphasiger Z\u00e4hler von Sigenergy, der f\u00fcr das modulare Energiespeichersystem SigenStor \/ SigenStack entwickelt wurde.<br \/>\nDie mitgelieferten Stromwandler (CT) erm\u00f6glichen eine Strommessung von bis zu 100 A pro Phase &#8211; ideal f\u00fcr die Echtzeit\u00fcberwachung des Energieflusses in Wohn- oder Gewerbeanlagen.<br \/>\nDank der Modbus RTU-Kommunikation, einer Datenaktualisierung alle 100 ms und der Montage auf einer DIN-Schiene l\u00e4sst sich der Sensor einfach installieren und in bestehende Systeme integrieren. Seine hohe Messgenauigkeit von bis zu 1 % erm\u00f6glicht eine pr\u00e4zise Steuerung und eine optimierte Energieverteilung. <\/p>\n<p>Produktmerkmale:<br \/>\nMessrichtung: bidirektional<br \/>\nMessart: indirekt (3 Stromwandler enthalten)<br \/>\nEingangsstrom: bis zu 100 A<br \/>\nSelbstversorgend (kein Netzteil erforderlich)<br \/>\nAnschlussphasen: 3<br \/>\nKommunikation: RS485 Modbus RTU<br \/>\nMontage: DIN-Schiene 35 mm<br \/>\nSchutzklasse: IP20<\/p>\n<p>\ud83d\udcc4 Offizielle Downloads &amp; Datenbl\u00e4tter von Sigenergy<\/p>\n","protected":false},"excerpt":{"rendered":"<p>\u2714 Max. Eingangsstrom gesamt (A): 100.00<br \/>\n\u2714 AC-Messtyp: indirekt<br \/>\n\u2714 Montageart: DIN-Schiene<br \/>\n\u2714 Ursprungsland: China<br \/>\n\u2714 Instrastat Produktnummer (HS-Code): 90283011<br \/>\n\u2714 Hersteller: Sigenergy <\/p>\n","protected":false},"featured_media":54406,"template":"","meta":{"_acf_changed":false},"product_brand":[7067],"product_cat":[7056],"product_tag":[],"class_list":{"0":"post-54405","1":"product","2":"type-product","3":"status-publish","4":"has-post-thumbnail","6":"product_brand-sigenergy-2","7":"product_cat-zubehor-fur-wechselrichter","10":"first","11":"instock","12":"downloadable","13":"taxable","14":"shipping-taxable","15":"product-type-simple"},"acf":[],"_links":{"self":[{"href":"https:\/\/evowatt.ch\/de\/wp-json\/wp\/v2\/product\/54405","targetHints":{"allow":["GET"]}}],"collection":[{"href":"https:\/\/evowatt.ch\/de\/wp-json\/wp\/v2\/product"}],"about":[{"href":"https:\/\/evowatt.ch\/de\/wp-json\/wp\/v2\/types\/product"}],"version-history":[{"count":0,"href":"https:\/\/evowatt.ch\/de\/wp-json\/wp\/v2\/product\/54405\/revisions"}],"wp:featuredmedia":[{"embeddable":true,"href":"https:\/\/evowatt.ch\/de\/wp-json\/wp\/v2\/media\/54406"}],"wp:attachment":[{"href":"https:\/\/evowatt.ch\/de\/wp-json\/wp\/v2\/media?parent=54405"}],"wp:term":[{"taxonomy":"product_brand","embeddable":true,"href":"https:\/\/evowatt.ch\/de\/wp-json\/wp\/v2\/product_brand?post=54405"},{"taxonomy":"product_cat","embeddable":true,"href":"https:\/\/evowatt.ch\/de\/wp-json\/wp\/v2\/product_cat?post=54405"},{"taxonomy":"product_tag","embeddable":true,"href":"https:\/\/evowatt.ch\/de\/wp-json\/wp\/v2\/product_tag?post=54405"}],"curies":[{"name":"wp","href":"https:\/\/api.w.org\/{rel}","templated":true}]}}