{"id":54327,"date":"2026-05-07T01:12:15","date_gmt":"2026-05-06T23:12:15","guid":{"rendered":"https:\/\/evowatt.ch\/produit\/energy-gateway-c1200-b\/"},"modified":"2026-05-07T01:12:15","modified_gmt":"2026-05-06T23:12:15","slug":"energy-gateway-c1200-b","status":"publish","type":"product","link":"https:\/\/evowatt.ch\/de\/produkt\/energy-gateway-c1200-b\/","title":{"rendered":"ENERGY GATEWAY C1200-B"},"content":{"rendered":"<p>Produktinformationen &#8220;Energy Gateway C1200-B&#8221;<br \/>\nDas Gateway C1200-B von Sigenergy ist die zentrale Netzumschalt- und Kommunikationsschnittstelle f\u00fcr das modulare Energiespeichersystem SigenStack in Kombination mit HYB-Wechselrichtern. Es erm\u00f6glicht eine nahtlose Umschaltung zwischen Netz- und Backup-Modus ohne Spannungsunterbrechung &#8211; Ideal f\u00fcr gro\u00dfe C&amp;I-Anlagen bis zu 1200 kW. <\/p>\n<p>Produktvorteile:<br \/>\nAnschluss von bis zu 20 HYB-Wechselrichtern m\u00f6glich<br \/>\nIntegrierter Smart Meter<br \/>\nAC-Ausgang: 1200 kW<br \/>\nNotstromausgang: 0 ms Umschaltzeit f\u00fcr unterbrechungsfreie Stromversorgung<br \/>\nAnschluss an einen Notstromgenerator m\u00f6glich<\/p>\n<p>+<br \/>\nOffizielle Downloads &amp; Datenbl\u00e4tter von Sigenergy<\/p>\n","protected":false},"excerpt":{"rendered":"<p>\u2714 Nennstrom (A): 1824.00<br \/>\n\u2714 Ursprungsland: China<br \/>\n\u2714 Hersteller Artikelbezeichnung: Sigen Gateway C1200-B<br \/>\n\u2714 Hersteller : Sigenergy<br \/>\n\u2714 Instrastat Produktnummer (HS-Code): 85371098<br \/>\n\u2714 Breite einschlie\u00dflich Verpackung (cm): 150.00<\/p>\n","protected":false},"featured_media":0,"template":"","meta":{"_acf_changed":false},"product_brand":[7067],"product_cat":[7056],"product_tag":[],"class_list":{"0":"post-54327","1":"product","2":"type-product","3":"status-publish","5":"product_brand-sigenergy-2","6":"product_cat-zubehor-fur-wechselrichter","8":"first","9":"instock","10":"downloadable","11":"taxable","12":"shipping-taxable","13":"product-type-simple"},"acf":[],"_links":{"self":[{"href":"https:\/\/evowatt.ch\/de\/wp-json\/wp\/v2\/product\/54327","targetHints":{"allow":["GET"]}}],"collection":[{"href":"https:\/\/evowatt.ch\/de\/wp-json\/wp\/v2\/product"}],"about":[{"href":"https:\/\/evowatt.ch\/de\/wp-json\/wp\/v2\/types\/product"}],"version-history":[{"count":0,"href":"https:\/\/evowatt.ch\/de\/wp-json\/wp\/v2\/product\/54327\/revisions"}],"wp:attachment":[{"href":"https:\/\/evowatt.ch\/de\/wp-json\/wp\/v2\/media?parent=54327"}],"wp:term":[{"taxonomy":"product_brand","embeddable":true,"href":"https:\/\/evowatt.ch\/de\/wp-json\/wp\/v2\/product_brand?post=54327"},{"taxonomy":"product_cat","embeddable":true,"href":"https:\/\/evowatt.ch\/de\/wp-json\/wp\/v2\/product_cat?post=54327"},{"taxonomy":"product_tag","embeddable":true,"href":"https:\/\/evowatt.ch\/de\/wp-json\/wp\/v2\/product_tag?post=54327"}],"curies":[{"name":"wp","href":"https:\/\/api.w.org\/{rel}","templated":true}]}}