{"id":52823,"date":"2026-03-10T15:05:01","date_gmt":"2026-03-10T14:05:01","guid":{"rendered":"https:\/\/evowatt.ch\/produit\/huawei-smartps-ddsu666-h-100-a-40-ma\/"},"modified":"2026-03-10T15:05:01","modified_gmt":"2026-03-10T14:05:01","slug":"huawei-smartps-ddsu666-h-100-a-40-ma","status":"publish","type":"product","link":"https:\/\/evowatt.ch\/de\/produkt\/huawei-smartps-ddsu666-h-100-a-40-ma\/","title":{"rendered":"Huawei SmartPS DDSU666-H 100 A\/40 mA"},"content":{"rendered":"<p>Einphasiger Smart Meter<br \/>\n1x Stromwandler 100 A und 5 m RS485-Kabel anschlussfertig im Lieferumfang enthalten.<br \/>\nMessgenauigkeit &gt; Klasse 1 innerhalb des gesamten Temperaturbereichs<br \/>\nBegrenzungskontrolle f\u00fcr Stromexport<br \/>\nLCD-Display, benutzerfreundlich, f\u00fcr Installation und \u00dcberpr\u00fcfung<br \/>\n3 Stromwandler 250 A und verdrahtet [&#8230;]<br \/>\nLesen<\/p>\n","protected":false},"excerpt":{"rendered":"<ul>\n<li>Kategorie: Energiez\u00e4hler<\/li>\n<li>Produktgarantie: 2 Jahre<\/li>\n<li>L\u00e4nge: 100 mm<\/li>\n<li>Breite: 36 mm<\/li>\n<li>Dicke: 66 mm<\/li>\n<li>Gewicht: 1.200 kg<\/li>\n<\/ul>\n","protected":false},"featured_media":52824,"template":"","meta":{"_acf_changed":false},"product_brand":[495],"product_cat":[7056],"product_tag":[],"class_list":{"0":"post-52823","1":"product","2":"type-product","3":"status-publish","4":"has-post-thumbnail","6":"product_brand-huawei-de-2","7":"product_cat-zubehor-fur-wechselrichter","10":"first","11":"instock","12":"taxable","13":"shipping-taxable","14":"product-type-simple"},"acf":[],"_links":{"self":[{"href":"https:\/\/evowatt.ch\/de\/wp-json\/wp\/v2\/product\/52823","targetHints":{"allow":["GET"]}}],"collection":[{"href":"https:\/\/evowatt.ch\/de\/wp-json\/wp\/v2\/product"}],"about":[{"href":"https:\/\/evowatt.ch\/de\/wp-json\/wp\/v2\/types\/product"}],"version-history":[{"count":0,"href":"https:\/\/evowatt.ch\/de\/wp-json\/wp\/v2\/product\/52823\/revisions"}],"wp:featuredmedia":[{"embeddable":true,"href":"https:\/\/evowatt.ch\/de\/wp-json\/wp\/v2\/media\/52824"}],"wp:attachment":[{"href":"https:\/\/evowatt.ch\/de\/wp-json\/wp\/v2\/media?parent=52823"}],"wp:term":[{"taxonomy":"product_brand","embeddable":true,"href":"https:\/\/evowatt.ch\/de\/wp-json\/wp\/v2\/product_brand?post=52823"},{"taxonomy":"product_cat","embeddable":true,"href":"https:\/\/evowatt.ch\/de\/wp-json\/wp\/v2\/product_cat?post=52823"},{"taxonomy":"product_tag","embeddable":true,"href":"https:\/\/evowatt.ch\/de\/wp-json\/wp\/v2\/product_tag?post=52823"}],"curies":[{"name":"wp","href":"https:\/\/api.w.org\/{rel}","templated":true}]}}