{"id":52806,"date":"2026-03-10T15:24:02","date_gmt":"2026-03-10T14:24:02","guid":{"rendered":"https:\/\/evowatt.ch\/produit\/huawei-smartps-80ai-t0\/"},"modified":"2026-03-10T15:24:02","modified_gmt":"2026-03-10T14:24:02","slug":"huawei-smartps-80ai-t0","status":"publish","type":"product","link":"https:\/\/evowatt.ch\/de\/produkt\/huawei-smartps-80ai-t0\/","title":{"rendered":"Huawei SmartPS-80AI-T0"},"content":{"rendered":"<p>SmartMeter f\u00fcr die direkte Messung bis 80 A. F\u00fcr die Messung gr\u00f6\u00dferer Str\u00f6me sind externe Stromwandler mit einem Sekund\u00e4rstrom von 5 A erforderlich.<br \/>\nMessgenauigkeit &gt; Klasse 1 innerhalb des gesamten Temperaturbereichs<br \/>\nBegrenzungskontrolle f\u00fcr Stromexport<br \/>\nLCD-Bildschirm, praktisch f\u00fcr die Installation [&#8230;]<br \/>\nLies mehr<\/p>\n<p>Die Stromwandler sind nicht im Lieferumfang enthalten.<br \/>\nYDS60-C24 \/ DTSU666-HW sind legitime Bezeichnungen f\u00fcr diesen Artikel. Es gibt nur einen Unterschied in der Fertigungslinie. <\/p>\n","protected":false},"excerpt":{"rendered":"<ul>\n<li>Kategorie: Energiez\u00e4hler<\/li>\n<li>Produktgarantie: 2 Jahre<\/li>\n<li>L\u00e4nge: 100 mm<\/li>\n<li>Breite: 85 mm<\/li>\n<li>Dicke: 72 mm<\/li>\n<li>Gewicht: 0,500 kg<\/li>\n<\/ul>\n","protected":false},"featured_media":52807,"template":"","meta":{"_acf_changed":false},"product_brand":[495],"product_cat":[7056],"product_tag":[],"class_list":{"0":"post-52806","1":"product","2":"type-product","3":"status-publish","4":"has-post-thumbnail","6":"product_brand-huawei-de-2","7":"product_cat-zubehor-fur-wechselrichter","10":"first","11":"instock","12":"taxable","13":"shipping-taxable","14":"product-type-simple"},"acf":[],"_links":{"self":[{"href":"https:\/\/evowatt.ch\/de\/wp-json\/wp\/v2\/product\/52806","targetHints":{"allow":["GET"]}}],"collection":[{"href":"https:\/\/evowatt.ch\/de\/wp-json\/wp\/v2\/product"}],"about":[{"href":"https:\/\/evowatt.ch\/de\/wp-json\/wp\/v2\/types\/product"}],"version-history":[{"count":0,"href":"https:\/\/evowatt.ch\/de\/wp-json\/wp\/v2\/product\/52806\/revisions"}],"wp:featuredmedia":[{"embeddable":true,"href":"https:\/\/evowatt.ch\/de\/wp-json\/wp\/v2\/media\/52807"}],"wp:attachment":[{"href":"https:\/\/evowatt.ch\/de\/wp-json\/wp\/v2\/media?parent=52806"}],"wp:term":[{"taxonomy":"product_brand","embeddable":true,"href":"https:\/\/evowatt.ch\/de\/wp-json\/wp\/v2\/product_brand?post=52806"},{"taxonomy":"product_cat","embeddable":true,"href":"https:\/\/evowatt.ch\/de\/wp-json\/wp\/v2\/product_cat?post=52806"},{"taxonomy":"product_tag","embeddable":true,"href":"https:\/\/evowatt.ch\/de\/wp-json\/wp\/v2\/product_tag?post=52806"}],"curies":[{"name":"wp","href":"https:\/\/api.w.org\/{rel}","templated":true}]}}