{"id":52195,"date":"2026-03-16T18:20:46","date_gmt":"2026-03-16T17:20:46","guid":{"rendered":"https:\/\/evowatt.ch\/produit\/lapp-erdungskabel-h07z-k-1x10-100-m\/"},"modified":"2026-03-16T18:20:46","modified_gmt":"2026-03-16T17:20:46","slug":"lapp-erdungskabel-h07z-k-1x10-100-m","status":"publish","type":"product","link":"https:\/\/evowatt.ch\/de\/produkt\/lapp-erdungskabel-h07z-k-1x10-100-m\/","title":{"rendered":"LAPP Erdungskabel H07Z-K, 1X10 100 m"},"content":{"rendered":"<p>H07Z-K 90\u00b0C 1X10 GNYE<\/p>\n<p>-Feindr\u00e4htige Litze aus blanken Kupferdr\u00e4hten- Feindr\u00e4htig nach VDE 0295 Klasse 5\/ IEC 60228 Klasse 5<br \/>\n&#8211; Farbe der Isolierung: gr\u00fcn\/gelb<br \/>\n&#8211; Halogenfrei und harmonisiert<br \/>\n&#8211; F\u00fcr h\u00f6here Betriebstemperaturen<\/p>\n","protected":false},"excerpt":{"rendered":"<p>H07Z-K 90\u00b0C 1X10 GNYE<\/p>\n<p>-Feindr\u00e4htige Litze aus blanken Kupferdr\u00e4hten- Feindr\u00e4htig nach VDE 0295 Klasse 5\/ IEC 60228 Klasse 5<br \/>\n&#8211; Farbe der Isolation: gr\u00fcn\/gelb<br \/>\n&#8211; Halogenfrei und harmonisiert<br \/>\n&#8211; F\u00fcr Temperaturen<\/p>\n","protected":false},"featured_media":52196,"template":"","meta":{"_acf_changed":false},"product_brand":[7053],"product_cat":[399,392],"product_tag":[],"class_list":{"0":"post-52195","1":"product","2":"type-product","3":"status-publish","4":"has-post-thumbnail","6":"product_brand-lapp-2","7":"product_cat-kabel","8":"product_cat-accessoires-2-de","11":"first","12":"instock","13":"virtual","14":"taxable","15":"product-type-simple"},"acf":[],"_links":{"self":[{"href":"https:\/\/evowatt.ch\/de\/wp-json\/wp\/v2\/product\/52195","targetHints":{"allow":["GET"]}}],"collection":[{"href":"https:\/\/evowatt.ch\/de\/wp-json\/wp\/v2\/product"}],"about":[{"href":"https:\/\/evowatt.ch\/de\/wp-json\/wp\/v2\/types\/product"}],"version-history":[{"count":0,"href":"https:\/\/evowatt.ch\/de\/wp-json\/wp\/v2\/product\/52195\/revisions"}],"wp:featuredmedia":[{"embeddable":true,"href":"https:\/\/evowatt.ch\/de\/wp-json\/wp\/v2\/media\/52196"}],"wp:attachment":[{"href":"https:\/\/evowatt.ch\/de\/wp-json\/wp\/v2\/media?parent=52195"}],"wp:term":[{"taxonomy":"product_brand","embeddable":true,"href":"https:\/\/evowatt.ch\/de\/wp-json\/wp\/v2\/product_brand?post=52195"},{"taxonomy":"product_cat","embeddable":true,"href":"https:\/\/evowatt.ch\/de\/wp-json\/wp\/v2\/product_cat?post=52195"},{"taxonomy":"product_tag","embeddable":true,"href":"https:\/\/evowatt.ch\/de\/wp-json\/wp\/v2\/product_tag?post=52195"}],"curies":[{"name":"wp","href":"https:\/\/api.w.org\/{rel}","templated":true}]}}