{"id":52131,"date":"2026-03-16T18:18:57","date_gmt":"2026-03-16T17:18:57","guid":{"rendered":"https:\/\/evowatt.ch\/produit\/lapp-h1z2z2-k-batteriekabel-95-mm%c2%b2-8-m\/"},"modified":"2026-03-16T18:18:57","modified_gmt":"2026-03-16T17:18:57","slug":"lapp-h1z2z2-k-batteriekabel-95-mm%c2%b2-8-m","status":"publish","type":"product","link":"https:\/\/evowatt.ch\/de\/produkt\/lapp-h1z2z2-k-batteriekabel-95-mm%c2%b2-8-m\/","title":{"rendered":"Lapp H1Z2Z2-K Batteriekabel 95 mm\u00b2 8 m"},"content":{"rendered":"<p>Batteriekabel f\u00fcr Sunwoda Gro\u00dfspeicherl\u00f6sungen<\/p>\n","protected":false},"excerpt":{"rendered":"<p>Batteriekabel f\u00fcr Sunwoda Gro\u00dfspeicherl\u00f6sungen<\/p>\n","protected":false},"featured_media":52133,"template":"","meta":{"_acf_changed":false},"product_brand":[7053],"product_cat":[399,392],"product_tag":[],"class_list":{"0":"post-52131","1":"product","2":"type-product","3":"status-publish","4":"has-post-thumbnail","6":"product_brand-lapp-2","7":"product_cat-kabel","8":"product_cat-accessoires-2-de","11":"first","12":"instock","13":"virtual","14":"taxable","15":"product-type-simple"},"acf":[],"_links":{"self":[{"href":"https:\/\/evowatt.ch\/de\/wp-json\/wp\/v2\/product\/52131","targetHints":{"allow":["GET"]}}],"collection":[{"href":"https:\/\/evowatt.ch\/de\/wp-json\/wp\/v2\/product"}],"about":[{"href":"https:\/\/evowatt.ch\/de\/wp-json\/wp\/v2\/types\/product"}],"version-history":[{"count":0,"href":"https:\/\/evowatt.ch\/de\/wp-json\/wp\/v2\/product\/52131\/revisions"}],"wp:featuredmedia":[{"embeddable":true,"href":"https:\/\/evowatt.ch\/de\/wp-json\/wp\/v2\/media\/52133"}],"wp:attachment":[{"href":"https:\/\/evowatt.ch\/de\/wp-json\/wp\/v2\/media?parent=52131"}],"wp:term":[{"taxonomy":"product_brand","embeddable":true,"href":"https:\/\/evowatt.ch\/de\/wp-json\/wp\/v2\/product_brand?post=52131"},{"taxonomy":"product_cat","embeddable":true,"href":"https:\/\/evowatt.ch\/de\/wp-json\/wp\/v2\/product_cat?post=52131"},{"taxonomy":"product_tag","embeddable":true,"href":"https:\/\/evowatt.ch\/de\/wp-json\/wp\/v2\/product_tag?post=52131"}],"curies":[{"name":"wp","href":"https:\/\/api.w.org\/{rel}","templated":true}]}}