{"id":50581,"date":"2026-03-13T21:10:06","date_gmt":"2026-03-13T20:10:06","guid":{"rendered":"https:\/\/evowatt.ch\/produit\/enstall-clickfit-evo-universalmodulklemme-schwarz\/"},"modified":"2026-03-13T21:10:06","modified_gmt":"2026-03-13T20:10:06","slug":"enstall-clickfit-evo-universalmodulklemme-schwarz","status":"publish","type":"product","link":"https:\/\/evowatt.ch\/de\/produkt\/enstall-clickfit-evo-universalmodulklemme-schwarz\/","title":{"rendered":"ENSTALL ClickFit EVO Universalmodulklemme schwarz"},"content":{"rendered":"<p>Die schwarze ENSTALL ClickFit EVO Universal-Modulklemme sorgt f\u00fcr eine zuverl\u00e4ssige Befestigung aller Arten von PV-Modulen auf den ClickFit EVO Schienen. Elegantes schwarzes Design f\u00fcr eine \u00e4sthetische Dachintegration. <\/p>\n","protected":false},"excerpt":{"rendered":"<ul>\n<li>Universalklemme ClickFit EVO<\/li>\n<li>Farbe: Schwarz<\/li>\n<li>Kompatibel mit allen Modulen<\/li>\n<li>Schnelle Befestigung mit Clip<\/li>\n<\/ul>\n","protected":false},"featured_media":50586,"template":"","meta":{"_acf_changed":false},"product_brand":[503],"product_cat":[336,335],"product_tag":[],"class_list":{"0":"post-50581","1":"product","2":"type-product","3":"status-publish","4":"has-post-thumbnail","6":"product_brand-esdec-de","7":"product_cat-esdec-de","8":"product_cat-montagesysteme","11":"first","12":"instock","13":"taxable","14":"shipping-taxable","15":"product-type-simple"},"acf":[],"_links":{"self":[{"href":"https:\/\/evowatt.ch\/de\/wp-json\/wp\/v2\/product\/50581","targetHints":{"allow":["GET"]}}],"collection":[{"href":"https:\/\/evowatt.ch\/de\/wp-json\/wp\/v2\/product"}],"about":[{"href":"https:\/\/evowatt.ch\/de\/wp-json\/wp\/v2\/types\/product"}],"version-history":[{"count":0,"href":"https:\/\/evowatt.ch\/de\/wp-json\/wp\/v2\/product\/50581\/revisions"}],"wp:featuredmedia":[{"embeddable":true,"href":"https:\/\/evowatt.ch\/de\/wp-json\/wp\/v2\/media\/50586"}],"wp:attachment":[{"href":"https:\/\/evowatt.ch\/de\/wp-json\/wp\/v2\/media?parent=50581"}],"wp:term":[{"taxonomy":"product_brand","embeddable":true,"href":"https:\/\/evowatt.ch\/de\/wp-json\/wp\/v2\/product_brand?post=50581"},{"taxonomy":"product_cat","embeddable":true,"href":"https:\/\/evowatt.ch\/de\/wp-json\/wp\/v2\/product_cat?post=50581"},{"taxonomy":"product_tag","embeddable":true,"href":"https:\/\/evowatt.ch\/de\/wp-json\/wp\/v2\/product_tag?post=50581"}],"curies":[{"name":"wp","href":"https:\/\/api.w.org\/{rel}","templated":true}]}}