{"id":50577,"date":"2026-03-13T21:09:53","date_gmt":"2026-03-13T20:09:53","guid":{"rendered":"https:\/\/evowatt.ch\/produit\/enstall-flatfix-fusion-basisprofil-1030-mm\/"},"modified":"2026-03-13T21:09:53","modified_gmt":"2026-03-13T20:09:53","slug":"enstall-flatfix-fusion-basisprofil-1030-mm","status":"publish","type":"product","link":"https:\/\/evowatt.ch\/de\/produkt\/enstall-flatfix-fusion-basisprofil-1030-mm\/","title":{"rendered":"ENSTALL FlatFix Fusion Basisprofil 1030 mm"},"content":{"rendered":"<p>Das ENSTALL FlatFix Fusion 1030 mm Basisprofil wurde f\u00fcr Photovoltaikanlagen auf Flachd\u00e4chern entwickelt. Dieses leichte und korrosionsbest\u00e4ndige Aluminiumprofil bildet die Basis f\u00fcr das FlatFix Fusion Montagesystem. <\/p>\n","protected":false},"excerpt":{"rendered":"<ul>\n<li>FlatFix Fusion-System<\/li>\n<li>L\u00e4nge: 1030 mm<\/li>\n<li>Hochfestes Aluminium<\/li>\n<li>F\u00fcr Flachd\u00e4cher<\/li>\n<\/ul>\n","protected":false},"featured_media":50585,"template":"","meta":{"_acf_changed":false},"product_brand":[503],"product_cat":[336,335],"product_tag":[],"class_list":{"0":"post-50577","1":"product","2":"type-product","3":"status-publish","4":"has-post-thumbnail","6":"product_brand-esdec-de","7":"product_cat-esdec-de","8":"product_cat-montagesysteme","11":"first","12":"instock","13":"taxable","14":"shipping-taxable","15":"product-type-simple"},"acf":[],"_links":{"self":[{"href":"https:\/\/evowatt.ch\/de\/wp-json\/wp\/v2\/product\/50577","targetHints":{"allow":["GET"]}}],"collection":[{"href":"https:\/\/evowatt.ch\/de\/wp-json\/wp\/v2\/product"}],"about":[{"href":"https:\/\/evowatt.ch\/de\/wp-json\/wp\/v2\/types\/product"}],"version-history":[{"count":0,"href":"https:\/\/evowatt.ch\/de\/wp-json\/wp\/v2\/product\/50577\/revisions"}],"wp:featuredmedia":[{"embeddable":true,"href":"https:\/\/evowatt.ch\/de\/wp-json\/wp\/v2\/media\/50585"}],"wp:attachment":[{"href":"https:\/\/evowatt.ch\/de\/wp-json\/wp\/v2\/media?parent=50577"}],"wp:term":[{"taxonomy":"product_brand","embeddable":true,"href":"https:\/\/evowatt.ch\/de\/wp-json\/wp\/v2\/product_brand?post=50577"},{"taxonomy":"product_cat","embeddable":true,"href":"https:\/\/evowatt.ch\/de\/wp-json\/wp\/v2\/product_cat?post=50577"},{"taxonomy":"product_tag","embeddable":true,"href":"https:\/\/evowatt.ch\/de\/wp-json\/wp\/v2\/product_tag?post=50577"}],"curies":[{"name":"wp","href":"https:\/\/api.w.org\/{rel}","templated":true}]}}