{"id":50385,"date":"2026-03-10T16:32:55","date_gmt":"2026-03-10T15:32:55","guid":{"rendered":"https:\/\/evowatt.ch\/produit\/sma-sonderangebot-fuer-hausinstallationen-2-x-16-kw\/"},"modified":"2026-03-10T16:32:55","modified_gmt":"2026-03-10T15:32:55","slug":"sma-sonderangebot-fuer-hausinstallationen-2-x-16-kw","status":"publish","type":"product","link":"https:\/\/evowatt.ch\/de\/produkt\/sma-sonderangebot-fuer-hausinstallationen-2-x-16-kw\/","title":{"rendered":"SMA Sonderangebot f\u00fcr Hausinstallationen 2 x 16 kW"},"content":{"rendered":"<p>SMA Aktionsangebot f\u00fcr gro\u00dfe Hausinstallationen:<br \/>\n&#8211; 2 x SMA Sunny Tripower Smart Energy 8.0\/10.0<br \/>\n&#8211; 2 x SMA Sunny Tripower 3.0\/6.0\/8.0\/10.0<br \/>\n&#8211; 2 x SMA Sunny Home Manager 2.0<br \/>\n&#8211; 2 x SMA Home Storage 9.8 kWh<\/p>\n<p>Kostenloser Aktionsbonus:<br \/>\nf\u00fcr jedes Aktionsangebot erhalten Sie kostenlos:<br \/>\n&#8211; 2 SMA Sunny Home Manager 2.0<br \/>\n-1 PV-Wechselrichter (SMA Sunny Tripower 3.0\/6.0\/8.0\/10.0).0) mit der gleichen Leistungsklasse wie der PV-Wechselrichter aus dem Aktionsangebot.<br \/>\nminus<br \/>\nPV-Wechselrichter (SMA Sunny Tripower 3.0\/6.0\/8.0\/10.0) mit der gleichen Leistungsklasse wie der PV-Wechselrichter aus dem Aktionsangebot.<\/p>\n","protected":false},"excerpt":{"rendered":"<ul>\n<li><strong>Kategorie<\/strong>: Hybrid-Wechselrichter<\/li>\n<li>Notstromsysteme<\/li>\n<li><strong>Gewicht<\/strong>: 232.200 kg<\/li>\n<\/ul>\n","protected":false},"featured_media":50387,"template":"","meta":{"_acf_changed":false},"product_brand":[475],"product_cat":[328],"product_tag":[],"class_list":{"0":"post-50385","1":"product","2":"type-product","3":"status-publish","4":"has-post-thumbnail","6":"product_brand-sma-de","7":"product_cat-wechselrichter","10":"first","11":"instock","12":"downloadable","13":"taxable","14":"shipping-taxable","15":"product-type-simple"},"acf":[],"_links":{"self":[{"href":"https:\/\/evowatt.ch\/de\/wp-json\/wp\/v2\/product\/50385","targetHints":{"allow":["GET"]}}],"collection":[{"href":"https:\/\/evowatt.ch\/de\/wp-json\/wp\/v2\/product"}],"about":[{"href":"https:\/\/evowatt.ch\/de\/wp-json\/wp\/v2\/types\/product"}],"version-history":[{"count":0,"href":"https:\/\/evowatt.ch\/de\/wp-json\/wp\/v2\/product\/50385\/revisions"}],"wp:featuredmedia":[{"embeddable":true,"href":"https:\/\/evowatt.ch\/de\/wp-json\/wp\/v2\/media\/50387"}],"wp:attachment":[{"href":"https:\/\/evowatt.ch\/de\/wp-json\/wp\/v2\/media?parent=50385"}],"wp:term":[{"taxonomy":"product_brand","embeddable":true,"href":"https:\/\/evowatt.ch\/de\/wp-json\/wp\/v2\/product_brand?post=50385"},{"taxonomy":"product_cat","embeddable":true,"href":"https:\/\/evowatt.ch\/de\/wp-json\/wp\/v2\/product_cat?post=50385"},{"taxonomy":"product_tag","embeddable":true,"href":"https:\/\/evowatt.ch\/de\/wp-json\/wp\/v2\/product_tag?post=50385"}],"curies":[{"name":"wp","href":"https:\/\/api.w.org\/{rel}","templated":true}]}}