{"id":50352,"date":"2026-03-10T16:36:33","date_gmt":"2026-03-10T15:36:33","guid":{"rendered":"https:\/\/evowatt.ch\/produit\/sma-sunny-tripower-x-15\/"},"modified":"2026-03-10T16:36:33","modified_gmt":"2026-03-10T15:36:33","slug":"sma-sunny-tripower-x-15","status":"publish","type":"product","link":"https:\/\/evowatt.ch\/de\/produkt\/sma-sunny-tripower-x-15\/","title":{"rendered":"SMA Sunny TRIPOWER X 15"},"content":{"rendered":"<p>Intelligenter Wechselrichter f\u00fcr den vielseitigen Einsatz im Handel und in gro\u00dfen Einfamilienh\u00e4usern.<br \/>\n&#8211; mit Ethernet- und WLAN-Kommunikationsschnittstelle,<br \/>\n&#8211; browserbasierte Konfiguration der regionalen Einstellungen,<br \/>\n&#8211; mit integrierter ArcFix-Lichtbogenerkennung.<br \/>\n&#8211; Integrierter Systemmanager f\u00fcr die Kaskadierung von bis zu 5 SMA-Wechselrichtern (135 kVA), den Anschluss eines SMA Energy Meter sowie die direkte Verbindung zu Sunny Portal powered by ennexOS.<br \/>\n&#8211; Einfache Inbetriebnahme und Parametrierung \u00fcber einen integrierten Webserver oder mit Hilfe der SMA 360\u00b0 App.<br \/>\nweniger<br \/>\nt eines SMA Energy Meters sowie die direkte Verbindung zu Sunny Portal powered by ennexOS.<br \/>\n&#8211; Einfache Inbetriebnahme und Parametrierung \u00fcber einen integrierten Webserver oder mit Hilfe der SMA 360\u00b0 App.<\/p>\n","protected":false},"excerpt":{"rendered":"<ul>\n<li><strong>Kategorie<\/strong>: String-Wechselrichter<\/li>\n<li><strong>AC-Leistung<\/strong>: 15.00 kW<\/li>\n<li><strong>Netzanschluss<\/strong>: Dreiphasig, 400V<\/li>\n<li><strong>MPPT<\/strong>: 3<\/li>\n<li><strong>Eingang \u00fcber MPPT<\/strong>: 2<\/li>\n<li><strong>DC Blitzableiter<\/strong>: Optional SPD 2 \/ SPD1+2<\/li>\n<li><strong>AC-Blitzableiter<\/strong>: Nein<\/li>\n<li><strong>Art der Steckdose<\/strong>: SUNCLIX<\/li>\n<\/ul>\n","protected":false},"featured_media":50355,"template":"","meta":{"_acf_changed":false},"product_brand":[475],"product_cat":[328],"product_tag":[],"class_list":{"0":"post-50352","1":"product","2":"type-product","3":"status-publish","4":"has-post-thumbnail","6":"product_brand-sma-de","7":"product_cat-wechselrichter","10":"first","11":"instock","12":"downloadable","13":"taxable","14":"shipping-taxable","15":"product-type-simple"},"acf":[],"_links":{"self":[{"href":"https:\/\/evowatt.ch\/de\/wp-json\/wp\/v2\/product\/50352","targetHints":{"allow":["GET"]}}],"collection":[{"href":"https:\/\/evowatt.ch\/de\/wp-json\/wp\/v2\/product"}],"about":[{"href":"https:\/\/evowatt.ch\/de\/wp-json\/wp\/v2\/types\/product"}],"version-history":[{"count":0,"href":"https:\/\/evowatt.ch\/de\/wp-json\/wp\/v2\/product\/50352\/revisions"}],"wp:featuredmedia":[{"embeddable":true,"href":"https:\/\/evowatt.ch\/de\/wp-json\/wp\/v2\/media\/50355"}],"wp:attachment":[{"href":"https:\/\/evowatt.ch\/de\/wp-json\/wp\/v2\/media?parent=50352"}],"wp:term":[{"taxonomy":"product_brand","embeddable":true,"href":"https:\/\/evowatt.ch\/de\/wp-json\/wp\/v2\/product_brand?post=50352"},{"taxonomy":"product_cat","embeddable":true,"href":"https:\/\/evowatt.ch\/de\/wp-json\/wp\/v2\/product_cat?post=50352"},{"taxonomy":"product_tag","embeddable":true,"href":"https:\/\/evowatt.ch\/de\/wp-json\/wp\/v2\/product_tag?post=50352"}],"curies":[{"name":"wp","href":"https:\/\/api.w.org\/{rel}","templated":true}]}}