{"id":50342,"date":"2026-03-10T16:38:03","date_gmt":"2026-03-10T15:38:03","guid":{"rendered":"https:\/\/evowatt.ch\/produit\/sma-sunny-home-manager-2-0\/"},"modified":"2026-03-10T16:38:03","modified_gmt":"2026-03-10T15:38:03","slug":"sma-sunny-home-manager-2-0","status":"publish","type":"product","link":"https:\/\/evowatt.ch\/de\/produkt\/sma-sunny-home-manager-2-0\/","title":{"rendered":"SMA Sunny Home Manager 2.0"},"content":{"rendered":"<p>Steuerger\u00e4t f\u00fcr intelligentes Energiemanagement,<br \/>\nmit integrierter Leistungsmessung (einphasig\/dreiphasig, bidirektional),<br \/>\nAnschluss an das lokale Netzwerk \u00fcber Ethernet<br \/>\nGrenzstrom: 63 A<br \/>\nVerf\u00fcgbar f\u00fcr Str\u00f6me &gt; 63 A mit Anschluss von externen Stromwandlern (Sekund\u00e4rstrom: 5 A)<\/p>\n","protected":false},"excerpt":{"rendered":"<ul>\n<li><strong>Kategorie<\/strong>: Aufsicht\/\u00dcberwachung<\/li>\n<li>Energiez\u00e4hler<\/li>\n<li>Energiemanagement<\/li>\n<li><strong>Produktgarantie<\/strong>: 2 Jahre<\/li>\n<li><strong>L\u00e4nge<\/strong>: 70 mm<\/li>\n<li><strong>Breite<\/strong>: 88 mm<\/li>\n<li><strong>Dicke<\/strong>: 65 mm<\/li>\n<li><strong>Gewicht<\/strong>: 0.300 kg<\/li>\n<\/ul>\n","protected":false},"featured_media":50344,"template":"","meta":{"_acf_changed":false},"product_brand":[475],"product_cat":[392],"product_tag":[],"class_list":{"0":"post-50342","1":"product","2":"type-product","3":"status-publish","4":"has-post-thumbnail","6":"product_brand-sma-de","7":"product_cat-accessoires-2-de","10":"first","11":"instock","12":"downloadable","13":"taxable","14":"shipping-taxable","15":"product-type-simple"},"acf":[],"_links":{"self":[{"href":"https:\/\/evowatt.ch\/de\/wp-json\/wp\/v2\/product\/50342","targetHints":{"allow":["GET"]}}],"collection":[{"href":"https:\/\/evowatt.ch\/de\/wp-json\/wp\/v2\/product"}],"about":[{"href":"https:\/\/evowatt.ch\/de\/wp-json\/wp\/v2\/types\/product"}],"version-history":[{"count":0,"href":"https:\/\/evowatt.ch\/de\/wp-json\/wp\/v2\/product\/50342\/revisions"}],"wp:featuredmedia":[{"embeddable":true,"href":"https:\/\/evowatt.ch\/de\/wp-json\/wp\/v2\/media\/50344"}],"wp:attachment":[{"href":"https:\/\/evowatt.ch\/de\/wp-json\/wp\/v2\/media?parent=50342"}],"wp:term":[{"taxonomy":"product_brand","embeddable":true,"href":"https:\/\/evowatt.ch\/de\/wp-json\/wp\/v2\/product_brand?post=50342"},{"taxonomy":"product_cat","embeddable":true,"href":"https:\/\/evowatt.ch\/de\/wp-json\/wp\/v2\/product_cat?post=50342"},{"taxonomy":"product_tag","embeddable":true,"href":"https:\/\/evowatt.ch\/de\/wp-json\/wp\/v2\/product_tag?post=50342"}],"curies":[{"name":"wp","href":"https:\/\/api.w.org\/{rel}","templated":true}]}}