{"id":50046,"date":"2026-03-10T16:30:22","date_gmt":"2026-03-10T15:30:22","guid":{"rendered":"https:\/\/evowatt.ch\/produit\/sma-com-gateway\/"},"modified":"2026-03-10T16:30:22","modified_gmt":"2026-03-10T15:30:22","slug":"sma-com-gateway","status":"publish","type":"product","link":"https:\/\/evowatt.ch\/de\/produkt\/sma-com-gateway\/","title":{"rendered":"SMA COM Gateway"},"content":{"rendered":"<p>Kommunikations-Gateway f\u00fcr die Integration bestehender, RS485-verkabelter Installationen in Anlagensteuerungs- und \u00dcberwachungsl\u00f6sungen mit SMA Speedwire<\/p>\n","protected":false},"excerpt":{"rendered":"<ul>\n<li><strong>Kategorie<\/strong>: Schnittstellen\/Kommunikation<\/li>\n<li><strong>Produktgarantie<\/strong>: 2 Jahre<\/li>\n<li><strong>L\u00e4nge<\/strong>: 161 mm<\/li>\n<li><strong>Breite<\/strong>: 90 mm<\/li>\n<li><strong>Dicke<\/strong>: 67 mm<\/li>\n<li><strong>Gewicht<\/strong>: 0.200 kg<\/li>\n<\/ul>\n","protected":false},"featured_media":50047,"template":"","meta":{"_acf_changed":false},"product_brand":[475],"product_cat":[392],"product_tag":[],"class_list":{"0":"post-50046","1":"product","2":"type-product","3":"status-publish","4":"has-post-thumbnail","6":"product_brand-sma-de","7":"product_cat-accessoires-2-de","10":"first","11":"instock","12":"downloadable","13":"taxable","14":"shipping-taxable","15":"product-type-simple"},"acf":[],"_links":{"self":[{"href":"https:\/\/evowatt.ch\/de\/wp-json\/wp\/v2\/product\/50046","targetHints":{"allow":["GET"]}}],"collection":[{"href":"https:\/\/evowatt.ch\/de\/wp-json\/wp\/v2\/product"}],"about":[{"href":"https:\/\/evowatt.ch\/de\/wp-json\/wp\/v2\/types\/product"}],"version-history":[{"count":0,"href":"https:\/\/evowatt.ch\/de\/wp-json\/wp\/v2\/product\/50046\/revisions"}],"wp:featuredmedia":[{"embeddable":true,"href":"https:\/\/evowatt.ch\/de\/wp-json\/wp\/v2\/media\/50047"}],"wp:attachment":[{"href":"https:\/\/evowatt.ch\/de\/wp-json\/wp\/v2\/media?parent=50046"}],"wp:term":[{"taxonomy":"product_brand","embeddable":true,"href":"https:\/\/evowatt.ch\/de\/wp-json\/wp\/v2\/product_brand?post=50046"},{"taxonomy":"product_cat","embeddable":true,"href":"https:\/\/evowatt.ch\/de\/wp-json\/wp\/v2\/product_cat?post=50046"},{"taxonomy":"product_tag","embeddable":true,"href":"https:\/\/evowatt.ch\/de\/wp-json\/wp\/v2\/product_tag?post=50046"}],"curies":[{"name":"wp","href":"https:\/\/api.w.org\/{rel}","templated":true}]}}