{"id":50041,"date":"2026-03-10T16:30:33","date_gmt":"2026-03-10T15:30:33","guid":{"rendered":"https:\/\/evowatt.ch\/produit\/sma-dc-spd-kit4-10-typ-ii\/"},"modified":"2026-03-10T16:30:33","modified_gmt":"2026-03-10T15:30:33","slug":"sma-dc-spd-kit4-10-typ-ii","status":"publish","type":"product","link":"https:\/\/evowatt.ch\/de\/produkt\/sma-dc-spd-kit4-10-typ-ii\/","title":{"rendered":"SMA DC SPD KIT4-10 (Typ II)"},"content":{"rendered":"<p>DC (Typ II) \u00dcberspannungsableiter-Erg\u00e4nzungsset f\u00fcr CORE1 STP 50-40 \/ STP 50-41<\/p>\n","protected":false},"excerpt":{"rendered":"<ul>\n<li><strong>Kategorie<\/strong>: \u00dcberspannungsschutzeinrichtung DC Typ II<\/li>\n<li><strong>L\u00e4nge<\/strong>: 120 mm<\/li>\n<li><strong>Breite<\/strong>: 80 mm<\/li>\n<li><strong>Dicke<\/strong>: 30 mm<\/li>\n<li><strong>Gewicht<\/strong>: 0.400 kg<\/li>\n<\/ul>\n","protected":false},"featured_media":50043,"template":"","meta":{"_acf_changed":false},"product_brand":[475],"product_cat":[392],"product_tag":[],"class_list":{"0":"post-50041","1":"product","2":"type-product","3":"status-publish","4":"has-post-thumbnail","6":"product_brand-sma-de","7":"product_cat-accessoires-2-de","10":"first","11":"instock","12":"taxable","13":"shipping-taxable","14":"product-type-simple"},"acf":[],"_links":{"self":[{"href":"https:\/\/evowatt.ch\/de\/wp-json\/wp\/v2\/product\/50041","targetHints":{"allow":["GET"]}}],"collection":[{"href":"https:\/\/evowatt.ch\/de\/wp-json\/wp\/v2\/product"}],"about":[{"href":"https:\/\/evowatt.ch\/de\/wp-json\/wp\/v2\/types\/product"}],"version-history":[{"count":0,"href":"https:\/\/evowatt.ch\/de\/wp-json\/wp\/v2\/product\/50041\/revisions"}],"wp:featuredmedia":[{"embeddable":true,"href":"https:\/\/evowatt.ch\/de\/wp-json\/wp\/v2\/media\/50043"}],"wp:attachment":[{"href":"https:\/\/evowatt.ch\/de\/wp-json\/wp\/v2\/media?parent=50041"}],"wp:term":[{"taxonomy":"product_brand","embeddable":true,"href":"https:\/\/evowatt.ch\/de\/wp-json\/wp\/v2\/product_brand?post=50041"},{"taxonomy":"product_cat","embeddable":true,"href":"https:\/\/evowatt.ch\/de\/wp-json\/wp\/v2\/product_cat?post=50041"},{"taxonomy":"product_tag","embeddable":true,"href":"https:\/\/evowatt.ch\/de\/wp-json\/wp\/v2\/product_tag?post=50041"}],"curies":[{"name":"wp","href":"https:\/\/api.w.org\/{rel}","templated":true}]}}