{"id":49990,"date":"2026-03-10T16:28:37","date_gmt":"2026-03-10T15:28:37","guid":{"rendered":"https:\/\/evowatt.ch\/produit\/sma-energy-meter-20\/"},"modified":"2026-03-10T16:28:37","modified_gmt":"2026-03-10T15:28:37","slug":"sma-energy-meter-20","status":"publish","type":"product","link":"https:\/\/evowatt.ch\/de\/produkt\/sma-energy-meter-20\/","title":{"rendered":"SMA Energy Meter-20"},"content":{"rendered":"<p>Dreiphasige, bidirektionale Messl\u00f6sung mit<br \/>\nSMA Speedwire Schnittstelle, um<br \/>\nelektrische Messwerte<br \/>\nmit hoher Genauigkeit pro Phase<br \/>\nzu ermitteln und zu summieren (Grenzstrom: 63 A)<br \/>\nVerf\u00fcgbar f\u00fcr Str\u00f6me &gt; 63 A mit Anschluss externer Stromwandler (Sekund\u00e4rstrom: 5 A)<\/p>\n<p>Kompatibel mit SMA Sunny Boy 1.5-6.0, SMA Sunny Tripower 3.0-10.0, SMA Sunny Tripower Core1, Sunny Tripower X 12-25, SMA Sunny Boy Storage 2.5-6.0, SMA Sunny Island 4.4M \/ 6.0H \/ 8.0H, SMA Tripower Smart Energy 5.0 -10.0<\/p>\n","protected":false},"excerpt":{"rendered":"<ul>\n<li><strong>Kategorie<\/strong>: Energiez\u00e4hler<\/li>\n<li><strong>Produktgarantie<\/strong>: 2 Jahre<\/li>\n<li><strong>L\u00e4nge<\/strong>: 70 mm<\/li>\n<li><strong>Breite<\/strong>: 88 mm<\/li>\n<li><strong>Dicke<\/strong>: 65 mm<\/li>\n<li><strong>Gewicht<\/strong>: 0.300 kg<\/li>\n<\/ul>\n","protected":false},"featured_media":49992,"template":"","meta":{"_acf_changed":false},"product_brand":[475],"product_cat":[392],"product_tag":[],"class_list":{"0":"post-49990","1":"product","2":"type-product","3":"status-publish","4":"has-post-thumbnail","6":"product_brand-sma-de","7":"product_cat-accessoires-2-de","10":"first","11":"instock","12":"downloadable","13":"taxable","14":"shipping-taxable","15":"product-type-simple"},"acf":[],"_links":{"self":[{"href":"https:\/\/evowatt.ch\/de\/wp-json\/wp\/v2\/product\/49990","targetHints":{"allow":["GET"]}}],"collection":[{"href":"https:\/\/evowatt.ch\/de\/wp-json\/wp\/v2\/product"}],"about":[{"href":"https:\/\/evowatt.ch\/de\/wp-json\/wp\/v2\/types\/product"}],"version-history":[{"count":0,"href":"https:\/\/evowatt.ch\/de\/wp-json\/wp\/v2\/product\/49990\/revisions"}],"wp:featuredmedia":[{"embeddable":true,"href":"https:\/\/evowatt.ch\/de\/wp-json\/wp\/v2\/media\/49992"}],"wp:attachment":[{"href":"https:\/\/evowatt.ch\/de\/wp-json\/wp\/v2\/media?parent=49990"}],"wp:term":[{"taxonomy":"product_brand","embeddable":true,"href":"https:\/\/evowatt.ch\/de\/wp-json\/wp\/v2\/product_brand?post=49990"},{"taxonomy":"product_cat","embeddable":true,"href":"https:\/\/evowatt.ch\/de\/wp-json\/wp\/v2\/product_cat?post=49990"},{"taxonomy":"product_tag","embeddable":true,"href":"https:\/\/evowatt.ch\/de\/wp-json\/wp\/v2\/product_tag?post=49990"}],"curies":[{"name":"wp","href":"https:\/\/api.w.org\/{rel}","templated":true}]}}