{"id":49982,"date":"2026-03-10T16:28:09","date_gmt":"2026-03-10T15:28:09","guid":{"rendered":"https:\/\/evowatt.ch\/produit\/sma-ev-charger-business-erdungsteil-fuer-sockel\/"},"modified":"2026-03-10T16:28:09","modified_gmt":"2026-03-10T15:28:09","slug":"sma-ev-charger-business-erdungsteil-fuer-sockel","status":"publish","type":"product","link":"https:\/\/evowatt.ch\/de\/produkt\/sma-ev-charger-business-erdungsteil-fuer-sockel\/","title":{"rendered":"SMA EV-Charger Business &#8211; Erdungsteil f\u00fcr Sockel"},"content":{"rendered":"<p>Erdst\u00fcck f\u00fcr eine bessere Stabilit\u00e4t des SMA-Fu\u00dfes<\/p>\n","protected":false},"excerpt":{"rendered":"<ul>\n<li><strong>Kategorie<\/strong>: F\u00fc\u00dfe<\/li>\n<li><strong>L\u00e4nge<\/strong>: 500 mm<\/li>\n<li><strong>Breite<\/strong>: 480 mm<\/li>\n<li><strong>Dicke<\/strong>: 320 mm<\/li>\n<li><strong>Gewicht<\/strong>: 7.000 kg<\/li>\n<\/ul>\n","protected":false},"featured_media":49983,"template":"","meta":{"_acf_changed":false},"product_brand":[475],"product_cat":[392],"product_tag":[],"class_list":{"0":"post-49982","1":"product","2":"type-product","3":"status-publish","4":"has-post-thumbnail","6":"product_brand-sma-de","7":"product_cat-accessoires-2-de","10":"first","11":"instock","12":"taxable","13":"shipping-taxable","14":"product-type-simple"},"acf":[],"_links":{"self":[{"href":"https:\/\/evowatt.ch\/de\/wp-json\/wp\/v2\/product\/49982","targetHints":{"allow":["GET"]}}],"collection":[{"href":"https:\/\/evowatt.ch\/de\/wp-json\/wp\/v2\/product"}],"about":[{"href":"https:\/\/evowatt.ch\/de\/wp-json\/wp\/v2\/types\/product"}],"version-history":[{"count":0,"href":"https:\/\/evowatt.ch\/de\/wp-json\/wp\/v2\/product\/49982\/revisions"}],"wp:featuredmedia":[{"embeddable":true,"href":"https:\/\/evowatt.ch\/de\/wp-json\/wp\/v2\/media\/49983"}],"wp:attachment":[{"href":"https:\/\/evowatt.ch\/de\/wp-json\/wp\/v2\/media?parent=49982"}],"wp:term":[{"taxonomy":"product_brand","embeddable":true,"href":"https:\/\/evowatt.ch\/de\/wp-json\/wp\/v2\/product_brand?post=49982"},{"taxonomy":"product_cat","embeddable":true,"href":"https:\/\/evowatt.ch\/de\/wp-json\/wp\/v2\/product_cat?post=49982"},{"taxonomy":"product_tag","embeddable":true,"href":"https:\/\/evowatt.ch\/de\/wp-json\/wp\/v2\/product_tag?post=49982"}],"curies":[{"name":"wp","href":"https:\/\/api.w.org\/{rel}","templated":true}]}}