{"id":49930,"date":"2026-03-10T16:26:49","date_gmt":"2026-03-10T15:26:49","guid":{"rendered":"https:\/\/evowatt.ch\/produit\/sma-energy-meter-em-3ct63a-21\/"},"modified":"2026-03-10T16:26:49","modified_gmt":"2026-03-10T15:26:49","slug":"sma-energy-meter-em-3ct63a-21","status":"publish","type":"product","link":"https:\/\/evowatt.ch\/de\/produkt\/sma-energy-meter-em-3ct63a-21\/","title":{"rendered":"SMA Energy Meter EM-3CT63A-21"},"content":{"rendered":"<p>SMA Energy Meter CT<br \/>\nDreiphasiger Energiez\u00e4hler mit 3 CT-Messwandlern bis 63 A Nennstrom. L\u00f6sung f\u00fcr die Erfassung von bidirektionalen Messwerten der Netzeinspeisung und Netzversorgung oder der Photovoltaikproduktion. <\/p>\n","protected":false},"excerpt":{"rendered":"<ul>\n<li><strong>Kategorie<\/strong>: Energiez\u00e4hler<\/li>\n<li><strong>Produktgarantie<\/strong>: 2 Jahre<\/li>\n<li><strong>L\u00e4nge<\/strong>: 88 mm<\/li>\n<li><strong>Breite<\/strong>: 35 mm<\/li>\n<li><strong>Dicke<\/strong>: 65 mm<\/li>\n<li><strong>Gewicht<\/strong>: 0.300 kg<\/li>\n<\/ul>\n","protected":false},"featured_media":49931,"template":"","meta":{"_acf_changed":false},"product_brand":[475],"product_cat":[392],"product_tag":[],"class_list":{"0":"post-49930","1":"product","2":"type-product","3":"status-publish","4":"has-post-thumbnail","6":"product_brand-sma-de","7":"product_cat-accessoires-2-de","10":"first","11":"instock","12":"downloadable","13":"taxable","14":"shipping-taxable","15":"product-type-simple"},"acf":[],"_links":{"self":[{"href":"https:\/\/evowatt.ch\/de\/wp-json\/wp\/v2\/product\/49930","targetHints":{"allow":["GET"]}}],"collection":[{"href":"https:\/\/evowatt.ch\/de\/wp-json\/wp\/v2\/product"}],"about":[{"href":"https:\/\/evowatt.ch\/de\/wp-json\/wp\/v2\/types\/product"}],"version-history":[{"count":0,"href":"https:\/\/evowatt.ch\/de\/wp-json\/wp\/v2\/product\/49930\/revisions"}],"wp:featuredmedia":[{"embeddable":true,"href":"https:\/\/evowatt.ch\/de\/wp-json\/wp\/v2\/media\/49931"}],"wp:attachment":[{"href":"https:\/\/evowatt.ch\/de\/wp-json\/wp\/v2\/media?parent=49930"}],"wp:term":[{"taxonomy":"product_brand","embeddable":true,"href":"https:\/\/evowatt.ch\/de\/wp-json\/wp\/v2\/product_brand?post=49930"},{"taxonomy":"product_cat","embeddable":true,"href":"https:\/\/evowatt.ch\/de\/wp-json\/wp\/v2\/product_cat?post=49930"},{"taxonomy":"product_tag","embeddable":true,"href":"https:\/\/evowatt.ch\/de\/wp-json\/wp\/v2\/product_tag?post=49930"}],"curies":[{"name":"wp","href":"https:\/\/api.w.org\/{rel}","templated":true}]}}