{"id":49753,"date":"2026-03-10T16:16:29","date_gmt":"2026-03-10T15:16:29","guid":{"rendered":"https:\/\/evowatt.ch\/produit\/sma-moxa-iologik-e-1214\/"},"modified":"2026-03-10T16:16:29","modified_gmt":"2026-03-10T15:16:29","slug":"sma-moxa-iologik-e-1214","status":"publish","type":"product","link":"https:\/\/evowatt.ch\/de\/produkt\/sma-moxa-iologik-e-1214\/","title":{"rendered":"SMA Moxa ioLogik E 1214"},"content":{"rendered":"<p>Feldbusknoten Ethernet Remote I\/O (kompatibel mit ennexOS-Systemen) mit 6 digitalen Eing\u00e4ngen, 6 Relaisausg\u00e4ngen und 2 RJ-45 Ethernet-Ports mit Switches f\u00fcr Daisy-Chain-Verkabelung.<br \/>\nDie Standardadressierung ist DHCP.<\/p>\n","protected":false},"excerpt":{"rendered":"<ul>\n<li><strong>Kategorie<\/strong>: Schnittstellen\/Kommunikation<\/li>\n<li><strong>Produktgarantie<\/strong>: 2 Jahre<\/li>\n<li><strong>L\u00e4nge<\/strong>: 132 mm<\/li>\n<li><strong>Breite<\/strong>: 84 mm<\/li>\n<li><strong>Dicke<\/strong>: 28 mm<\/li>\n<li><strong>Gewicht<\/strong>: 0.500 kg<\/li>\n<\/ul>\n","protected":false},"featured_media":49754,"template":"","meta":{"_acf_changed":false},"product_brand":[475],"product_cat":[392],"product_tag":[],"class_list":{"0":"post-49753","1":"product","2":"type-product","3":"status-publish","4":"has-post-thumbnail","6":"product_brand-sma-de","7":"product_cat-accessoires-2-de","10":"first","11":"instock","12":"downloadable","13":"taxable","14":"shipping-taxable","15":"product-type-simple"},"acf":[],"_links":{"self":[{"href":"https:\/\/evowatt.ch\/de\/wp-json\/wp\/v2\/product\/49753","targetHints":{"allow":["GET"]}}],"collection":[{"href":"https:\/\/evowatt.ch\/de\/wp-json\/wp\/v2\/product"}],"about":[{"href":"https:\/\/evowatt.ch\/de\/wp-json\/wp\/v2\/types\/product"}],"version-history":[{"count":0,"href":"https:\/\/evowatt.ch\/de\/wp-json\/wp\/v2\/product\/49753\/revisions"}],"wp:featuredmedia":[{"embeddable":true,"href":"https:\/\/evowatt.ch\/de\/wp-json\/wp\/v2\/media\/49754"}],"wp:attachment":[{"href":"https:\/\/evowatt.ch\/de\/wp-json\/wp\/v2\/media?parent=49753"}],"wp:term":[{"taxonomy":"product_brand","embeddable":true,"href":"https:\/\/evowatt.ch\/de\/wp-json\/wp\/v2\/product_brand?post=49753"},{"taxonomy":"product_cat","embeddable":true,"href":"https:\/\/evowatt.ch\/de\/wp-json\/wp\/v2\/product_cat?post=49753"},{"taxonomy":"product_tag","embeddable":true,"href":"https:\/\/evowatt.ch\/de\/wp-json\/wp\/v2\/product_tag?post=49753"}],"curies":[{"name":"wp","href":"https:\/\/api.w.org\/{rel}","templated":true}]}}