{"id":49635,"date":"2026-03-10T16:12:05","date_gmt":"2026-03-10T15:12:05","guid":{"rendered":"https:\/\/evowatt.ch\/produit\/kappe-fuer-sunclix-pv-stecker\/"},"modified":"2026-03-10T16:12:05","modified_gmt":"2026-03-10T15:12:05","slug":"kappe-fuer-sunclix-pv-stecker","status":"publish","type":"product","link":"https:\/\/evowatt.ch\/de\/produkt\/kappe-fuer-sunclix-pv-stecker\/","title":{"rendered":"Kappe f\u00fcr SUNCLIX PV-Stecker"},"content":{"rendered":"<p>2 St\u00fcck, f\u00fcr m\u00e4nnlich und weiblich<\/p>\n","protected":false},"excerpt":{"rendered":"<ul>\n<li><strong>Kategorie<\/strong>: Zubeh\u00f6r<\/li>\n<li><strong>L\u00e4nge<\/strong>: 59 mm<\/li>\n<li><strong>Breite<\/strong>: 19 mm<\/li>\n<li><strong>Dicke<\/strong>: 23 mm<\/li>\n<li><strong>Gewicht<\/strong>: 0.004 kg<\/li>\n<\/ul>\n","protected":false},"featured_media":49637,"template":"","meta":{"_acf_changed":false},"product_brand":[475],"product_cat":[392],"product_tag":[],"class_list":{"0":"post-49635","1":"product","2":"type-product","3":"status-publish","4":"has-post-thumbnail","6":"product_brand-sma-de","7":"product_cat-accessoires-2-de","10":"first","11":"instock","12":"downloadable","13":"taxable","14":"shipping-taxable","15":"product-type-simple"},"acf":[],"_links":{"self":[{"href":"https:\/\/evowatt.ch\/de\/wp-json\/wp\/v2\/product\/49635","targetHints":{"allow":["GET"]}}],"collection":[{"href":"https:\/\/evowatt.ch\/de\/wp-json\/wp\/v2\/product"}],"about":[{"href":"https:\/\/evowatt.ch\/de\/wp-json\/wp\/v2\/types\/product"}],"version-history":[{"count":0,"href":"https:\/\/evowatt.ch\/de\/wp-json\/wp\/v2\/product\/49635\/revisions"}],"wp:featuredmedia":[{"embeddable":true,"href":"https:\/\/evowatt.ch\/de\/wp-json\/wp\/v2\/media\/49637"}],"wp:attachment":[{"href":"https:\/\/evowatt.ch\/de\/wp-json\/wp\/v2\/media?parent=49635"}],"wp:term":[{"taxonomy":"product_brand","embeddable":true,"href":"https:\/\/evowatt.ch\/de\/wp-json\/wp\/v2\/product_brand?post=49635"},{"taxonomy":"product_cat","embeddable":true,"href":"https:\/\/evowatt.ch\/de\/wp-json\/wp\/v2\/product_cat?post=49635"},{"taxonomy":"product_tag","embeddable":true,"href":"https:\/\/evowatt.ch\/de\/wp-json\/wp\/v2\/product_tag?post=49635"}],"curies":[{"name":"wp","href":"https:\/\/api.w.org\/{rel}","templated":true}]}}