{"id":49581,"date":"2026-03-10T16:10:05","date_gmt":"2026-03-10T15:10:05","guid":{"rendered":"https:\/\/evowatt.ch\/produit\/sma-ev-charger-business-sockel-zwei-seiten\/"},"modified":"2026-03-10T16:10:05","modified_gmt":"2026-03-10T15:10:05","slug":"sma-ev-charger-business-sockel-zwei-seiten","status":"publish","type":"product","link":"https:\/\/evowatt.ch\/de\/produkt\/sma-ev-charger-business-sockel-zwei-seiten\/","title":{"rendered":"SMA EV-Charger Business &#8211; Sockel, zwei Seiten"},"content":{"rendered":"<p>Standfu\u00df f\u00fcr Wandladestation, geeignet f\u00fcr SMA EV Charger Business, beidseitig, inkl. Kabelhalter<br \/>\n&#8211; Einfache Montage und Installation<br \/>\n&#8211; Erh\u00f6hter Schutz vor Vandalismus<br \/>\n&#8211; M\u00f6gliche Integration einer Unterverteilung in den Standfu\u00df<\/p>\n","protected":false},"excerpt":{"rendered":"<ul>\n<li><strong>Kategorie<\/strong>: F\u00fc\u00dfe<\/li>\n<li><strong>L\u00e4nge<\/strong>: 435 mm<\/li>\n<li><strong>Breite<\/strong>: 565 mm<\/li>\n<li><strong>Dicke<\/strong>: 1.422 mm<\/li>\n<li><strong>Gewicht<\/strong>: 41.000 kg<\/li>\n<\/ul>\n","protected":false},"featured_media":49583,"template":"","meta":{"_acf_changed":false},"product_brand":[475],"product_cat":[392],"product_tag":[],"class_list":{"0":"post-49581","1":"product","2":"type-product","3":"status-publish","4":"has-post-thumbnail","6":"product_brand-sma-de","7":"product_cat-accessoires-2-de","10":"first","11":"instock","12":"downloadable","13":"taxable","14":"shipping-taxable","15":"product-type-simple"},"acf":[],"_links":{"self":[{"href":"https:\/\/evowatt.ch\/de\/wp-json\/wp\/v2\/product\/49581","targetHints":{"allow":["GET"]}}],"collection":[{"href":"https:\/\/evowatt.ch\/de\/wp-json\/wp\/v2\/product"}],"about":[{"href":"https:\/\/evowatt.ch\/de\/wp-json\/wp\/v2\/types\/product"}],"version-history":[{"count":0,"href":"https:\/\/evowatt.ch\/de\/wp-json\/wp\/v2\/product\/49581\/revisions"}],"wp:featuredmedia":[{"embeddable":true,"href":"https:\/\/evowatt.ch\/de\/wp-json\/wp\/v2\/media\/49583"}],"wp:attachment":[{"href":"https:\/\/evowatt.ch\/de\/wp-json\/wp\/v2\/media?parent=49581"}],"wp:term":[{"taxonomy":"product_brand","embeddable":true,"href":"https:\/\/evowatt.ch\/de\/wp-json\/wp\/v2\/product_brand?post=49581"},{"taxonomy":"product_cat","embeddable":true,"href":"https:\/\/evowatt.ch\/de\/wp-json\/wp\/v2\/product_cat?post=49581"},{"taxonomy":"product_tag","embeddable":true,"href":"https:\/\/evowatt.ch\/de\/wp-json\/wp\/v2\/product_tag?post=49581"}],"curies":[{"name":"wp","href":"https:\/\/api.w.org\/{rel}","templated":true}]}}