{"id":49569,"date":"2026-03-10T16:09:45","date_gmt":"2026-03-10T15:09:45","guid":{"rendered":"https:\/\/evowatt.ch\/produit\/sma-sunny-tripower-125-stp125-70\/"},"modified":"2026-03-10T16:09:45","modified_gmt":"2026-03-10T15:09:45","slug":"sma-sunny-tripower-125-stp125-70","status":"publish","type":"product","link":"https:\/\/evowatt.ch\/de\/produkt\/sma-sunny-tripower-125-stp125-70\/","title":{"rendered":"SMA Sunny Tripower 125 STP125-70"},"content":{"rendered":"<p>Der Sunny Tripower 125 mit einer Leistung von 125 kW und 12 MPP-Trackern erm\u00f6glicht die Realisierung hocheffizienter und kosteng\u00fcnstiger PV-Anlagen. Dank der Kommunikation \u00fcber SMA Speedwire und Modbus ist eine schnelle und einfache Integration m\u00f6glich. Dar\u00fcber hinaus optimiert SMA ShadeFix die Leistung der Anlage, selbst bei teilweise verschatteten Modulen. Dank des automatischen \u00dcberwachungsdienstes SMA Smart Connected werden Fehler rechtzeitig erkannt, was zu einer Optimierung der Ertr\u00e4ge f\u00fchrt. Die integrierte Lichtbogenschutzfunktion SMA ArcFix tr\u00e4gt zus\u00e4tzlich zur Sicherheit der PV-Anlage bei.<br \/>\nminus<br \/>\ns. Dank des automatischen \u00dcberwachungsdienstes SMA Smart Connected werden Fehler rechtzeitig erkannt, was zu einer Optimierung der Ertr\u00e4ge f\u00fchrt. Die integrierte Lichtbogenschutzfunktion SMA ArcFix tr\u00e4gt zus\u00e4tzlich zur Sicherheit der PV-Anlage bei.      <\/p>\n","protected":false},"excerpt":{"rendered":"<ul>\n<li><strong>Kategorie<\/strong>: String-Wechselrichter<\/li>\n<li><strong>AC-Leistung<\/strong>: 125.00 kW<\/li>\n<li><strong>Netzanschluss<\/strong>: Dreiphasig, 400V<\/li>\n<li><strong>MPPT<\/strong>: 12<\/li>\n<li><strong>Eingang \u00fcber MPPT<\/strong>: 2<\/li>\n<li><strong>DC Blitzableiter<\/strong>: SPD 1+2<\/li>\n<li><strong>Blitzableiter AC<\/strong>: SPD 2<\/li>\n<li><strong>Art der Steckdose<\/strong>: SUNCLIX<\/li>\n<\/ul>\n","protected":false},"featured_media":49571,"template":"","meta":{"_acf_changed":false},"product_brand":[475],"product_cat":[328],"product_tag":[],"class_list":{"0":"post-49569","1":"product","2":"type-product","3":"status-publish","4":"has-post-thumbnail","6":"product_brand-sma-de","7":"product_cat-wechselrichter","10":"first","11":"instock","12":"downloadable","13":"taxable","14":"shipping-taxable","15":"product-type-simple"},"acf":[],"_links":{"self":[{"href":"https:\/\/evowatt.ch\/de\/wp-json\/wp\/v2\/product\/49569","targetHints":{"allow":["GET"]}}],"collection":[{"href":"https:\/\/evowatt.ch\/de\/wp-json\/wp\/v2\/product"}],"about":[{"href":"https:\/\/evowatt.ch\/de\/wp-json\/wp\/v2\/types\/product"}],"version-history":[{"count":0,"href":"https:\/\/evowatt.ch\/de\/wp-json\/wp\/v2\/product\/49569\/revisions"}],"wp:featuredmedia":[{"embeddable":true,"href":"https:\/\/evowatt.ch\/de\/wp-json\/wp\/v2\/media\/49571"}],"wp:attachment":[{"href":"https:\/\/evowatt.ch\/de\/wp-json\/wp\/v2\/media?parent=49569"}],"wp:term":[{"taxonomy":"product_brand","embeddable":true,"href":"https:\/\/evowatt.ch\/de\/wp-json\/wp\/v2\/product_brand?post=49569"},{"taxonomy":"product_cat","embeddable":true,"href":"https:\/\/evowatt.ch\/de\/wp-json\/wp\/v2\/product_cat?post=49569"},{"taxonomy":"product_tag","embeddable":true,"href":"https:\/\/evowatt.ch\/de\/wp-json\/wp\/v2\/product_tag?post=49569"}],"curies":[{"name":"wp","href":"https:\/\/api.w.org\/{rel}","templated":true}]}}