{"id":49543,"date":"2026-03-10T16:08:56","date_gmt":"2026-03-10T15:08:56","guid":{"rendered":"https:\/\/evowatt.ch\/produit\/sma-sunny-tripower-x-60\/"},"modified":"2026-03-10T16:08:56","modified_gmt":"2026-03-10T15:08:56","slug":"sma-sunny-tripower-x-60","status":"publish","type":"product","link":"https:\/\/evowatt.ch\/de\/produkt\/sma-sunny-tripower-x-60\/","title":{"rendered":"SMA Sunny Tripower X 60"},"content":{"rendered":"<p>Die SMA Sunny Tripower X 50\/60 zeichnen sich durch ein ertragsorientiertes Design sowie 5 unabh\u00e4ngige MPP-Tracker, 10 DC-Eing\u00e4nge, ein DC-Design ohne Sicherung, einen SUNCLIX-Anschluss, einen integrierten DC-Trennschalter, einen AC-Anschluss f\u00fcr Kupfer- oder Aluminiumleiter, einen integrierten DC-\u00dcberspannungsschutz Typ I\/II und einen AC-\u00dcberspannungsschutz Typ II mit integrierter ArcFix-Lichtbogenerkennung aus. Integrierter Systemmanager f\u00fcr bis zu<br \/>\n5 SMA Speedwire-Ger\u00e4te und direkte Verbindung zu Sunny Portal powered by ennexOS<br \/>\nminus<br \/>\nAC-Spannungen des Typs II, mit integrierter ArcFix-Lichtbogenerkennung. Integrierter Systemmanager f\u00fcr bis zu<br \/>\n5 SMA Speedwire-Ger\u00e4te und direkte Verbindung zu Sunny Portal powered by ennexOS.  <\/p>\n","protected":false},"excerpt":{"rendered":"<ul>\n<li><strong>Kategorie<\/strong>: String-Wechselrichter<\/li>\n<li><strong>AC-Leistung<\/strong>: 60.00 kW<\/li>\n<li><strong>Netzanschluss<\/strong>: Dreiphasig, 400V<\/li>\n<li><strong>MPPT<\/strong>: 5<\/li>\n<li><strong>Eingang \u00fcber MPPT<\/strong>: 2<\/li>\n<li><strong>DC Blitzableiter<\/strong>: SPD 1+2<\/li>\n<li><strong>Blitzableiter AC<\/strong>: SPD 2<\/li>\n<li><strong>AFCI<\/strong>: Ja<\/li>\n<\/ul>\n","protected":false},"featured_media":49545,"template":"","meta":{"_acf_changed":false},"product_brand":[475],"product_cat":[328],"product_tag":[],"class_list":{"0":"post-49543","1":"product","2":"type-product","3":"status-publish","4":"has-post-thumbnail","6":"product_brand-sma-de","7":"product_cat-wechselrichter","10":"first","11":"instock","12":"downloadable","13":"taxable","14":"shipping-taxable","15":"product-type-simple"},"acf":[],"_links":{"self":[{"href":"https:\/\/evowatt.ch\/de\/wp-json\/wp\/v2\/product\/49543","targetHints":{"allow":["GET"]}}],"collection":[{"href":"https:\/\/evowatt.ch\/de\/wp-json\/wp\/v2\/product"}],"about":[{"href":"https:\/\/evowatt.ch\/de\/wp-json\/wp\/v2\/types\/product"}],"version-history":[{"count":0,"href":"https:\/\/evowatt.ch\/de\/wp-json\/wp\/v2\/product\/49543\/revisions"}],"wp:featuredmedia":[{"embeddable":true,"href":"https:\/\/evowatt.ch\/de\/wp-json\/wp\/v2\/media\/49545"}],"wp:attachment":[{"href":"https:\/\/evowatt.ch\/de\/wp-json\/wp\/v2\/media?parent=49543"}],"wp:term":[{"taxonomy":"product_brand","embeddable":true,"href":"https:\/\/evowatt.ch\/de\/wp-json\/wp\/v2\/product_brand?post=49543"},{"taxonomy":"product_cat","embeddable":true,"href":"https:\/\/evowatt.ch\/de\/wp-json\/wp\/v2\/product_cat?post=49543"},{"taxonomy":"product_tag","embeddable":true,"href":"https:\/\/evowatt.ch\/de\/wp-json\/wp\/v2\/product_tag?post=49543"}],"curies":[{"name":"wp","href":"https:\/\/api.w.org\/{rel}","templated":true}]}}